{"id":17,"date":"2025-10-30T12:12:00","date_gmt":"2025-10-30T11:12:00","guid":{"rendered":"http:\/\/85.215.153.166\/vezere\/?page_id=17"},"modified":"2026-04-16T14:01:23","modified_gmt":"2026-04-16T12:01:23","slug":"loisirs-detente","status":"publish","type":"page","link":"https:\/\/moulindechatressac.com\/de\/services\/loisirs-detente\/","title":{"rendered":"Loisirs &#038; D\u00e9tente"},"content":{"rendered":"\n<div class=\"wp-block-group is-layout-constrained wp-container-core-group-is-layout-f5a82dac wp-block-group-is-layout-constrained\" style=\"margin-top:0;margin-bottom:0;padding-top:0;padding-right:0;padding-bottom:0;padding-left:0\">\n<div class=\"wp-block-columns is-layout-flex wp-container-core-columns-is-layout-469e8e9f wp-block-columns-is-layout-flex\" style=\"margin-top:0;margin-bottom:0;padding-top:0;padding-right:0;padding-bottom:0;padding-left:0\">\n<div class=\"wp-block-column is-layout-flow wp-block-column-is-layout-flow\">\n<figure class=\"wp-block-image size-full has-custom-border n-mobile-full-bleed\"><img loading=\"lazy\" decoding=\"async\" width=\"1176\" height=\"882\" src=\"https:\/\/moulindechatressac.com\/wp-content\/uploads\/2025\/12\/piscine-moulin-de-chatressac.webp\" alt=\"\" class=\"wp-image-291\" style=\"border-radius:4px;aspect-ratio:1;object-fit:cover\" srcset=\"https:\/\/moulindechatressac.com\/wp-content\/uploads\/2025\/12\/piscine-moulin-de-chatressac.webp 1176w, https:\/\/moulindechatressac.com\/wp-content\/uploads\/2025\/12\/piscine-moulin-de-chatressac-300x225.webp 300w, https:\/\/moulindechatressac.com\/wp-content\/uploads\/2025\/12\/piscine-moulin-de-chatressac-1024x768.webp 1024w, https:\/\/moulindechatressac.com\/wp-content\/uploads\/2025\/12\/piscine-moulin-de-chatressac-768x576.webp 768w\" sizes=\"auto, (max-width: 1176px) 100vw, 1176px\" \/><\/figure>\n<\/div>\n\n\n\n<div class=\"wp-block-column is-layout-flow wp-block-column-is-layout-flow\">\n<div class=\"wp-block-columns is-layout-flex wp-container-core-columns-is-layout-08c01c1c wp-block-columns-is-layout-flex\">\n<div class=\"wp-block-column is-layout-flow wp-block-column-is-layout-flow\">\n<div class=\"wp-block-group is-vertical is-layout-flex wp-container-core-group-is-layout-355c4241 wp-block-group-is-layout-flex\">\n<figure class=\"wp-block-image size-full has-custom-border n-desktop\"><img loading=\"lazy\" decoding=\"async\" width=\"1176\" height=\"882\" src=\"https:\/\/moulindechatressac.com\/wp-content\/uploads\/2025\/12\/marais-moulin-de-chatressac.webp\" alt=\"\" class=\"wp-image-360\" style=\"border-radius:4px;aspect-ratio:1;object-fit:cover\" srcset=\"https:\/\/moulindechatressac.com\/wp-content\/uploads\/2025\/12\/marais-moulin-de-chatressac.webp 1176w, https:\/\/moulindechatressac.com\/wp-content\/uploads\/2025\/12\/marais-moulin-de-chatressac-300x225.webp 300w, https:\/\/moulindechatressac.com\/wp-content\/uploads\/2025\/12\/marais-moulin-de-chatressac-1024x768.webp 1024w, https:\/\/moulindechatressac.com\/wp-content\/uploads\/2025\/12\/marais-moulin-de-chatressac-768x576.webp 768w\" sizes=\"auto, (max-width: 1176px) 100vw, 1176px\" \/><\/figure>\n\n\n\n<figure class=\"wp-block-image size-full has-custom-border n-desktop\"><img loading=\"lazy\" decoding=\"async\" width=\"1176\" height=\"882\" src=\"https:\/\/moulindechatressac.com\/wp-content\/uploads\/2025\/12\/facade-moulin-de-chatressac.webp\" alt=\"\" class=\"wp-image-355\" style=\"border-radius:4px;aspect-ratio:1;object-fit:cover\" srcset=\"https:\/\/moulindechatressac.com\/wp-content\/uploads\/2025\/12\/facade-moulin-de-chatressac.webp 1176w, https:\/\/moulindechatressac.com\/wp-content\/uploads\/2025\/12\/facade-moulin-de-chatressac-300x225.webp 300w, https:\/\/moulindechatressac.com\/wp-content\/uploads\/2025\/12\/facade-moulin-de-chatressac-1024x768.webp 1024w, https:\/\/moulindechatressac.com\/wp-content\/uploads\/2025\/12\/facade-moulin-de-chatressac-768x576.webp 768w\" sizes=\"auto, (max-width: 1176px) 100vw, 1176px\" \/><\/figure>\n<\/div>\n<\/div>\n\n\n\n<div class=\"wp-block-column is-layout-flow wp-block-column-is-layout-flow\">\n<div class=\"wp-block-group is-vertical is-layout-flex wp-container-core-group-is-layout-355c4241 wp-block-group-is-layout-flex\">\n<figure class=\"wp-block-image size-full has-custom-border n-desktop\"><img loading=\"lazy\" decoding=\"async\" width=\"1176\" height=\"882\" src=\"https:\/\/moulindechatressac.com\/wp-content\/uploads\/2025\/12\/terrasse-gite-aix.webp\" alt=\"\" class=\"wp-image-323\" style=\"border-radius:4px;aspect-ratio:1;object-fit:cover\" srcset=\"https:\/\/moulindechatressac.com\/wp-content\/uploads\/2025\/12\/terrasse-gite-aix.webp 1176w, https:\/\/moulindechatressac.com\/wp-content\/uploads\/2025\/12\/terrasse-gite-aix-300x225.webp 300w, https:\/\/moulindechatressac.com\/wp-content\/uploads\/2025\/12\/terrasse-gite-aix-1024x768.webp 1024w, https:\/\/moulindechatressac.com\/wp-content\/uploads\/2025\/12\/terrasse-gite-aix-768x576.webp 768w\" sizes=\"auto, (max-width: 1176px) 100vw, 1176px\" \/><\/figure>\n\n\n\n<figure class=\"wp-block-image size-full has-custom-border n-desktop\"><img loading=\"lazy\" decoding=\"async\" width=\"1176\" height=\"800\" src=\"https:\/\/moulindechatressac.com\/wp-content\/uploads\/2025\/12\/vue-moulin-de-chatressac.webp\" alt=\"\" class=\"wp-image-292\" style=\"border-radius:4px;aspect-ratio:1;object-fit:cover\" srcset=\"https:\/\/moulindechatressac.com\/wp-content\/uploads\/2025\/12\/vue-moulin-de-chatressac.webp 1176w, https:\/\/moulindechatressac.com\/wp-content\/uploads\/2025\/12\/vue-moulin-de-chatressac-300x204.webp 300w, https:\/\/moulindechatressac.com\/wp-content\/uploads\/2025\/12\/vue-moulin-de-chatressac-1024x697.webp 1024w, https:\/\/moulindechatressac.com\/wp-content\/uploads\/2025\/12\/vue-moulin-de-chatressac-768x522.webp 768w\" sizes=\"auto, (max-width: 1176px) 100vw, 1176px\" \/><\/figure>\n<\/div>\n<\/div>\n<\/div>\n<\/div>\n<\/div>\n\n\n\n<div class=\"wp-block-columns is-layout-flex wp-container-core-columns-is-layout-178d4c1f wp-block-columns-is-layout-flex\" style=\"margin-top:var(--wp--preset--spacing--50);margin-bottom:var(--wp--preset--spacing--50);padding-top:0;padding-right:0;padding-bottom:0;padding-left:0\">\n<div class=\"wp-block-column is-layout-flow wp-container-core-column-is-layout-8a368f38 wp-block-column-is-layout-flow\" style=\"flex-basis:60%\">\n<h1 class=\"wp-block-heading has-n-brown-color has-text-color has-link-color has-n-benne-font-family wp-elements-12d382697d7b7ea3364a1ef5e9c5fd89\" style=\"font-size:clamp(1.25rem, 1.25rem + ((1vw - 0.2rem) * 1.053), 2rem);\"><strong>Des activit\u00e9s pour tous les go\u00fbts<\/strong><\/h1>\n\n\n\n<p class=\"has-n-brown-color has-text-color has-link-color has-n-outfit-font-family has-default-font-size wp-elements-f55cbfcec1318dee031901501cc05368\" style=\"font-style:normal;font-weight:300\">Balades \u00e0 v\u00e9lo \u00b7 Plages \u00e0 proximit\u00e9 \u00b7 Zoo de la Palmyre \u00b7 For\u00eat de la Coubre<\/p>\n\n\n\n<p class=\"has-n-brown-color has-text-color has-link-color has-n-outfit-font-family has-default-font-size wp-elements-00b22ba18c1ffbf1995522db09c20ac2\" style=\"border-top-color:var(--wp--preset--color--n-lightest-brown);border-top-width:1px;margin-top:var(--wp--preset--spacing--50);margin-bottom:0;padding-top:var(--wp--preset--spacing--50);padding-bottom:0;font-style:normal;font-weight:400\">Le Moulin de Chatressac est id\u00e9alement situ\u00e9 pour vous permettre de profiter pleinement des richesses de la Charente-Maritime. Que vous soyez amateur de nature, de sport ou de culture, vous trouverez toujours une activit\u00e9 \u00e0 votre go\u00fbt.<\/p>\n\n\n\n<h2 class=\"wp-block-heading has-n-brown-color has-text-color has-link-color has-n-outfit-font-family has-medium-font-size wp-elements-1997b353abd25a06fb9accfbf56a601b\" style=\"border-top-color:var(--wp--preset--color--n-lightest-brown);border-top-width:1px;margin-top:var(--wp--preset--spacing--50);margin-bottom:var(--wp--preset--spacing--50);padding-top:var(--wp--preset--spacing--50);font-style:normal;font-weight:500\">D\u00e9couvrez nos suggestions d\u2019activit\u00e9s<\/h2>\n\n\n\n<div class=\"wp-block-columns is-layout-flex wp-container-core-columns-is-layout-5c8fb865 wp-block-columns-is-layout-flex\">\n<div class=\"wp-block-column is-layout-flow wp-container-core-column-is-layout-63d9dbad wp-block-column-is-layout-flow\" style=\"padding-top:0;padding-bottom:0\">\n<div class=\"wp-block-group is-nowrap is-layout-flex wp-container-core-group-is-layout-5da3ba9d wp-block-group-is-layout-flex\">\n\u30fb\n\n\n\n<p class=\"has-n-brown-color has-text-color has-link-color has-n-outfit-font-family wp-elements-5e4158a2008e3a7049c77e3920d16852\" style=\"font-style:normal;font-weight:400\">Balades \u00e0 v\u00e9lo ou \u00e0 pied dans les marais et sur les sentiers de la Presqu\u2019\u00cele d\u2019Arvert.<\/p>\n<\/div>\n\n\n\n<div class=\"wp-block-group is-nowrap is-layout-flex wp-container-core-group-is-layout-5da3ba9d wp-block-group-is-layout-flex\">\n\u30fb\n\n\n\n<p class=\"has-n-brown-color has-text-color has-link-color has-n-outfit-font-family wp-elements-b398a9759a0225c445b065e87f2d3d5d\" style=\"font-style:normal;font-weight:400\">Visites culturelles : explorez le zoo de la Palmyre, la for\u00eat de la Coubre ou l\u2019\u00cele d\u2019Ol\u00e9ron.<\/p>\n<\/div>\n\n\n\n<div class=\"wp-block-group is-nowrap is-layout-flex wp-container-core-group-is-layout-5da3ba9d wp-block-group-is-layout-flex\">\n\u30fb\n\n\n\n<p class=\"has-n-brown-color has-text-color has-link-color has-n-outfit-font-family wp-elements-484924821e9e34b869e8adf4936469a9\" style=\"font-style:normal;font-weight:400\">D\u00e9gustation d\u2019hu\u00eetres dans le port ostr\u00e9icole de Chaillevette.<\/p>\n<\/div>\n<\/div>\n\n\n\n<div class=\"wp-block-column is-layout-flow wp-container-core-column-is-layout-63d9dbad wp-block-column-is-layout-flow\" style=\"padding-top:0;padding-bottom:0\">\n<div class=\"wp-block-group is-nowrap is-layout-flex wp-container-core-group-is-layout-5da3ba9d wp-block-group-is-layout-flex\">\n\u30fb\n\n\n\n<p class=\"has-n-brown-color has-text-color has-link-color has-n-outfit-font-family wp-elements-3afaacca355e83591f228c7e1199055e\" style=\"font-style:normal;font-weight:400\">Plages de sable fin \u00e0 la Grande C\u00f4te ou \u00e0 Royan, \u00e0 quelques minutes du moulin.<\/p>\n<\/div>\n\n\n\n<div class=\"wp-block-group is-nowrap is-layout-flex wp-container-core-group-is-layout-5da3ba9d wp-block-group-is-layout-flex\">\n\u30fb\n\n\n\n<p class=\"has-n-brown-color has-text-color has-link-color has-n-outfit-font-family wp-elements-5eb96649dcd24ca3ba12275c4377cbc4\" style=\"font-style:normal;font-weight:400\">Activit\u00e9s nautiques et d\u00e9tente autour de la piscine.<\/p>\n<\/div>\n<\/div>\n<\/div>\n<\/div>\n\n\n\n<div class=\"wp-block-column is-layout-flow wp-block-column-is-layout-flow\" style=\"flex-basis:40%\">\n<div class=\"wp-block-group has-n-lightest-brown-background-color has-background is-vertical is-layout-flex wp-container-core-group-is-layout-d62007ce wp-block-group-is-layout-flex wp-container-1 is-position-sticky\" style=\"border-radius:4px;margin-top:0;margin-bottom:0;padding-top:var(--wp--preset--spacing--60);padding-right:var(--wp--preset--spacing--60);padding-bottom:var(--wp--preset--spacing--60);padding-left:var(--wp--preset--spacing--60);box-shadow:var(--wp--preset--shadow--n-smooth-shadow)\">\n<h2 class=\"wp-block-heading has-n-brown-color has-text-color has-link-color has-n-outfit-font-family has-medium-font-size wp-elements-e441ea0720079dbf73dabdf98ebb7e79\" style=\"font-style:normal;font-weight:500;line-height:1.2\">Envies d\u2019aventure ou de d\u00e9tente ?<\/h2>\n\n\n\n<p class=\"has-n-brown-color has-text-color has-link-color has-n-outfit-font-family has-default-font-size wp-elements-0ff88f3cd41ddb2d26d96b2c961912df\" style=\"font-style:normal;font-weight:400\">R\u00e9servez votre s\u00e9jour au Moulin de Chatressac et partez \u00e0 la d\u00e9couverte d\u2019une r\u00e9gion riche en paysages et en activit\u00e9s.<\/p>\n\n\n\n<div class=\"wp-block-buttons is-content-justification-right is-nowrap is-layout-flex wp-container-core-buttons-is-layout-5c4dd974 wp-block-buttons-is-layout-flex\" style=\"margin-top:var(--wp--preset--spacing--50)\">\n<div class=\"wp-block-button\"><a class=\"wp-block-button__link has-n-white-color has-text-color has-link-color has-n-outfit-font-family wp-element-button\" href=\"https:\/\/reservation.secureholiday.net\/fr\/2606\/\" style=\"border-radius:4px;font-style:normal;font-weight:400;letter-spacing:1px;text-transform:uppercase\"><strong>Je r\u00e9serve mon s\u00e9jour<\/strong><\/a><\/div>\n<\/div>\n<\/div>\n<\/div>\n<\/div>\n<\/div>\n","protected":false},"excerpt":{"rendered":"<p>Des activit\u00e9s pour tous les go\u00fbts Balades \u00e0 v\u00e9lo \u00b7 Plages \u00e0 proximit\u00e9 \u00b7 Zoo de la Palmyre \u00b7 For\u00eat de la Coubre Le Moulin de Chatressac est id\u00e9alement situ\u00e9 pour vous permettre de profiter pleinement des richesses de la Charente-Maritime. Que vous soyez amateur de nature, de sport ou de culture, vous trouverez toujours [&hellip;]<\/p>\n","protected":false},"author":1,"featured_media":0,"parent":53,"menu_order":0,"comment_status":"closed","ping_status":"closed","template":"","meta":{"footnotes":""},"class_list":["post-17","page","type-page","status-publish","hentry"],"yoast_head":"<!-- This site is optimized with the Yoast SEO plugin v27.4 - https:\/\/yoast.com\/product\/yoast-seo-wordpress\/ -->\n<title>Loisirs &amp; D\u00e9tente<\/title>\n<meta name=\"robots\" content=\"index, follow, max-snippet:-1, max-image-preview:large, max-video-preview:-1\" \/>\n<link rel=\"canonical\" href=\"https:\/\/moulindechatressac.com\/de\/services\/loisirs-detente\/\" \/>\n<meta property=\"og:locale\" content=\"de_DE\" \/>\n<meta property=\"og:locale:alternate\" content=\"en_UK\" \/>\n<meta property=\"og:locale:alternate\" content=\"fr_FR\" \/>\n<meta property=\"og:locale:alternate\" content=\"es_ES\" \/>\n<meta property=\"og:type\" content=\"article\" \/>\n<meta property=\"og:title\" content=\"Loisirs &amp; D\u00e9tente\" \/>\n<meta property=\"og:description\" content=\"Des activit\u00e9s pour tous les go\u00fbts Balades \u00e0 v\u00e9lo \u00b7 Plages \u00e0 proximit\u00e9 \u00b7 Zoo de la Palmyre \u00b7 For\u00eat de la Coubre Le Moulin de Chatressac est id\u00e9alement situ\u00e9 pour vous permettre de profiter pleinement des richesses de la Charente-Maritime. Que vous soyez amateur de nature, de sport ou de culture, vous trouverez toujours [&hellip;]\" \/>\n<meta property=\"og:url\" content=\"https:\/\/moulindechatressac.com\/de\/services\/loisirs-detente\/\" \/>\n<meta property=\"og:site_name\" content=\"Le Moulin de Chatressac\" \/>\n<meta property=\"article:modified_time\" content=\"2026-04-16T12:01:23+00:00\" \/>\n<meta property=\"og:image\" content=\"https:\/\/moulindechatressac.com\/wp-content\/uploads\/2025\/12\/piscine-moulin-de-chatressac.webp\" \/>\n\t<meta property=\"og:image:width\" content=\"1176\" \/>\n\t<meta property=\"og:image:height\" content=\"882\" \/>\n\t<meta property=\"og:image:type\" content=\"image\/webp\" \/>\n<meta name=\"twitter:card\" content=\"summary_large_image\" \/>\n<meta name=\"twitter:label1\" content=\"Gesch\u00e4tzte Lesezeit\" \/>\n\t<meta name=\"twitter:data1\" content=\"2\u00a0Minuten\" \/>\n<script type=\"application\/ld+json\" class=\"yoast-schema-graph\">{\"@context\":\"https:\\\/\\\/schema.org\",\"@graph\":[{\"@type\":\"WebPage\",\"@id\":\"https:\\\/\\\/moulindechatressac.com\\\/services\\\/loisirs-detente\\\/\",\"url\":\"https:\\\/\\\/moulindechatressac.com\\\/services\\\/loisirs-detente\\\/\",\"name\":\"Loisirs & D\u00e9tente\",\"isPartOf\":{\"@id\":\"https:\\\/\\\/moulindechatressac.com\\\/#website\"},\"primaryImageOfPage\":{\"@id\":\"https:\\\/\\\/moulindechatressac.com\\\/services\\\/loisirs-detente\\\/#primaryimage\"},\"image\":{\"@id\":\"https:\\\/\\\/moulindechatressac.com\\\/services\\\/loisirs-detente\\\/#primaryimage\"},\"thumbnailUrl\":\"https:\\\/\\\/moulindechatressac.com\\\/wp-content\\\/uploads\\\/2025\\\/12\\\/piscine-moulin-de-chatressac.webp\",\"datePublished\":\"2025-10-30T11:12:00+00:00\",\"dateModified\":\"2026-04-16T12:01:23+00:00\",\"breadcrumb\":{\"@id\":\"https:\\\/\\\/moulindechatressac.com\\\/services\\\/loisirs-detente\\\/#breadcrumb\"},\"inLanguage\":\"de-DE\",\"potentialAction\":[{\"@type\":\"ReadAction\",\"target\":[\"https:\\\/\\\/moulindechatressac.com\\\/services\\\/loisirs-detente\\\/\"]}]},{\"@type\":\"ImageObject\",\"inLanguage\":\"de-DE\",\"@id\":\"https:\\\/\\\/moulindechatressac.com\\\/services\\\/loisirs-detente\\\/#primaryimage\",\"url\":\"https:\\\/\\\/moulindechatressac.com\\\/wp-content\\\/uploads\\\/2025\\\/12\\\/piscine-moulin-de-chatressac.webp\",\"contentUrl\":\"https:\\\/\\\/moulindechatressac.com\\\/wp-content\\\/uploads\\\/2025\\\/12\\\/piscine-moulin-de-chatressac.webp\"},{\"@type\":\"BreadcrumbList\",\"@id\":\"https:\\\/\\\/moulindechatressac.com\\\/services\\\/loisirs-detente\\\/#breadcrumb\",\"itemListElement\":[{\"@type\":\"ListItem\",\"position\":1,\"name\":\"Accueil\",\"item\":\"https:\\\/\\\/moulindechatressac.com\\\/\"},{\"@type\":\"ListItem\",\"position\":2,\"name\":\"Services\",\"item\":\"https:\\\/\\\/moulindechatressac.com\\\/services\\\/\"},{\"@type\":\"ListItem\",\"position\":3,\"name\":\"Loisirs &#038; D\u00e9tente\"}]},{\"@type\":\"WebSite\",\"@id\":\"https:\\\/\\\/moulindechatressac.com\\\/#website\",\"url\":\"https:\\\/\\\/moulindechatressac.com\\\/\",\"name\":\"Le Moulin de Chatressac\",\"description\":\"Charmante Ferienh\u00e4user in einer historischen M\u00fchle in der Charente-Maritime\",\"publisher\":{\"@id\":\"https:\\\/\\\/moulindechatressac.com\\\/#organization\"},\"potentialAction\":[{\"@type\":\"SearchAction\",\"target\":{\"@type\":\"EntryPoint\",\"urlTemplate\":\"https:\\\/\\\/moulindechatressac.com\\\/?s={search_term_string}\"},\"query-input\":{\"@type\":\"PropertyValueSpecification\",\"valueRequired\":true,\"valueName\":\"search_term_string\"}}],\"inLanguage\":\"de-DE\"},{\"@type\":\"Organization\",\"@id\":\"https:\\\/\\\/moulindechatressac.com\\\/#organization\",\"name\":\"Le Moulin de Chatressac\",\"url\":\"https:\\\/\\\/moulindechatressac.com\\\/\",\"logo\":{\"@type\":\"ImageObject\",\"inLanguage\":\"de-DE\",\"@id\":\"https:\\\/\\\/moulindechatressac.com\\\/#\\\/schema\\\/logo\\\/image\\\/\",\"url\":\"https:\\\/\\\/moulindechatressac.com\\\/wp-content\\\/uploads\\\/2026\\\/02\\\/logo-moulin-chatressac.png\",\"contentUrl\":\"https:\\\/\\\/moulindechatressac.com\\\/wp-content\\\/uploads\\\/2026\\\/02\\\/logo-moulin-chatressac.png\",\"width\":546,\"height\":125,\"caption\":\"Le Moulin de Chatressac\"},\"image\":{\"@id\":\"https:\\\/\\\/moulindechatressac.com\\\/#\\\/schema\\\/logo\\\/image\\\/\"}}]}<\/script>\n<!-- \/ Yoast SEO plugin. -->","yoast_head_json":{"title":"Loisirs & D\u00e9tente","robots":{"index":"index","follow":"follow","max-snippet":"max-snippet:-1","max-image-preview":"max-image-preview:large","max-video-preview":"max-video-preview:-1"},"canonical":"https:\/\/moulindechatressac.com\/de\/services\/loisirs-detente\/","og_locale":"de_DE","og_type":"article","og_title":"[:en]Leisure & Relaxation[:fr]Loisirs & D\u00e9tente[:es]Ocio &amp; Relax[:] - Le Moulin de Chatressac","og_description":"Des activit\u00e9s pour tous les go\u00fbts Balades \u00e0 v\u00e9lo \u00b7 Plages \u00e0 proximit\u00e9 \u00b7 Zoo de la Palmyre \u00b7 For\u00eat de la Coubre Le Moulin de Chatressac est id\u00e9alement situ\u00e9 pour vous permettre de profiter pleinement des richesses de la Charente-Maritime. Que vous soyez amateur de nature, de sport ou de culture, vous trouverez toujours [&hellip;]","og_url":"https:\/\/moulindechatressac.com\/de\/services\/loisirs-detente\/","og_site_name":"Le Moulin de Chatressac","article_modified_time":"2026-04-16T12:01:23+00:00","og_image":[{"width":1176,"height":882,"url":"https:\/\/moulindechatressac.com\/wp-content\/uploads\/2025\/12\/piscine-moulin-de-chatressac.webp","type":"image\/webp"}],"twitter_card":"summary_large_image","twitter_misc":{"Gesch\u00e4tzte Lesezeit":"2\u00a0Minuten"},"schema":{"@context":"https:\/\/schema.org","@graph":[{"@type":"WebPage","@id":"https:\/\/moulindechatressac.com\/services\/loisirs-detente\/","url":"https:\/\/moulindechatressac.com\/services\/loisirs-detente\/","name":"Loisirs & D\u00e9tente","isPartOf":{"@id":"https:\/\/moulindechatressac.com\/#website"},"primaryImageOfPage":{"@id":"https:\/\/moulindechatressac.com\/services\/loisirs-detente\/#primaryimage"},"image":{"@id":"https:\/\/moulindechatressac.com\/services\/loisirs-detente\/#primaryimage"},"thumbnailUrl":"https:\/\/moulindechatressac.com\/wp-content\/uploads\/2025\/12\/piscine-moulin-de-chatressac.webp","datePublished":"2025-10-30T11:12:00+00:00","dateModified":"2026-04-16T12:01:23+00:00","breadcrumb":{"@id":"https:\/\/moulindechatressac.com\/services\/loisirs-detente\/#breadcrumb"},"inLanguage":"de-DE","potentialAction":[{"@type":"ReadAction","target":["https:\/\/moulindechatressac.com\/services\/loisirs-detente\/"]}]},{"@type":"ImageObject","inLanguage":"de-DE","@id":"https:\/\/moulindechatressac.com\/services\/loisirs-detente\/#primaryimage","url":"https:\/\/moulindechatressac.com\/wp-content\/uploads\/2025\/12\/piscine-moulin-de-chatressac.webp","contentUrl":"https:\/\/moulindechatressac.com\/wp-content\/uploads\/2025\/12\/piscine-moulin-de-chatressac.webp"},{"@type":"BreadcrumbList","@id":"https:\/\/moulindechatressac.com\/services\/loisirs-detente\/#breadcrumb","itemListElement":[{"@type":"ListItem","position":1,"name":"Accueil","item":"https:\/\/moulindechatressac.com\/"},{"@type":"ListItem","position":2,"name":"Services","item":"https:\/\/moulindechatressac.com\/services\/"},{"@type":"ListItem","position":3,"name":"Loisirs &#038; D\u00e9tente"}]},{"@type":"WebSite","@id":"https:\/\/moulindechatressac.com\/#website","url":"https:\/\/moulindechatressac.com\/","name":"Le Moulin de Chatressac","description":"Charmante Ferienh\u00e4user in einer historischen M\u00fchle in der Charente-Maritime","publisher":{"@id":"https:\/\/moulindechatressac.com\/#organization"},"potentialAction":[{"@type":"SearchAction","target":{"@type":"EntryPoint","urlTemplate":"https:\/\/moulindechatressac.com\/?s={search_term_string}"},"query-input":{"@type":"PropertyValueSpecification","valueRequired":true,"valueName":"search_term_string"}}],"inLanguage":"de-DE"},{"@type":"Organization","@id":"https:\/\/moulindechatressac.com\/#organization","name":"Le Moulin de Chatressac","url":"https:\/\/moulindechatressac.com\/","logo":{"@type":"ImageObject","inLanguage":"de-DE","@id":"https:\/\/moulindechatressac.com\/#\/schema\/logo\/image\/","url":"https:\/\/moulindechatressac.com\/wp-content\/uploads\/2026\/02\/logo-moulin-chatressac.png","contentUrl":"https:\/\/moulindechatressac.com\/wp-content\/uploads\/2026\/02\/logo-moulin-chatressac.png","width":546,"height":125,"caption":"Le Moulin de Chatressac"},"image":{"@id":"https:\/\/moulindechatressac.com\/#\/schema\/logo\/image\/"}}]}},"_links":{"self":[{"href":"https:\/\/moulindechatressac.com\/de\/wp-json\/wp\/v2\/pages\/17","targetHints":{"allow":["GET"]}}],"collection":[{"href":"https:\/\/moulindechatressac.com\/de\/wp-json\/wp\/v2\/pages"}],"about":[{"href":"https:\/\/moulindechatressac.com\/de\/wp-json\/wp\/v2\/types\/page"}],"author":[{"embeddable":true,"href":"https:\/\/moulindechatressac.com\/de\/wp-json\/wp\/v2\/users\/1"}],"replies":[{"embeddable":true,"href":"https:\/\/moulindechatressac.com\/de\/wp-json\/wp\/v2\/comments?post=17"}],"version-history":[{"count":17,"href":"https:\/\/moulindechatressac.com\/de\/wp-json\/wp\/v2\/pages\/17\/revisions"}],"predecessor-version":[{"id":904,"href":"https:\/\/moulindechatressac.com\/de\/wp-json\/wp\/v2\/pages\/17\/revisions\/904"}],"up":[{"embeddable":true,"href":"https:\/\/moulindechatressac.com\/de\/wp-json\/wp\/v2\/pages\/53"}],"wp:attachment":[{"href":"https:\/\/moulindechatressac.com\/de\/wp-json\/wp\/v2\/media?parent=17"}],"curies":[{"name":"wp","href":"https:\/\/api.w.org\/{rel}","templated":true}]}}