{"id":19,"date":"2025-10-30T12:12:05","date_gmt":"2025-10-30T11:12:05","guid":{"rendered":"http:\/\/85.215.153.166\/vezere\/?page_id=19"},"modified":"2026-03-12T10:50:47","modified_gmt":"2026-03-12T09:50:47","slug":"tourisme","status":"publish","type":"page","link":"https:\/\/moulindechatressac.com\/de\/tourisme\/","title":{"rendered":"Tourisme"},"content":{"rendered":"\n<div class=\"wp-block-group is-content-justification-left is-layout-constrained wp-container-core-group-is-layout-b9ebda6c wp-block-group-is-layout-constrained\" style=\"margin-bottom:var(--wp--preset--spacing--50)\">\n<h2 class=\"wp-block-heading has-n-brown-color has-text-color has-link-color has-n-benne-font-family has-large-font-size wp-elements-4def1b96e4170b2faeb507e86caaf0bb\">Que faire durant votre s\u00e9jour au Moulin ?<\/h2>\n\n\n\n<p class=\"n-max-text has-n-brown-color has-text-color has-link-color has-n-outfit-font-family wp-elements-0fca639d7a46a1b36c88ccf4fed5900f\" style=\"font-size:14px\">Pr\u00eat \u00e0 d\u00e9couvrir les\u00a0<strong>tr\u00e9sors cach\u00e9s<\/strong>\u00a0de la Charente-Maritime ? Nous avons s\u00e9lectionn\u00e9 pour vous les\u00a0<strong>meilleures activit\u00e9s et sites incontournables<\/strong>\u00a0autour du\u00a0<strong>Moulin de Chatressac<\/strong>. Entre\u00a0<strong>balades nature<\/strong>,\u00a0<strong>plages de sable fin<\/strong>,\u00a0<strong>patrimoine historique<\/strong>\u00a0et\u00a0<strong>d\u00e9gustations locales<\/strong>.<\/p>\n<\/div>\n","protected":false},"excerpt":{"rendered":"<p>Que faire durant votre s\u00e9jour au Moulin ? Pr\u00eat \u00e0 d\u00e9couvrir les\u00a0tr\u00e9sors cach\u00e9s\u00a0de la Charente-Maritime ? Nous avons s\u00e9lectionn\u00e9 pour vous les\u00a0meilleures activit\u00e9s et sites incontournables\u00a0autour du\u00a0Moulin de Chatressac. Entre\u00a0balades nature,\u00a0plages de sable fin,\u00a0patrimoine historique\u00a0et\u00a0d\u00e9gustations locales.<\/p>\n","protected":false},"author":1,"featured_media":0,"parent":0,"menu_order":0,"comment_status":"closed","ping_status":"closed","template":"blog","meta":{"footnotes":""},"class_list":["post-19","page","type-page","status-publish","hentry"],"yoast_head":"<!-- This site is optimized with the Yoast SEO plugin v27.4 - https:\/\/yoast.com\/product\/yoast-seo-wordpress\/ -->\n<title>Tourisme<\/title>\n<meta name=\"robots\" content=\"index, follow, max-snippet:-1, max-image-preview:large, max-video-preview:-1\" \/>\n<link rel=\"canonical\" href=\"https:\/\/moulindechatressac.com\/de\/tourisme\/\" \/>\n<meta property=\"og:locale\" content=\"de_DE\" \/>\n<meta property=\"og:locale:alternate\" content=\"en_UK\" \/>\n<meta property=\"og:locale:alternate\" content=\"fr_FR\" \/>\n<meta property=\"og:locale:alternate\" content=\"es_ES\" \/>\n<meta property=\"og:type\" content=\"article\" \/>\n<meta property=\"og:title\" content=\"Tourisme\" \/>\n<meta property=\"og:description\" content=\"Que faire durant votre s\u00e9jour au Moulin ? Pr\u00eat \u00e0 d\u00e9couvrir les\u00a0tr\u00e9sors cach\u00e9s\u00a0de la Charente-Maritime ? Nous avons s\u00e9lectionn\u00e9 pour vous les\u00a0meilleures activit\u00e9s et sites incontournables\u00a0autour du\u00a0Moulin de Chatressac. Entre\u00a0balades nature,\u00a0plages de sable fin,\u00a0patrimoine historique\u00a0et\u00a0d\u00e9gustations locales.\" \/>\n<meta property=\"og:url\" content=\"https:\/\/moulindechatressac.com\/de\/tourisme\/\" \/>\n<meta property=\"og:site_name\" content=\"Le Moulin de Chatressac\" \/>\n<meta property=\"article:modified_time\" content=\"2026-03-12T09:50:47+00:00\" \/>\n<meta name=\"twitter:card\" content=\"summary_large_image\" \/>\n<meta name=\"twitter:label1\" content=\"Gesch\u00e4tzte Lesezeit\" \/>\n\t<meta name=\"twitter:data1\" content=\"1\u00a0Minute\" \/>\n<script type=\"application\/ld+json\" class=\"yoast-schema-graph\">{\"@context\":\"https:\\\/\\\/schema.org\",\"@graph\":[{\"@type\":\"WebPage\",\"@id\":\"https:\\\/\\\/moulindechatressac.com\\\/tourisme\\\/\",\"url\":\"https:\\\/\\\/moulindechatressac.com\\\/tourisme\\\/\",\"name\":\"Tourisme\",\"isPartOf\":{\"@id\":\"https:\\\/\\\/moulindechatressac.com\\\/#website\"},\"datePublished\":\"2025-10-30T11:12:05+00:00\",\"dateModified\":\"2026-03-12T09:50:47+00:00\",\"breadcrumb\":{\"@id\":\"https:\\\/\\\/moulindechatressac.com\\\/tourisme\\\/#breadcrumb\"},\"inLanguage\":\"de-DE\",\"potentialAction\":[{\"@type\":\"ReadAction\",\"target\":[\"https:\\\/\\\/moulindechatressac.com\\\/tourisme\\\/\"]}]},{\"@type\":\"BreadcrumbList\",\"@id\":\"https:\\\/\\\/moulindechatressac.com\\\/tourisme\\\/#breadcrumb\",\"itemListElement\":[{\"@type\":\"ListItem\",\"position\":1,\"name\":\"Accueil\",\"item\":\"https:\\\/\\\/moulindechatressac.com\\\/\"},{\"@type\":\"ListItem\",\"position\":2,\"name\":\"Tourisme\"}]},{\"@type\":\"WebSite\",\"@id\":\"https:\\\/\\\/moulindechatressac.com\\\/#website\",\"url\":\"https:\\\/\\\/moulindechatressac.com\\\/\",\"name\":\"Le Moulin de Chatressac\",\"description\":\"Charmante Ferienh\u00e4user in einer historischen M\u00fchle in der Charente-Maritime\",\"publisher\":{\"@id\":\"https:\\\/\\\/moulindechatressac.com\\\/#organization\"},\"potentialAction\":[{\"@type\":\"SearchAction\",\"target\":{\"@type\":\"EntryPoint\",\"urlTemplate\":\"https:\\\/\\\/moulindechatressac.com\\\/?s={search_term_string}\"},\"query-input\":{\"@type\":\"PropertyValueSpecification\",\"valueRequired\":true,\"valueName\":\"search_term_string\"}}],\"inLanguage\":\"de-DE\"},{\"@type\":\"Organization\",\"@id\":\"https:\\\/\\\/moulindechatressac.com\\\/#organization\",\"name\":\"Le Moulin de Chatressac\",\"url\":\"https:\\\/\\\/moulindechatressac.com\\\/\",\"logo\":{\"@type\":\"ImageObject\",\"inLanguage\":\"de-DE\",\"@id\":\"https:\\\/\\\/moulindechatressac.com\\\/#\\\/schema\\\/logo\\\/image\\\/\",\"url\":\"https:\\\/\\\/moulindechatressac.com\\\/wp-content\\\/uploads\\\/2026\\\/02\\\/logo-moulin-chatressac.png\",\"contentUrl\":\"https:\\\/\\\/moulindechatressac.com\\\/wp-content\\\/uploads\\\/2026\\\/02\\\/logo-moulin-chatressac.png\",\"width\":546,\"height\":125,\"caption\":\"Le Moulin de Chatressac\"},\"image\":{\"@id\":\"https:\\\/\\\/moulindechatressac.com\\\/#\\\/schema\\\/logo\\\/image\\\/\"}}]}<\/script>\n<!-- \/ Yoast SEO plugin. -->","yoast_head_json":{"title":"Tourisme","robots":{"index":"index","follow":"follow","max-snippet":"max-snippet:-1","max-image-preview":"max-image-preview:large","max-video-preview":"max-video-preview:-1"},"canonical":"https:\/\/moulindechatressac.com\/de\/tourisme\/","og_locale":"de_DE","og_type":"article","og_title":"[:en]Tourism[:fr]Tourisme[:es]Turismo[:] - Le Moulin de Chatressac","og_description":"Que faire durant votre s\u00e9jour au Moulin ? Pr\u00eat \u00e0 d\u00e9couvrir les\u00a0tr\u00e9sors cach\u00e9s\u00a0de la Charente-Maritime ? Nous avons s\u00e9lectionn\u00e9 pour vous les\u00a0meilleures activit\u00e9s et sites incontournables\u00a0autour du\u00a0Moulin de Chatressac. Entre\u00a0balades nature,\u00a0plages de sable fin,\u00a0patrimoine historique\u00a0et\u00a0d\u00e9gustations locales.","og_url":"https:\/\/moulindechatressac.com\/de\/tourisme\/","og_site_name":"Le Moulin de Chatressac","article_modified_time":"2026-03-12T09:50:47+00:00","twitter_card":"summary_large_image","twitter_misc":{"Gesch\u00e4tzte Lesezeit":"1\u00a0Minute"},"schema":{"@context":"https:\/\/schema.org","@graph":[{"@type":"WebPage","@id":"https:\/\/moulindechatressac.com\/tourisme\/","url":"https:\/\/moulindechatressac.com\/tourisme\/","name":"Tourisme","isPartOf":{"@id":"https:\/\/moulindechatressac.com\/#website"},"datePublished":"2025-10-30T11:12:05+00:00","dateModified":"2026-03-12T09:50:47+00:00","breadcrumb":{"@id":"https:\/\/moulindechatressac.com\/tourisme\/#breadcrumb"},"inLanguage":"de-DE","potentialAction":[{"@type":"ReadAction","target":["https:\/\/moulindechatressac.com\/tourisme\/"]}]},{"@type":"BreadcrumbList","@id":"https:\/\/moulindechatressac.com\/tourisme\/#breadcrumb","itemListElement":[{"@type":"ListItem","position":1,"name":"Accueil","item":"https:\/\/moulindechatressac.com\/"},{"@type":"ListItem","position":2,"name":"Tourisme"}]},{"@type":"WebSite","@id":"https:\/\/moulindechatressac.com\/#website","url":"https:\/\/moulindechatressac.com\/","name":"Le Moulin de Chatressac","description":"Charmante Ferienh\u00e4user in einer historischen M\u00fchle in der Charente-Maritime","publisher":{"@id":"https:\/\/moulindechatressac.com\/#organization"},"potentialAction":[{"@type":"SearchAction","target":{"@type":"EntryPoint","urlTemplate":"https:\/\/moulindechatressac.com\/?s={search_term_string}"},"query-input":{"@type":"PropertyValueSpecification","valueRequired":true,"valueName":"search_term_string"}}],"inLanguage":"de-DE"},{"@type":"Organization","@id":"https:\/\/moulindechatressac.com\/#organization","name":"Le Moulin de Chatressac","url":"https:\/\/moulindechatressac.com\/","logo":{"@type":"ImageObject","inLanguage":"de-DE","@id":"https:\/\/moulindechatressac.com\/#\/schema\/logo\/image\/","url":"https:\/\/moulindechatressac.com\/wp-content\/uploads\/2026\/02\/logo-moulin-chatressac.png","contentUrl":"https:\/\/moulindechatressac.com\/wp-content\/uploads\/2026\/02\/logo-moulin-chatressac.png","width":546,"height":125,"caption":"Le Moulin de Chatressac"},"image":{"@id":"https:\/\/moulindechatressac.com\/#\/schema\/logo\/image\/"}}]}},"_links":{"self":[{"href":"https:\/\/moulindechatressac.com\/de\/wp-json\/wp\/v2\/pages\/19","targetHints":{"allow":["GET"]}}],"collection":[{"href":"https:\/\/moulindechatressac.com\/de\/wp-json\/wp\/v2\/pages"}],"about":[{"href":"https:\/\/moulindechatressac.com\/de\/wp-json\/wp\/v2\/types\/page"}],"author":[{"embeddable":true,"href":"https:\/\/moulindechatressac.com\/de\/wp-json\/wp\/v2\/users\/1"}],"replies":[{"embeddable":true,"href":"https:\/\/moulindechatressac.com\/de\/wp-json\/wp\/v2\/comments?post=19"}],"version-history":[{"count":9,"href":"https:\/\/moulindechatressac.com\/de\/wp-json\/wp\/v2\/pages\/19\/revisions"}],"predecessor-version":[{"id":846,"href":"https:\/\/moulindechatressac.com\/de\/wp-json\/wp\/v2\/pages\/19\/revisions\/846"}],"wp:attachment":[{"href":"https:\/\/moulindechatressac.com\/de\/wp-json\/wp\/v2\/media?parent=19"}],"curies":[{"name":"wp","href":"https:\/\/api.w.org\/{rel}","templated":true}]}}