{"id":20,"date":"2025-10-30T12:12:13","date_gmt":"2025-10-30T11:12:13","guid":{"rendered":"http:\/\/85.215.153.166\/vezere\/?page_id=20"},"modified":"2026-03-16T14:43:09","modified_gmt":"2026-03-16T13:43:09","slug":"contact","status":"publish","type":"page","link":"https:\/\/moulindechatressac.com\/de\/contact\/","title":{"rendered":"Contact"},"content":{"rendered":"\n<div class=\"wp-block-group has-n-lightest-brown-background-color has-background is-layout-constrained wp-container-core-group-is-layout-7e85bf27 wp-block-group-is-layout-constrained\" style=\"border-radius:4px;margin-top:0;margin-bottom:var(--wp--preset--spacing--80);padding-top:var(--wp--preset--spacing--80);padding-right:var(--wp--preset--spacing--50);padding-bottom:var(--wp--preset--spacing--80);padding-left:var(--wp--preset--spacing--50)\">\n<h1 class=\"wp-block-heading has-text-align-center has-n-brown-color has-text-color has-link-color has-n-benne-font-family has-x-large-font-size wp-elements-12c924b25432b7d841344a144a2b8213\">Vous avez une question ?<\/h1>\n\n\n\n<p class=\"has-text-align-center n-max-text has-n-brown-color has-text-color has-link-color has-n-outfit-font-family wp-elements-e8608ca53f4644bd8ea3b4586913acce\">Nous sommes l\u00e0 pour vous aider ! Consultez notre FAQ pour trouver rapidement une r\u00e9ponse, ou contactez-nous directement par t\u00e9l\u00e9phone, e-mail ou formulaire.<\/p>\n\n\n\n<div class=\"wp-block-group is-vertical is-content-justification-stretch is-layout-flex wp-container-core-group-is-layout-ae148e6d wp-block-group-is-layout-flex\" style=\"margin-top:var(--wp--preset--spacing--70)\">\n<details class=\"wp-block-details has-n-brown-color has-text-color has-link-color has-n-outfit-font-family has-medium-font-size wp-elements-19121218bb6d6ad2c86b6b8cea7af116 is-layout-flow wp-container-core-details-is-layout-d3fb2301 wp-block-details-is-layout-flow\" style=\"border-top-color:var(--wp--preset--color--n-lightest-brown);border-top-width:1px;padding-top:var(--wp--preset--spacing--40);padding-bottom:var(--wp--preset--spacing--40);font-style:normal;font-weight:300\"><summary>Quelle est la p\u00e9riode d\u2019ouverture du Moulin de Chatressac ?<\/summary>\n<p class=\"has-n-outfit-font-family has-default-font-size\" style=\"font-style:normal;font-weight:400\">Nos h\u00e9bergements sont ouverts toute l\u2019ann\u00e9e pour vous accueillir en Charente-Maritime, dans un cadre pr\u00e9serv\u00e9 entre nature et histoire.<\/p>\n<\/details>\n\n\n\n<details class=\"wp-block-details has-n-brown-color has-text-color has-link-color has-n-outfit-font-family has-medium-font-size wp-elements-b8ba8f72bc743e698a9dc0ed666647e0 is-layout-flow wp-container-core-details-is-layout-d3fb2301 wp-block-details-is-layout-flow\" style=\"border-top-color:var(--wp--preset--color--n-lightest-brown);border-top-width:1px;padding-top:var(--wp--preset--spacing--40);padding-bottom:var(--wp--preset--spacing--40);font-style:normal;font-weight:300\"><summary>Quand puis-je arriver et partir ?<\/summary>\n<p class=\"has-n-outfit-font-family has-default-font-size\" style=\"font-style:normal;font-weight:400\"><strong>Arriv\u00e9e<\/strong> : \u00c0 partir de 16h00<\/p>\n\n\n\n<p class=\"has-n-outfit-font-family has-default-font-size\" style=\"font-style:normal;font-weight:400\"><strong>D\u00e9part<\/strong> : Avant 11h00 Les arriv\u00e9es et d\u00e9parts sont libres (pas de jour impos\u00e9).<\/p>\n<\/details>\n\n\n\n<details class=\"wp-block-details has-n-brown-color has-text-color has-link-color has-n-outfit-font-family has-medium-font-size wp-elements-65106ed09dc3b61331a2cc622954417b is-layout-flow wp-container-core-details-is-layout-d3fb2301 wp-block-details-is-layout-flow\" style=\"border-top-color:var(--wp--preset--color--n-lightest-brown);border-top-width:1px;padding-top:var(--wp--preset--spacing--40);padding-bottom:var(--wp--preset--spacing--40);font-style:normal;font-weight:300\"><summary>Les h\u00e9bergements sont-ils adapt\u00e9s aux personnes \u00e0 mobilit\u00e9 r\u00e9duite ?<\/summary>\n<p class=\"has-n-outfit-font-family has-default-font-size\" style=\"font-style:normal;font-weight:400\">Nos g\u00eetes sont situ\u00e9s dans un moulin historique avec des escaliers (notamment pour les \u00e9tages). Si vous voyagez avec des personnes \u00e0 mobilit\u00e9 r\u00e9duite, des enfants en bas \u00e2ge ou des seniors, contactez-nous avant de r\u00e9server. Nous \u00e9tudierons ensemble les solutions pour faciliter votre s\u00e9jour.<\/p>\n<\/details>\n\n\n\n<details class=\"wp-block-details has-n-brown-color has-text-color has-link-color has-n-outfit-font-family has-medium-font-size wp-elements-473dcd567b4a3a6e04362f1931ea234a is-layout-flow wp-container-core-details-is-layout-d3fb2301 wp-block-details-is-layout-flow\" style=\"border-top-color:var(--wp--preset--color--n-lightest-brown);border-top-width:1px;padding-top:var(--wp--preset--spacing--40);padding-bottom:var(--wp--preset--spacing--40);font-style:normal;font-weight:300\"><summary>Puis-je modifier ou annuler ma r\u00e9servation ?<\/summary>\n<p class=\"has-n-outfit-font-family has-default-font-size\" style=\"font-style:normal;font-weight:400\"><strong>Modification<\/strong> : Possible en nous contactant directement.<\/p>\n\n\n\n<p class=\"has-n-outfit-font-family has-default-font-size\" style=\"font-style:normal;font-weight:400\"><strong>Annulation<\/strong> : Les conditions d\u00e9pendent de votre r\u00e9servation. Consultez l\u2019e-mail de confirmation que vous avez re\u00e7u ou contactez-nous pour plus de d\u00e9tails. <br>\ud83d\udca1 Nous vous conseillons de souscrire \u00e0 une assurance annulation pour voyager en toute s\u00e9r\u00e9nit\u00e9.<\/p>\n<\/details>\n\n\n\n<div class=\"wp-block-buttons is-content-justification-center is-layout-flex wp-container-core-buttons-is-layout-d234f690 wp-block-buttons-is-layout-flex\" style=\"margin-top:var(--wp--preset--spacing--50);margin-bottom:var(--wp--preset--spacing--50)\">\n<div class=\"wp-block-button is-style-outline is-style-outline--1\"><a class=\"wp-block-button__link has-n-brown-color has-text-color has-link-color has-border-color has-n-brown-border-color has-n-outfit-font-family has-text-align-center has-custom-font-size wp-element-button\" href=\"https:\/\/moulindechatressac.com\/faq\/\" style=\"border-width:1px;border-radius:4px;font-size:14px\">Consulter la FAQ compl\u00e8te<\/a><\/div>\n<\/div>\n<\/div>\n<\/div>\n\n\n\n<div class=\"wp-block-group n-mobile-full-bleed is-layout-constrained wp-container-core-group-is-layout-7b048673 wp-block-group-is-layout-constrained\" style=\"border-radius:0px;margin-top:0;margin-bottom:0;padding-top:0;padding-right:0;padding-bottom:0;padding-left:0\">\n<div class=\"wp-block-columns are-vertically-aligned-top is-layout-flex wp-container-core-columns-is-layout-f0342b05 wp-block-columns-is-layout-flex\" style=\"margin-top:0;margin-bottom:0\">\n<div class=\"wp-block-column is-vertically-aligned-top is-layout-flow wp-block-column-is-layout-flow\" style=\"padding-right:var(--wp--preset--spacing--40);padding-left:var(--wp--preset--spacing--40);flex-basis:50%\">\n<div class=\"wp-block-group is-vertical is-layout-flex wp-container-core-group-is-layout-355c4241 wp-block-group-is-layout-flex\">\n<h2 class=\"wp-block-heading has-n-brown-color has-text-color has-link-color has-n-benne-font-family has-large-font-size wp-elements-97502624a8a3f9fa7d82606f9fa1cd7f\" style=\"line-height:1\">Vous avez toujours une question ?<\/h2>\n\n\n\n<p class=\"n-max-title has-n-brown-color has-text-color has-link-color has-n-outfit-font-family wp-elements-89ea7a16dc4a6221b5e856a5686eef15\">Si vous n&#8217;avez pas trouv\u00e9 la r\u00e9ponse \u00e0 votre question, n&#8217;h\u00e9sitez pas \u00e0 nous contacter via le formulaire, par email ou directement par t\u00e9l\u00e9phone.<\/p>\n\n\n\n<p class=\"n-max-title has-n-brown-color has-text-color has-link-color has-n-outfit-font-family wp-elements-de1365175313e0b756c8b2d02ff0eea2\" style=\"font-size:clamp(14px, 0.875rem + ((1vw - 3.2px) * 0.175), 16px);\"><br>Email : moulindechatressac@gmail.com info@moulindechatressac.com<br>Mobile : +33 (0)6 58 51 65 78<\/p>\n<\/div>\n\n\n\n<div class=\"wp-block-gmap-gmap-block gmap-block-2vtrq6ow\"><iframe src=\"https:\/\/maps.google.com\/maps?q=Moulin+de+Chatressac&#038;z=15&#038;t=roadmap&#038;output=embed\" class=\"embd-map\" title=\"Moulin de Chatressac\"><\/iframe><\/div>\n<\/div>\n\n\n\n<div class=\"wp-block-column is-vertically-aligned-top is-layout-flow wp-block-column-is-layout-flow\" style=\"padding-right:var(--wp--preset--spacing--70);padding-left:var(--wp--preset--spacing--50);flex-basis:50%\">\n<div class=\"wpcf7 no-js\" id=\"wpcf7-f99-o1\" lang=\"fr-FR\" dir=\"ltr\" data-wpcf7-id=\"99\">\n<div class=\"screen-reader-response\"><p role=\"status\" aria-live=\"polite\" aria-atomic=\"true\"><\/p> <ul><\/ul><\/div>\n<form action=\"\/de\/wp-json\/wp\/v2\/pages\/20#wpcf7-f99-o1\" method=\"post\" class=\"wpcf7-form init\" aria-label=\"Formulaire de contact\" novalidate=\"novalidate\" data-status=\"init\">\n<fieldset class=\"hidden-fields-container\"><input type=\"hidden\" name=\"_wpcf7\" value=\"99\" \/><input type=\"hidden\" name=\"_wpcf7_version\" value=\"6.1.5\" \/><input type=\"hidden\" name=\"_wpcf7_locale\" value=\"fr_FR\" \/><input type=\"hidden\" name=\"_wpcf7_unit_tag\" value=\"wpcf7-f99-o1\" \/><input type=\"hidden\" name=\"_wpcf7_container_post\" value=\"0\" \/><input type=\"hidden\" name=\"_wpcf7_posted_data_hash\" value=\"\" \/><input type=\"hidden\" name=\"lang\" value=\"de\" \/>\n<\/fieldset>\n<p><label> Votre nom *<br \/>\n<span class=\"wpcf7-form-control-wrap\" data-name=\"your-name\"><input size=\"40\" maxlength=\"400\" class=\"wpcf7-form-control wpcf7-text wpcf7-validates-as-required\" autocomplete=\"name\" aria-required=\"true\" aria-invalid=\"false\" placeholder=\"John Doe\" value=\"\" type=\"text\" name=\"your-name\" \/><\/span><br \/>\n<\/label>\n<\/p>\n<p><label> Votre e-mail *<br \/>\n<span class=\"wpcf7-form-control-wrap\" data-name=\"your-email\"><input size=\"40\" maxlength=\"400\" class=\"wpcf7-form-control wpcf7-email wpcf7-validates-as-required wpcf7-text wpcf7-validates-as-email\" autocomplete=\"email\" aria-required=\"true\" aria-invalid=\"false\" placeholder=\"exemple@email.com\" value=\"\" type=\"email\" name=\"your-email\" \/><\/span> <\/label>\n<\/p>\n<p><label> Votre num\u00e9ro de t\u00e9l\u00e9phone<br \/>\n<span class=\"wpcf7-form-control-wrap\" data-name=\"tel\"><input size=\"40\" maxlength=\"400\" class=\"wpcf7-form-control wpcf7-tel wpcf7-text wpcf7-validates-as-tel\" aria-invalid=\"false\" placeholder=\"+33 12 34 56 78\" value=\"\" type=\"tel\" name=\"tel\" \/><\/span> <\/label>\n<\/p>\n<p><label> A quel propos nous contactez-vous ? *<br \/>\n<span class=\"wpcf7-form-control-wrap\" data-name=\"your-subject\"><select class=\"wpcf7-form-control wpcf7-select wpcf7-validates-as-required\" aria-required=\"true\" aria-invalid=\"false\" name=\"your-subject\"><option value=\"Renseignements\">Renseignements<\/option><option value=\"Ma r\u00e9servation\">Ma r\u00e9servation<\/option><option value=\"Autre\">Autre<\/option><\/select><\/span> <\/label>\n<\/p>\n<p><label> Votre message *<br \/>\n<span class=\"wpcf7-form-control-wrap\" data-name=\"your-message\"><textarea cols=\"40\" rows=\"10\" maxlength=\"2000\" class=\"wpcf7-form-control wpcf7-textarea wpcf7-validates-as-required\" aria-required=\"true\" aria-invalid=\"false\" name=\"your-message\"><\/textarea><\/span> <\/label>\n<\/p>\n<p><input class=\"wpcf7-form-control wpcf7-submit has-spinner\" type=\"submit\" value=\"Envoyer\" \/>\n<\/p><div class=\"wpcf7-response-output\" aria-hidden=\"true\"><\/div>\n<\/form>\n<\/div>\n\n<\/div>\n<\/div>\n<\/div>\n","protected":false},"excerpt":{"rendered":"<p>Vous avez une question ? Nous sommes l\u00e0 pour vous aider ! Consultez notre FAQ pour trouver rapidement une r\u00e9ponse, ou contactez-nous directement par t\u00e9l\u00e9phone, e-mail ou formulaire. Vous avez toujours une question ? Si vous n&#8217;avez pas trouv\u00e9 la r\u00e9ponse \u00e0 votre question, n&#8217;h\u00e9sitez pas \u00e0 nous contacter via le formulaire, par email ou [&hellip;]<\/p>\n","protected":false},"author":1,"featured_media":0,"parent":0,"menu_order":0,"comment_status":"closed","ping_status":"closed","template":"","meta":{"footnotes":""},"class_list":["post-20","page","type-page","status-publish","hentry"],"yoast_head":"<!-- This site is optimized with the Yoast SEO plugin v27.4 - https:\/\/yoast.com\/product\/yoast-seo-wordpress\/ -->\n<title>Contact<\/title>\n<meta name=\"robots\" content=\"index, follow, max-snippet:-1, max-image-preview:large, max-video-preview:-1\" \/>\n<link rel=\"canonical\" href=\"https:\/\/moulindechatressac.com\/de\/contact\/\" \/>\n<meta property=\"og:locale\" content=\"de_DE\" \/>\n<meta property=\"og:locale:alternate\" content=\"en_UK\" \/>\n<meta property=\"og:locale:alternate\" content=\"fr_FR\" \/>\n<meta property=\"og:locale:alternate\" content=\"es_ES\" \/>\n<meta property=\"og:type\" content=\"article\" \/>\n<meta property=\"og:title\" content=\"Contact\" \/>\n<meta property=\"og:description\" content=\"Vous avez une question ? Nous sommes l\u00e0 pour vous aider ! Consultez notre FAQ pour trouver rapidement une r\u00e9ponse, ou contactez-nous directement par t\u00e9l\u00e9phone, e-mail ou formulaire. Vous avez toujours une question ? Si vous n&#8217;avez pas trouv\u00e9 la r\u00e9ponse \u00e0 votre question, n&#8217;h\u00e9sitez pas \u00e0 nous contacter via le formulaire, par email ou [&hellip;]\" \/>\n<meta property=\"og:url\" content=\"https:\/\/moulindechatressac.com\/de\/contact\/\" \/>\n<meta property=\"og:site_name\" content=\"Le Moulin de Chatressac\" \/>\n<meta property=\"article:modified_time\" content=\"2026-03-16T13:43:09+00:00\" \/>\n<meta name=\"twitter:card\" content=\"summary_large_image\" \/>\n<meta name=\"twitter:label1\" content=\"Gesch\u00e4tzte Lesezeit\" \/>\n\t<meta name=\"twitter:data1\" content=\"2\u00a0Minuten\" \/>\n<script type=\"application\/ld+json\" class=\"yoast-schema-graph\">{\"@context\":\"https:\\\/\\\/schema.org\",\"@graph\":[{\"@type\":\"WebPage\",\"@id\":\"https:\\\/\\\/moulindechatressac.com\\\/contact\\\/\",\"url\":\"https:\\\/\\\/moulindechatressac.com\\\/contact\\\/\",\"name\":\"Contact\",\"isPartOf\":{\"@id\":\"https:\\\/\\\/moulindechatressac.com\\\/#website\"},\"datePublished\":\"2025-10-30T11:12:13+00:00\",\"dateModified\":\"2026-03-16T13:43:09+00:00\",\"breadcrumb\":{\"@id\":\"https:\\\/\\\/moulindechatressac.com\\\/contact\\\/#breadcrumb\"},\"inLanguage\":\"de-DE\",\"potentialAction\":[{\"@type\":\"ReadAction\",\"target\":[\"https:\\\/\\\/moulindechatressac.com\\\/contact\\\/\"]}]},{\"@type\":\"BreadcrumbList\",\"@id\":\"https:\\\/\\\/moulindechatressac.com\\\/contact\\\/#breadcrumb\",\"itemListElement\":[{\"@type\":\"ListItem\",\"position\":1,\"name\":\"Accueil\",\"item\":\"https:\\\/\\\/moulindechatressac.com\\\/\"},{\"@type\":\"ListItem\",\"position\":2,\"name\":\"Contact\"}]},{\"@type\":\"WebSite\",\"@id\":\"https:\\\/\\\/moulindechatressac.com\\\/#website\",\"url\":\"https:\\\/\\\/moulindechatressac.com\\\/\",\"name\":\"Le Moulin de Chatressac\",\"description\":\"Charmante Ferienh\u00e4user in einer historischen M\u00fchle in der Charente-Maritime\",\"publisher\":{\"@id\":\"https:\\\/\\\/moulindechatressac.com\\\/#organization\"},\"potentialAction\":[{\"@type\":\"SearchAction\",\"target\":{\"@type\":\"EntryPoint\",\"urlTemplate\":\"https:\\\/\\\/moulindechatressac.com\\\/?s={search_term_string}\"},\"query-input\":{\"@type\":\"PropertyValueSpecification\",\"valueRequired\":true,\"valueName\":\"search_term_string\"}}],\"inLanguage\":\"de-DE\"},{\"@type\":\"Organization\",\"@id\":\"https:\\\/\\\/moulindechatressac.com\\\/#organization\",\"name\":\"Le Moulin de Chatressac\",\"url\":\"https:\\\/\\\/moulindechatressac.com\\\/\",\"logo\":{\"@type\":\"ImageObject\",\"inLanguage\":\"de-DE\",\"@id\":\"https:\\\/\\\/moulindechatressac.com\\\/#\\\/schema\\\/logo\\\/image\\\/\",\"url\":\"https:\\\/\\\/moulindechatressac.com\\\/wp-content\\\/uploads\\\/2026\\\/02\\\/logo-moulin-chatressac.png\",\"contentUrl\":\"https:\\\/\\\/moulindechatressac.com\\\/wp-content\\\/uploads\\\/2026\\\/02\\\/logo-moulin-chatressac.png\",\"width\":546,\"height\":125,\"caption\":\"Le Moulin de Chatressac\"},\"image\":{\"@id\":\"https:\\\/\\\/moulindechatressac.com\\\/#\\\/schema\\\/logo\\\/image\\\/\"}}]}<\/script>\n<!-- \/ Yoast SEO plugin. -->","yoast_head_json":{"title":"Contact","robots":{"index":"index","follow":"follow","max-snippet":"max-snippet:-1","max-image-preview":"max-image-preview:large","max-video-preview":"max-video-preview:-1"},"canonical":"https:\/\/moulindechatressac.com\/de\/contact\/","og_locale":"de_DE","og_type":"article","og_title":"[:en]Contact[:fr]Contact[:] - Le Moulin de Chatressac","og_description":"Vous avez une question ? Nous sommes l\u00e0 pour vous aider ! Consultez notre FAQ pour trouver rapidement une r\u00e9ponse, ou contactez-nous directement par t\u00e9l\u00e9phone, e-mail ou formulaire. Vous avez toujours une question ? Si vous n&#8217;avez pas trouv\u00e9 la r\u00e9ponse \u00e0 votre question, n&#8217;h\u00e9sitez pas \u00e0 nous contacter via le formulaire, par email ou [&hellip;]","og_url":"https:\/\/moulindechatressac.com\/de\/contact\/","og_site_name":"Le Moulin de Chatressac","article_modified_time":"2026-03-16T13:43:09+00:00","twitter_card":"summary_large_image","twitter_misc":{"Gesch\u00e4tzte Lesezeit":"2\u00a0Minuten"},"schema":{"@context":"https:\/\/schema.org","@graph":[{"@type":"WebPage","@id":"https:\/\/moulindechatressac.com\/contact\/","url":"https:\/\/moulindechatressac.com\/contact\/","name":"Contact","isPartOf":{"@id":"https:\/\/moulindechatressac.com\/#website"},"datePublished":"2025-10-30T11:12:13+00:00","dateModified":"2026-03-16T13:43:09+00:00","breadcrumb":{"@id":"https:\/\/moulindechatressac.com\/contact\/#breadcrumb"},"inLanguage":"de-DE","potentialAction":[{"@type":"ReadAction","target":["https:\/\/moulindechatressac.com\/contact\/"]}]},{"@type":"BreadcrumbList","@id":"https:\/\/moulindechatressac.com\/contact\/#breadcrumb","itemListElement":[{"@type":"ListItem","position":1,"name":"Accueil","item":"https:\/\/moulindechatressac.com\/"},{"@type":"ListItem","position":2,"name":"Contact"}]},{"@type":"WebSite","@id":"https:\/\/moulindechatressac.com\/#website","url":"https:\/\/moulindechatressac.com\/","name":"Le Moulin de Chatressac","description":"Charmante Ferienh\u00e4user in einer historischen M\u00fchle in der Charente-Maritime","publisher":{"@id":"https:\/\/moulindechatressac.com\/#organization"},"potentialAction":[{"@type":"SearchAction","target":{"@type":"EntryPoint","urlTemplate":"https:\/\/moulindechatressac.com\/?s={search_term_string}"},"query-input":{"@type":"PropertyValueSpecification","valueRequired":true,"valueName":"search_term_string"}}],"inLanguage":"de-DE"},{"@type":"Organization","@id":"https:\/\/moulindechatressac.com\/#organization","name":"Le Moulin de Chatressac","url":"https:\/\/moulindechatressac.com\/","logo":{"@type":"ImageObject","inLanguage":"de-DE","@id":"https:\/\/moulindechatressac.com\/#\/schema\/logo\/image\/","url":"https:\/\/moulindechatressac.com\/wp-content\/uploads\/2026\/02\/logo-moulin-chatressac.png","contentUrl":"https:\/\/moulindechatressac.com\/wp-content\/uploads\/2026\/02\/logo-moulin-chatressac.png","width":546,"height":125,"caption":"Le Moulin de Chatressac"},"image":{"@id":"https:\/\/moulindechatressac.com\/#\/schema\/logo\/image\/"}}]}},"_links":{"self":[{"href":"https:\/\/moulindechatressac.com\/de\/wp-json\/wp\/v2\/pages\/20","targetHints":{"allow":["GET"]}}],"collection":[{"href":"https:\/\/moulindechatressac.com\/de\/wp-json\/wp\/v2\/pages"}],"about":[{"href":"https:\/\/moulindechatressac.com\/de\/wp-json\/wp\/v2\/types\/page"}],"author":[{"embeddable":true,"href":"https:\/\/moulindechatressac.com\/de\/wp-json\/wp\/v2\/users\/1"}],"replies":[{"embeddable":true,"href":"https:\/\/moulindechatressac.com\/de\/wp-json\/wp\/v2\/comments?post=20"}],"version-history":[{"count":30,"href":"https:\/\/moulindechatressac.com\/de\/wp-json\/wp\/v2\/pages\/20\/revisions"}],"predecessor-version":[{"id":874,"href":"https:\/\/moulindechatressac.com\/de\/wp-json\/wp\/v2\/pages\/20\/revisions\/874"}],"wp:attachment":[{"href":"https:\/\/moulindechatressac.com\/de\/wp-json\/wp\/v2\/media?parent=20"}],"curies":[{"name":"wp","href":"https:\/\/api.w.org\/{rel}","templated":true}]}}