{"id":301,"date":"2025-12-29T13:15:02","date_gmt":"2025-12-29T12:15:02","guid":{"rendered":"https:\/\/moulindechatressac.com\/?page_id=301"},"modified":"2026-03-09T15:40:46","modified_gmt":"2026-03-09T14:40:46","slug":"hebergements","status":"publish","type":"page","link":"https:\/\/moulindechatressac.com\/de\/hebergements\/","title":{"rendered":"H\u00e9bergements"},"content":{"rendered":"\n<div class=\"wp-block-group n-mobile-full-bleed has-n-lightest-brown-background-color has-background is-layout-constrained wp-container-core-group-is-layout-19ac9bc1 wp-block-group-is-layout-constrained\" style=\"border-radius:4px;margin-top:0;margin-bottom:0;padding-top:var(--wp--preset--spacing--60);padding-right:var(--wp--preset--spacing--60);padding-bottom:var(--wp--preset--spacing--60);padding-left:var(--wp--preset--spacing--60)\">\n<div class=\"wp-block-columns are-vertically-aligned-center n-column-reverse is-layout-flex wp-container-core-columns-is-layout-28f84493 wp-block-columns-is-layout-flex\">\n<div class=\"wp-block-column is-vertically-aligned-center is-layout-flow wp-block-column-is-layout-flow\" style=\"padding-right:var(--wp--preset--spacing--40);padding-left:var(--wp--preset--spacing--40);flex-basis:33.33%\">\n<div class=\"wp-block-group is-vertical is-layout-flex wp-container-core-group-is-layout-355c4241 wp-block-group-is-layout-flex\">\n<h1 class=\"wp-block-heading has-n-light-brown-color has-text-color has-link-color has-n-outfit-font-family has-small-font-size wp-elements-1377588c01bd1499fe982551070236d3\" style=\"font-style:normal;font-weight:300;letter-spacing:1.5px;text-transform:uppercase\">Nos H\u00e9b\u00e8rgements<\/h1>\n\n\n\n<h2 class=\"wp-block-heading has-n-brown-color has-text-color has-link-color has-n-benne-font-family has-gigantic-font-size wp-elements-291e1a94dedabf094160479f554764e2\" style=\"line-height:1\">Des g\u00eetes au coeur de la nature<\/h2>\n\n\n\n<p class=\"has-n-brown-color has-text-color has-link-color has-n-outfit-font-family wp-elements-40b1a97e8715b76766e88e7d70d133c0\" style=\"font-size:14px\">D\u00e9couvrez nos quatre g\u00eetes de charme, am\u00e9nag\u00e9s avec soin pour vous offrir confort, intimit\u00e9 et une vue imprenable sur les marais et le port de Chatressac. Chaque h\u00e9bergement est con\u00e7u pour r\u00e9pondre \u00e0 vos attentes, que vous soyez en famille, en couple ou entre amis.<\/p>\n\n\n\n<div class=\"wp-block-buttons is-layout-flex wp-block-buttons-is-layout-flex\" style=\"margin-top:var(--wp--preset--spacing--50)\">\n<div class=\"wp-block-button is-style-fill\"><a class=\"wp-block-button__link has-n-outfit-font-family has-small-font-size has-custom-font-size wp-element-button\" href=\"https:\/\/reservation.secureholiday.net\/fr\/2606\/\" style=\"border-radius:4px;text-transform:uppercase\">R\u00e9server mes vacances<\/a><\/div>\n<\/div>\n<\/div>\n<\/div>\n\n\n\n<div class=\"wp-block-column is-vertically-aligned-center is-layout-flow wp-block-column-is-layout-flow\" style=\"flex-basis:66.66%\">\n<figure class=\"wp-block-image size-full has-custom-border\"><img loading=\"lazy\" decoding=\"async\" width=\"1176\" height=\"800\" src=\"https:\/\/moulindechatressac.com\/wp-content\/uploads\/2025\/12\/vue-moulin-de-chatressac.webp\" alt=\"\" class=\"wp-image-292\" style=\"border-radius:4px;aspect-ratio:4\/3;object-fit:cover\" srcset=\"https:\/\/moulindechatressac.com\/wp-content\/uploads\/2025\/12\/vue-moulin-de-chatressac.webp 1176w, https:\/\/moulindechatressac.com\/wp-content\/uploads\/2025\/12\/vue-moulin-de-chatressac-300x204.webp 300w, https:\/\/moulindechatressac.com\/wp-content\/uploads\/2025\/12\/vue-moulin-de-chatressac-1024x697.webp 1024w, https:\/\/moulindechatressac.com\/wp-content\/uploads\/2025\/12\/vue-moulin-de-chatressac-768x522.webp 768w\" sizes=\"auto, (max-width: 1176px) 100vw, 1176px\" \/><\/figure>\n<\/div>\n<\/div>\n<\/div>\n\n\n\n<div class=\"wp-block-columns is-layout-flex wp-container-core-columns-is-layout-28f84493 wp-block-columns-is-layout-flex\">\n<div class=\"wp-block-column is-layout-flow wp-block-column-is-layout-flow\" style=\"flex-basis:50%\">\n<div class=\"wp-block-group wp-container-content-69bc4bdf is-vertical is-content-justification-stretch is-layout-flex wp-container-core-group-is-layout-d275371d wp-block-group-is-layout-flex\">\n<figure class=\"wp-block-image size-full has-custom-border\"><img loading=\"lazy\" decoding=\"async\" width=\"1176\" height=\"882\" src=\"https:\/\/moulindechatressac.com\/wp-content\/uploads\/2025\/12\/gite-oleron-salon.webp\" alt=\"\" class=\"wp-image-289\" style=\"border-radius:4px;aspect-ratio:16\/9;object-fit:cover\" srcset=\"https:\/\/moulindechatressac.com\/wp-content\/uploads\/2025\/12\/gite-oleron-salon.webp 1176w, https:\/\/moulindechatressac.com\/wp-content\/uploads\/2025\/12\/gite-oleron-salon-300x225.webp 300w, https:\/\/moulindechatressac.com\/wp-content\/uploads\/2025\/12\/gite-oleron-salon-1024x768.webp 1024w, https:\/\/moulindechatressac.com\/wp-content\/uploads\/2025\/12\/gite-oleron-salon-768x576.webp 768w\" sizes=\"auto, (max-width: 1176px) 100vw, 1176px\" \/><\/figure>\n\n\n\n<div class=\"wp-block-group is-content-justification-space-between is-nowrap is-layout-flex wp-container-core-group-is-layout-bd323b9f wp-block-group-is-layout-flex\" style=\"padding-top:var(--wp--preset--spacing--20)\">\n<h3 class=\"wp-block-heading has-n-benne-font-family has-medium-font-size\" style=\"line-height:1\">G\u00eete Ol\u00e9ron<\/h3>\n\n\n\n<p class=\"has-text-align-right has-small-font-size\"><strong>4 pers<\/strong><\/p>\n<\/div>\n\n\n\n<p style=\"font-size:14px\">Un g\u00eete de 81 m\u00b2 situ\u00e9 au 1\u1d49\u02b3 \u00e9tage de l\u2019aile ouest du moulin, avec une entr\u00e9e ind\u00e9pendante et une vue exceptionnelle sur le port et les marais.<\/p>\n\n\n\n<p class=\"has-text-align-left has-n-button-color has-text-color has-link-color has-small-font-size wp-elements-f0c5db7528b8697e2828afcf9498ac5b\"><a href=\"https:\/\/moulindechatressac.com\/hebergements\/gite-oleron\/\" data-type=\"page\" data-id=\"30\">En savoir plus<\/a><\/p>\n<\/div>\n<\/div>\n\n\n\n<div class=\"wp-block-column is-layout-flow wp-block-column-is-layout-flow\" style=\"flex-basis:50%\">\n<div class=\"wp-block-group wp-container-content-69bc4bdf is-vertical is-content-justification-stretch is-layout-flex wp-container-core-group-is-layout-d275371d wp-block-group-is-layout-flex\">\n<figure class=\"wp-block-image size-full has-custom-border\"><img loading=\"lazy\" decoding=\"async\" width=\"1176\" height=\"882\" src=\"https:\/\/moulindechatressac.com\/wp-content\/uploads\/2025\/12\/piece-de-vie-gite-aix.webp\" alt=\"\" class=\"wp-image-318\" style=\"border-radius:4px;aspect-ratio:16\/9;object-fit:cover\" srcset=\"https:\/\/moulindechatressac.com\/wp-content\/uploads\/2025\/12\/piece-de-vie-gite-aix.webp 1176w, https:\/\/moulindechatressac.com\/wp-content\/uploads\/2025\/12\/piece-de-vie-gite-aix-300x225.webp 300w, https:\/\/moulindechatressac.com\/wp-content\/uploads\/2025\/12\/piece-de-vie-gite-aix-1024x768.webp 1024w, https:\/\/moulindechatressac.com\/wp-content\/uploads\/2025\/12\/piece-de-vie-gite-aix-768x576.webp 768w\" sizes=\"auto, (max-width: 1176px) 100vw, 1176px\" \/><\/figure>\n\n\n\n<div class=\"wp-block-group is-content-justification-space-between is-nowrap is-layout-flex wp-container-core-group-is-layout-bd323b9f wp-block-group-is-layout-flex\" style=\"padding-top:var(--wp--preset--spacing--20)\">\n<h3 class=\"wp-block-heading has-n-benne-font-family has-medium-font-size\" style=\"line-height:1\">G\u00eete Aix<\/h3>\n\n\n\n<p class=\"has-text-align-right has-small-font-size\"><strong>4 pers<\/strong><\/p>\n<\/div>\n\n\n\n<p style=\"font-size:14px\">Un g\u00eete de 100 m\u00b2 au 1\u1d49\u02b3 \u00e9tage, au c\u0153ur du moulin, avec une grande terrasse de 200 m\u00b2 et une vue panoramique sur les marais.<\/p>\n\n\n\n<p class=\"has-text-align-left has-n-button-color has-text-color has-link-color has-small-font-size wp-elements-8907dbf0c8379ed41ce4e31d963e9ec5\"><a href=\"https:\/\/moulindechatressac.com\/hebergements\/gite-aix\/\" data-type=\"page\" data-id=\"309\">En savoir plus<\/a><\/p>\n<\/div>\n<\/div>\n<\/div>\n\n\n\n<div class=\"wp-block-columns is-layout-flex wp-container-core-columns-is-layout-28f84493 wp-block-columns-is-layout-flex\">\n<div class=\"wp-block-column is-layout-flow wp-block-column-is-layout-flow\" style=\"flex-basis:50%\">\n<div class=\"wp-block-group wp-container-content-69bc4bdf is-vertical is-content-justification-stretch is-layout-flex wp-container-core-group-is-layout-d275371d wp-block-group-is-layout-flex\">\n<figure class=\"wp-block-image size-full has-custom-border\"><img loading=\"lazy\" decoding=\"async\" width=\"1176\" height=\"882\" src=\"https:\/\/moulindechatressac.com\/wp-content\/uploads\/2025\/12\/grande-chambre-gite-ile-de-re.webp\" alt=\"\" class=\"wp-image-342\" style=\"border-radius:4px;aspect-ratio:16\/9;object-fit:cover\" srcset=\"https:\/\/moulindechatressac.com\/wp-content\/uploads\/2025\/12\/grande-chambre-gite-ile-de-re.webp 1176w, https:\/\/moulindechatressac.com\/wp-content\/uploads\/2025\/12\/grande-chambre-gite-ile-de-re-300x225.webp 300w, https:\/\/moulindechatressac.com\/wp-content\/uploads\/2025\/12\/grande-chambre-gite-ile-de-re-1024x768.webp 1024w, https:\/\/moulindechatressac.com\/wp-content\/uploads\/2025\/12\/grande-chambre-gite-ile-de-re-768x576.webp 768w\" sizes=\"auto, (max-width: 1176px) 100vw, 1176px\" \/><\/figure>\n\n\n\n<div class=\"wp-block-group is-content-justification-space-between is-nowrap is-layout-flex wp-container-core-group-is-layout-bd323b9f wp-block-group-is-layout-flex\" style=\"padding-top:var(--wp--preset--spacing--20)\">\n<h3 class=\"wp-block-heading has-n-benne-font-family has-medium-font-size\" style=\"line-height:1\">G\u00eete \u00cele de R\u00e9<\/h3>\n\n\n\n<p class=\"has-text-align-right has-small-font-size\"><strong>2-4 pers<\/strong><\/p>\n<\/div>\n\n\n\n<p style=\"font-size:14px\">Un g\u00eete de 105 m\u00b2 au 2\u1d49 \u00e9tage (sans ascenseur), id\u00e9al pour 2 couples, avec une vue imprenable sur le port et les marais.<\/p>\n\n\n\n<p class=\"has-text-align-left has-n-button-color has-text-color has-link-color has-small-font-size wp-elements-c126fc958848be12a5bd2e93fa1eefbe\"><a href=\"https:\/\/moulindechatressac.com\/hebergements\/gite-ile-de-re\/\" data-type=\"page\" data-id=\"333\">En savoir plus<\/a><\/p>\n<\/div>\n<\/div>\n\n\n\n<div class=\"wp-block-column is-layout-flow wp-block-column-is-layout-flow\" style=\"flex-basis:50%\">\n<div class=\"wp-block-group wp-container-content-69bc4bdf is-vertical is-content-justification-stretch is-layout-flex wp-container-core-group-is-layout-d275371d wp-block-group-is-layout-flex\">\n<figure class=\"wp-block-image size-full has-custom-border\"><img loading=\"lazy\" decoding=\"async\" width=\"1176\" height=\"882\" src=\"https:\/\/moulindechatressac.com\/wp-content\/uploads\/2025\/12\/chambre-gite-cordouan.webp\" alt=\"\" class=\"wp-image-356\" style=\"border-radius:4px;aspect-ratio:16\/9;object-fit:cover\" srcset=\"https:\/\/moulindechatressac.com\/wp-content\/uploads\/2025\/12\/chambre-gite-cordouan.webp 1176w, https:\/\/moulindechatressac.com\/wp-content\/uploads\/2025\/12\/chambre-gite-cordouan-300x225.webp 300w, https:\/\/moulindechatressac.com\/wp-content\/uploads\/2025\/12\/chambre-gite-cordouan-1024x768.webp 1024w, https:\/\/moulindechatressac.com\/wp-content\/uploads\/2025\/12\/chambre-gite-cordouan-768x576.webp 768w\" sizes=\"auto, (max-width: 1176px) 100vw, 1176px\" \/><\/figure>\n\n\n\n<div class=\"wp-block-group is-content-justification-space-between is-nowrap is-layout-flex wp-container-core-group-is-layout-bd323b9f wp-block-group-is-layout-flex\" style=\"padding-top:var(--wp--preset--spacing--20)\">\n<h3 class=\"wp-block-heading has-n-benne-font-family has-medium-font-size\" style=\"line-height:1\">G\u00eete Cordouan<\/h3>\n\n\n\n<p class=\"has-text-align-right has-small-font-size\"><strong>2-3 pers<\/strong><\/p>\n<\/div>\n\n\n\n<p style=\"font-size:14px\">Un g\u00eete de 47 m\u00b2 au 2\u1d49 \u00e9tage (sans ascenseur), avec une vue sur les marais et le village de Chatressac.<\/p>\n\n\n\n<p class=\"has-text-align-left has-n-button-color has-text-color has-link-color has-small-font-size wp-elements-00af920a42559236f8ccad837133bfca\"><a href=\"https:\/\/moulindechatressac.com\/hebergements\/gite-cordouan\/\" data-type=\"page\" data-id=\"30\">En savoir plus<\/a><\/p>\n<\/div>\n<\/div>\n<\/div>\n","protected":false},"excerpt":{"rendered":"<p>Nos H\u00e9b\u00e8rgements Des g\u00eetes au coeur de la nature D\u00e9couvrez nos quatre g\u00eetes de charme, am\u00e9nag\u00e9s avec soin pour vous offrir confort, intimit\u00e9 et une vue imprenable sur les marais et le port de Chatressac. Chaque h\u00e9bergement est con\u00e7u pour r\u00e9pondre \u00e0 vos attentes, que vous soyez en famille, en couple ou entre amis. G\u00eete [&hellip;]<\/p>\n","protected":false},"author":1,"featured_media":0,"parent":0,"menu_order":0,"comment_status":"closed","ping_status":"closed","template":"","meta":{"footnotes":""},"class_list":["post-301","page","type-page","status-publish","hentry"],"yoast_head":"<!-- This site is optimized with the Yoast SEO plugin v27.4 - https:\/\/yoast.com\/product\/yoast-seo-wordpress\/ -->\n<title>H\u00e9bergements<\/title>\n<meta name=\"robots\" content=\"index, follow, max-snippet:-1, max-image-preview:large, max-video-preview:-1\" \/>\n<link rel=\"canonical\" href=\"https:\/\/moulindechatressac.com\/de\/hebergements\/\" \/>\n<meta property=\"og:locale\" content=\"de_DE\" \/>\n<meta property=\"og:locale:alternate\" content=\"en_UK\" \/>\n<meta property=\"og:locale:alternate\" content=\"fr_FR\" \/>\n<meta property=\"og:locale:alternate\" content=\"es_ES\" \/>\n<meta property=\"og:type\" content=\"article\" \/>\n<meta property=\"og:title\" content=\"H\u00e9bergements\" \/>\n<meta property=\"og:description\" content=\"Nos H\u00e9b\u00e8rgements Des g\u00eetes au coeur de la nature D\u00e9couvrez nos quatre g\u00eetes de charme, am\u00e9nag\u00e9s avec soin pour vous offrir confort, intimit\u00e9 et une vue imprenable sur les marais et le port de Chatressac. Chaque h\u00e9bergement est con\u00e7u pour r\u00e9pondre \u00e0 vos attentes, que vous soyez en famille, en couple ou entre amis. G\u00eete [&hellip;]\" \/>\n<meta property=\"og:url\" content=\"https:\/\/moulindechatressac.com\/de\/hebergements\/\" \/>\n<meta property=\"og:site_name\" content=\"Le Moulin de Chatressac\" \/>\n<meta property=\"article:modified_time\" content=\"2026-03-09T14:40:46+00:00\" \/>\n<meta property=\"og:image\" content=\"https:\/\/moulindechatressac.com\/wp-content\/uploads\/2025\/12\/vue-moulin-de-chatressac.webp\" \/>\n\t<meta property=\"og:image:width\" content=\"1176\" \/>\n\t<meta property=\"og:image:height\" content=\"800\" \/>\n\t<meta property=\"og:image:type\" content=\"image\/webp\" \/>\n<meta name=\"twitter:card\" content=\"summary_large_image\" \/>\n<meta name=\"twitter:label1\" content=\"Gesch\u00e4tzte Lesezeit\" \/>\n\t<meta name=\"twitter:data1\" content=\"3\u00a0Minuten\" \/>\n<script type=\"application\/ld+json\" class=\"yoast-schema-graph\">{\"@context\":\"https:\\\/\\\/schema.org\",\"@graph\":[{\"@type\":\"WebPage\",\"@id\":\"https:\\\/\\\/moulindechatressac.com\\\/hebergements\\\/\",\"url\":\"https:\\\/\\\/moulindechatressac.com\\\/hebergements\\\/\",\"name\":\"H\u00e9bergements\",\"isPartOf\":{\"@id\":\"https:\\\/\\\/moulindechatressac.com\\\/#website\"},\"primaryImageOfPage\":{\"@id\":\"https:\\\/\\\/moulindechatressac.com\\\/hebergements\\\/#primaryimage\"},\"image\":{\"@id\":\"https:\\\/\\\/moulindechatressac.com\\\/hebergements\\\/#primaryimage\"},\"thumbnailUrl\":\"https:\\\/\\\/moulindechatressac.com\\\/wp-content\\\/uploads\\\/2025\\\/12\\\/vue-moulin-de-chatressac.webp\",\"datePublished\":\"2025-12-29T12:15:02+00:00\",\"dateModified\":\"2026-03-09T14:40:46+00:00\",\"breadcrumb\":{\"@id\":\"https:\\\/\\\/moulindechatressac.com\\\/hebergements\\\/#breadcrumb\"},\"inLanguage\":\"de-DE\",\"potentialAction\":[{\"@type\":\"ReadAction\",\"target\":[\"https:\\\/\\\/moulindechatressac.com\\\/hebergements\\\/\"]}]},{\"@type\":\"ImageObject\",\"inLanguage\":\"de-DE\",\"@id\":\"https:\\\/\\\/moulindechatressac.com\\\/hebergements\\\/#primaryimage\",\"url\":\"https:\\\/\\\/moulindechatressac.com\\\/wp-content\\\/uploads\\\/2025\\\/12\\\/vue-moulin-de-chatressac.webp\",\"contentUrl\":\"https:\\\/\\\/moulindechatressac.com\\\/wp-content\\\/uploads\\\/2025\\\/12\\\/vue-moulin-de-chatressac.webp\"},{\"@type\":\"BreadcrumbList\",\"@id\":\"https:\\\/\\\/moulindechatressac.com\\\/hebergements\\\/#breadcrumb\",\"itemListElement\":[{\"@type\":\"ListItem\",\"position\":1,\"name\":\"Accueil\",\"item\":\"https:\\\/\\\/moulindechatressac.com\\\/\"},{\"@type\":\"ListItem\",\"position\":2,\"name\":\"H\u00e9bergements\"}]},{\"@type\":\"WebSite\",\"@id\":\"https:\\\/\\\/moulindechatressac.com\\\/#website\",\"url\":\"https:\\\/\\\/moulindechatressac.com\\\/\",\"name\":\"Le Moulin de Chatressac\",\"description\":\"Charmante Ferienh\u00e4user in einer historischen M\u00fchle in der Charente-Maritime\",\"publisher\":{\"@id\":\"https:\\\/\\\/moulindechatressac.com\\\/#organization\"},\"potentialAction\":[{\"@type\":\"SearchAction\",\"target\":{\"@type\":\"EntryPoint\",\"urlTemplate\":\"https:\\\/\\\/moulindechatressac.com\\\/?s={search_term_string}\"},\"query-input\":{\"@type\":\"PropertyValueSpecification\",\"valueRequired\":true,\"valueName\":\"search_term_string\"}}],\"inLanguage\":\"de-DE\"},{\"@type\":\"Organization\",\"@id\":\"https:\\\/\\\/moulindechatressac.com\\\/#organization\",\"name\":\"Le Moulin de Chatressac\",\"url\":\"https:\\\/\\\/moulindechatressac.com\\\/\",\"logo\":{\"@type\":\"ImageObject\",\"inLanguage\":\"de-DE\",\"@id\":\"https:\\\/\\\/moulindechatressac.com\\\/#\\\/schema\\\/logo\\\/image\\\/\",\"url\":\"https:\\\/\\\/moulindechatressac.com\\\/wp-content\\\/uploads\\\/2026\\\/02\\\/logo-moulin-chatressac.png\",\"contentUrl\":\"https:\\\/\\\/moulindechatressac.com\\\/wp-content\\\/uploads\\\/2026\\\/02\\\/logo-moulin-chatressac.png\",\"width\":546,\"height\":125,\"caption\":\"Le Moulin de Chatressac\"},\"image\":{\"@id\":\"https:\\\/\\\/moulindechatressac.com\\\/#\\\/schema\\\/logo\\\/image\\\/\"}}]}<\/script>\n<!-- \/ Yoast SEO plugin. -->","yoast_head_json":{"title":"H\u00e9bergements","robots":{"index":"index","follow":"follow","max-snippet":"max-snippet:-1","max-image-preview":"max-image-preview:large","max-video-preview":"max-video-preview:-1"},"canonical":"https:\/\/moulindechatressac.com\/de\/hebergements\/","og_locale":"de_DE","og_type":"article","og_title":"[:en]Accommodations[:fr]H\u00e9bergements[:es]Nuestros alojamientos[:] - Le Moulin de Chatressac","og_description":"Nos H\u00e9b\u00e8rgements Des g\u00eetes au coeur de la nature D\u00e9couvrez nos quatre g\u00eetes de charme, am\u00e9nag\u00e9s avec soin pour vous offrir confort, intimit\u00e9 et une vue imprenable sur les marais et le port de Chatressac. Chaque h\u00e9bergement est con\u00e7u pour r\u00e9pondre \u00e0 vos attentes, que vous soyez en famille, en couple ou entre amis. G\u00eete [&hellip;]","og_url":"https:\/\/moulindechatressac.com\/de\/hebergements\/","og_site_name":"Le Moulin de Chatressac","article_modified_time":"2026-03-09T14:40:46+00:00","og_image":[{"width":1176,"height":800,"url":"https:\/\/moulindechatressac.com\/wp-content\/uploads\/2025\/12\/vue-moulin-de-chatressac.webp","type":"image\/webp"}],"twitter_card":"summary_large_image","twitter_misc":{"Gesch\u00e4tzte Lesezeit":"3\u00a0Minuten"},"schema":{"@context":"https:\/\/schema.org","@graph":[{"@type":"WebPage","@id":"https:\/\/moulindechatressac.com\/hebergements\/","url":"https:\/\/moulindechatressac.com\/hebergements\/","name":"H\u00e9bergements","isPartOf":{"@id":"https:\/\/moulindechatressac.com\/#website"},"primaryImageOfPage":{"@id":"https:\/\/moulindechatressac.com\/hebergements\/#primaryimage"},"image":{"@id":"https:\/\/moulindechatressac.com\/hebergements\/#primaryimage"},"thumbnailUrl":"https:\/\/moulindechatressac.com\/wp-content\/uploads\/2025\/12\/vue-moulin-de-chatressac.webp","datePublished":"2025-12-29T12:15:02+00:00","dateModified":"2026-03-09T14:40:46+00:00","breadcrumb":{"@id":"https:\/\/moulindechatressac.com\/hebergements\/#breadcrumb"},"inLanguage":"de-DE","potentialAction":[{"@type":"ReadAction","target":["https:\/\/moulindechatressac.com\/hebergements\/"]}]},{"@type":"ImageObject","inLanguage":"de-DE","@id":"https:\/\/moulindechatressac.com\/hebergements\/#primaryimage","url":"https:\/\/moulindechatressac.com\/wp-content\/uploads\/2025\/12\/vue-moulin-de-chatressac.webp","contentUrl":"https:\/\/moulindechatressac.com\/wp-content\/uploads\/2025\/12\/vue-moulin-de-chatressac.webp"},{"@type":"BreadcrumbList","@id":"https:\/\/moulindechatressac.com\/hebergements\/#breadcrumb","itemListElement":[{"@type":"ListItem","position":1,"name":"Accueil","item":"https:\/\/moulindechatressac.com\/"},{"@type":"ListItem","position":2,"name":"H\u00e9bergements"}]},{"@type":"WebSite","@id":"https:\/\/moulindechatressac.com\/#website","url":"https:\/\/moulindechatressac.com\/","name":"Le Moulin de Chatressac","description":"Charmante Ferienh\u00e4user in einer historischen M\u00fchle in der Charente-Maritime","publisher":{"@id":"https:\/\/moulindechatressac.com\/#organization"},"potentialAction":[{"@type":"SearchAction","target":{"@type":"EntryPoint","urlTemplate":"https:\/\/moulindechatressac.com\/?s={search_term_string}"},"query-input":{"@type":"PropertyValueSpecification","valueRequired":true,"valueName":"search_term_string"}}],"inLanguage":"de-DE"},{"@type":"Organization","@id":"https:\/\/moulindechatressac.com\/#organization","name":"Le Moulin de Chatressac","url":"https:\/\/moulindechatressac.com\/","logo":{"@type":"ImageObject","inLanguage":"de-DE","@id":"https:\/\/moulindechatressac.com\/#\/schema\/logo\/image\/","url":"https:\/\/moulindechatressac.com\/wp-content\/uploads\/2026\/02\/logo-moulin-chatressac.png","contentUrl":"https:\/\/moulindechatressac.com\/wp-content\/uploads\/2026\/02\/logo-moulin-chatressac.png","width":546,"height":125,"caption":"Le Moulin de Chatressac"},"image":{"@id":"https:\/\/moulindechatressac.com\/#\/schema\/logo\/image\/"}}]}},"_links":{"self":[{"href":"https:\/\/moulindechatressac.com\/de\/wp-json\/wp\/v2\/pages\/301","targetHints":{"allow":["GET"]}}],"collection":[{"href":"https:\/\/moulindechatressac.com\/de\/wp-json\/wp\/v2\/pages"}],"about":[{"href":"https:\/\/moulindechatressac.com\/de\/wp-json\/wp\/v2\/types\/page"}],"author":[{"embeddable":true,"href":"https:\/\/moulindechatressac.com\/de\/wp-json\/wp\/v2\/users\/1"}],"replies":[{"embeddable":true,"href":"https:\/\/moulindechatressac.com\/de\/wp-json\/wp\/v2\/comments?post=301"}],"version-history":[{"count":19,"href":"https:\/\/moulindechatressac.com\/de\/wp-json\/wp\/v2\/pages\/301\/revisions"}],"predecessor-version":[{"id":793,"href":"https:\/\/moulindechatressac.com\/de\/wp-json\/wp\/v2\/pages\/301\/revisions\/793"}],"wp:attachment":[{"href":"https:\/\/moulindechatressac.com\/de\/wp-json\/wp\/v2\/media?parent=301"}],"curies":[{"name":"wp","href":"https:\/\/api.w.org\/{rel}","templated":true}]}}