{"id":53,"date":"2025-10-30T12:28:30","date_gmt":"2025-10-30T11:28:30","guid":{"rendered":"http:\/\/85.215.153.166\/vezere\/?page_id=53"},"modified":"2026-03-09T16:40:55","modified_gmt":"2026-03-09T15:40:55","slug":"services","status":"publish","type":"page","link":"https:\/\/moulindechatressac.com\/de\/services\/","title":{"rendered":"Services"},"content":{"rendered":"\n<div class=\"wp-block-group n-mobile-full-bleed has-n-lightest-brown-background-color has-background is-layout-constrained wp-container-core-group-is-layout-19ac9bc1 wp-block-group-is-layout-constrained\" style=\"border-radius:4px;margin-top:0;margin-bottom:0;padding-top:var(--wp--preset--spacing--60);padding-right:var(--wp--preset--spacing--60);padding-bottom:var(--wp--preset--spacing--60);padding-left:var(--wp--preset--spacing--60)\">\n<div class=\"wp-block-columns are-vertically-aligned-center n-column-reverse is-layout-flex wp-container-core-columns-is-layout-6ef9061c wp-block-columns-is-layout-flex\">\n<div class=\"wp-block-column is-vertically-aligned-center is-layout-flow wp-block-column-is-layout-flow\" style=\"padding-right:0;padding-left:0;flex-basis:33.33%\">\n<div class=\"wp-block-group is-vertical is-layout-flex wp-container-core-group-is-layout-355c4241 wp-block-group-is-layout-flex\">\n<h1 class=\"wp-block-heading has-n-light-brown-color has-text-color has-link-color has-n-outfit-font-family has-small-font-size wp-elements-3236c5aa155d6551e889641056d85555\" style=\"font-style:normal;font-weight:300;letter-spacing:1.5px;text-transform:uppercase\">Nos services<\/h1>\n\n\n\n<h2 class=\"wp-block-heading has-n-brown-color has-text-color has-link-color has-n-benne-font-family has-gigantic-font-size wp-elements-63f874504de382e6e45aa2193145bccb\" style=\"line-height:1\">Des vacances sans souci<\/h2>\n\n\n\n<p class=\"has-n-brown-color has-text-color has-link-color has-n-outfit-font-family wp-elements-3f1714d42bab169daa7f66f9246401a8\" style=\"font-size:14px\">Au Moulin de Chatressac, nous mettons tout en \u0153uvre pour que votre s\u00e9jour soit synonyme de d\u00e9tente, confort et simplicit\u00e9. Entre la piscine, les espaces ext\u00e9rieurs, et les \u00e9quipements pens\u00e9s pour votre bien-\u00eatre, vous n\u2019aurez qu\u2019une chose \u00e0 faire : profiter pleinement de votre s\u00e9jour.<\/p>\n\n\n\n<div class=\"wp-block-buttons is-layout-flex wp-block-buttons-is-layout-flex\" style=\"margin-top:var(--wp--preset--spacing--50)\">\n<div class=\"wp-block-button is-style-fill\"><a class=\"wp-block-button__link has-n-outfit-font-family has-small-font-size has-custom-font-size wp-element-button\" href=\"https:\/\/reservation.secureholiday.net\/fr\/2606\/\" style=\"border-radius:4px;text-transform:uppercase\">R\u00e9server mes vacances<\/a><\/div>\n<\/div>\n<\/div>\n<\/div>\n\n\n\n<div class=\"wp-block-column is-vertically-aligned-center is-layout-flow wp-block-column-is-layout-flow\" style=\"flex-basis:66.66%\">\n<figure class=\"wp-block-image size-full has-custom-border\"><img loading=\"lazy\" decoding=\"async\" width=\"1600\" height=\"1066\" src=\"https:\/\/moulindechatressac.com\/wp-content\/uploads\/2025\/12\/WhatsApp-Image-2025-12-11-at-11.33.56-1.jpeg\" alt=\"\" class=\"wp-image-146\" style=\"border-radius:4px;aspect-ratio:4\/3;object-fit:cover\" srcset=\"https:\/\/moulindechatressac.com\/wp-content\/uploads\/2025\/12\/WhatsApp-Image-2025-12-11-at-11.33.56-1.jpeg 1600w, https:\/\/moulindechatressac.com\/wp-content\/uploads\/2025\/12\/WhatsApp-Image-2025-12-11-at-11.33.56-1-300x200.jpeg 300w, https:\/\/moulindechatressac.com\/wp-content\/uploads\/2025\/12\/WhatsApp-Image-2025-12-11-at-11.33.56-1-1024x682.jpeg 1024w, https:\/\/moulindechatressac.com\/wp-content\/uploads\/2025\/12\/WhatsApp-Image-2025-12-11-at-11.33.56-1-768x512.jpeg 768w, https:\/\/moulindechatressac.com\/wp-content\/uploads\/2025\/12\/WhatsApp-Image-2025-12-11-at-11.33.56-1-1536x1023.jpeg 1536w\" sizes=\"auto, (max-width: 1600px) 100vw, 1600px\" \/><\/figure>\n<\/div>\n<\/div>\n<\/div>\n\n\n\n<div class=\"wp-block-group is-layout-constrained wp-container-core-group-is-layout-4383d167 wp-block-group-is-layout-constrained\">\n<div class=\"wp-block-columns are-vertically-aligned-center is-layout-flex wp-container-core-columns-is-layout-47c06fe3 wp-block-columns-is-layout-flex\">\n<div class=\"wp-block-column is-vertically-aligned-center is-layout-flow wp-block-column-is-layout-flow\" style=\"padding-right:0;padding-left:0;flex-basis:50%\">\n<figure class=\"wp-block-image size-full has-custom-border\"><img loading=\"lazy\" decoding=\"async\" width=\"2560\" height=\"1445\" src=\"https:\/\/moulindechatressac.com\/wp-content\/uploads\/2025\/12\/CIMG0283-scaled.jpg\" alt=\"\" class=\"wp-image-143\" style=\"border-radius:4px;box-shadow:var(--wp--preset--shadow--n-smooth-shadow);aspect-ratio:4\/3;object-fit:cover\" srcset=\"https:\/\/moulindechatressac.com\/wp-content\/uploads\/2025\/12\/CIMG0283-scaled.jpg 2560w, https:\/\/moulindechatressac.com\/wp-content\/uploads\/2025\/12\/CIMG0283-300x169.jpg 300w, https:\/\/moulindechatressac.com\/wp-content\/uploads\/2025\/12\/CIMG0283-1024x578.jpg 1024w, https:\/\/moulindechatressac.com\/wp-content\/uploads\/2025\/12\/CIMG0283-768x433.jpg 768w, https:\/\/moulindechatressac.com\/wp-content\/uploads\/2025\/12\/CIMG0283-1536x867.jpg 1536w, https:\/\/moulindechatressac.com\/wp-content\/uploads\/2025\/12\/CIMG0283-2048x1156.jpg 2048w\" sizes=\"auto, (max-width: 2560px) 100vw, 2560px\" \/><\/figure>\n<\/div>\n\n\n\n<div class=\"wp-block-column is-vertically-aligned-center is-layout-flow wp-container-core-column-is-layout-053e94e8 wp-block-column-is-layout-flow\" style=\"padding-right:0;padding-left:0;flex-basis:50%\">\n<h3 class=\"wp-block-heading has-n-brown-color has-text-color has-link-color has-n-benne-font-family has-large-font-size wp-elements-38699c4d83a40ceb8f61e2e0307dba90\">La Piscine &#038; Espaces ext\u00e9rieurs<\/h3>\n\n\n\n<p class=\"n-max-text has-n-brown-color has-text-color has-link-color has-n-outfit-font-family wp-elements-8e7ca03dc7deee53c010a09725991e99\" style=\"font-size:14px\">Plongez dans notre piscine de 13&#215;6 m\u00e8tres, ouverte en saison estivale, et profitez d\u2019un cadre idyllique pour vous d\u00e9tendre en plein air. Que vous souhaitiez nager, bronzer ou vous ressourcer, notre espace ext\u00e9rieur est con\u00e7u pour le bien-\u00eatre de toute la famille.<\/p>\n\n\n\n<div class=\"wp-block-buttons is-content-justification-left is-nowrap is-layout-flex wp-container-core-buttons-is-layout-fbe9fc48 wp-block-buttons-is-layout-flex\" style=\"margin-top:var(--wp--preset--spacing--50);margin-bottom:0px;padding-top:0px;padding-right:0px;padding-bottom:0px;padding-left:0px\">\n<div class=\"wp-block-button is-style-outline is-style-outline--1\"><a class=\"wp-block-button__link has-n-outfit-font-family has-small-font-size has-text-align-center has-custom-font-size wp-element-button\" href=\"https:\/\/moulindechatressac.com\/services\/piscine\/\" style=\"border-radius:4px;font-style:normal;font-weight:400;letter-spacing:1px;text-transform:uppercase\">D\u00e9couvrir les espaces ext\u00e9rieurs<\/a><\/div>\n<\/div>\n<\/div>\n<\/div>\n\n\n\n<div class=\"wp-block-columns are-vertically-aligned-center n-column-reverse is-layout-flex wp-container-core-columns-is-layout-47c06fe3 wp-block-columns-is-layout-flex\">\n<div class=\"wp-block-column is-vertically-aligned-center is-layout-flow wp-container-core-column-is-layout-053e94e8 wp-block-column-is-layout-flow\" style=\"padding-right:0;padding-left:0;flex-basis:50%\">\n<h3 class=\"wp-block-heading has-n-brown-color has-text-color has-link-color has-n-benne-font-family has-large-font-size wp-elements-797fbb08dfabdf36eba0eeec57f9ab50\">Confort &#038; \u00c9quipements<\/h3>\n\n\n\n<p class=\"n-max-text has-n-brown-color has-text-color has-link-color has-n-outfit-font-family wp-elements-109b48976372b8a9f713b53c4d0caee0\" style=\"font-size:14px\">Vos vacances doivent \u00eatre sans stress. C\u2019est pourquoi nous mettons \u00e0 votre disposition tout le n\u00e9cessaire pour un s\u00e9jour agr\u00e9able et pratique.<\/p>\n\n\n\n<div class=\"wp-block-buttons is-content-justification-left is-nowrap is-layout-flex wp-container-core-buttons-is-layout-fbe9fc48 wp-block-buttons-is-layout-flex\" style=\"margin-top:var(--wp--preset--spacing--50);margin-bottom:0px;padding-top:0px;padding-right:0px;padding-bottom:0px;padding-left:0px\">\n<div class=\"wp-block-button is-style-outline is-style-outline--2\"><a class=\"wp-block-button__link has-n-outfit-font-family has-small-font-size has-text-align-center has-custom-font-size wp-element-button\" href=\"https:\/\/moulindechatressac.com\/services\/confort-equipements\/\" style=\"border-radius:4px;font-style:normal;font-weight:400;letter-spacing:1px;text-transform:uppercase\">D\u00e9couvrir nos \u00e9quipements<\/a><\/div>\n<\/div>\n<\/div>\n\n\n\n<div class=\"wp-block-column is-vertically-aligned-center is-layout-flow wp-block-column-is-layout-flow\" style=\"padding-right:0;padding-left:0;flex-basis:50%\">\n<figure class=\"wp-block-image size-large has-custom-border\" style=\"margin-top:0;margin-right:0;margin-bottom:0;margin-left:0\"><img loading=\"lazy\" decoding=\"async\" width=\"1024\" height=\"1024\" src=\"https:\/\/moulindechatressac.com\/wp-content\/uploads\/2025\/12\/vue-chambre-moulin-de-chatressac-1024x1024.jpg\" alt=\"\" class=\"wp-image-236\" style=\"border-radius:4px;box-shadow:var(--wp--preset--shadow--n-smooth-shadow);aspect-ratio:4\/3;object-fit:cover\" srcset=\"https:\/\/moulindechatressac.com\/wp-content\/uploads\/2025\/12\/vue-chambre-moulin-de-chatressac-1024x1024.jpg 1024w, https:\/\/moulindechatressac.com\/wp-content\/uploads\/2025\/12\/vue-chambre-moulin-de-chatressac-300x300.jpg 300w, https:\/\/moulindechatressac.com\/wp-content\/uploads\/2025\/12\/vue-chambre-moulin-de-chatressac-150x150.jpg 150w, https:\/\/moulindechatressac.com\/wp-content\/uploads\/2025\/12\/vue-chambre-moulin-de-chatressac-768x768.jpg 768w, https:\/\/moulindechatressac.com\/wp-content\/uploads\/2025\/12\/vue-chambre-moulin-de-chatressac.jpg 1036w\" sizes=\"auto, (max-width: 1024px) 100vw, 1024px\" \/><\/figure>\n<\/div>\n<\/div>\n\n\n\n<div class=\"wp-block-columns are-vertically-aligned-center is-layout-flex wp-container-core-columns-is-layout-47c06fe3 wp-block-columns-is-layout-flex\">\n<div class=\"wp-block-column is-vertically-aligned-center is-layout-flow wp-block-column-is-layout-flow\" style=\"padding-right:0;padding-left:0;flex-basis:50%\">\n<figure class=\"wp-block-image size-full has-custom-border\"><img loading=\"lazy\" decoding=\"async\" width=\"1200\" height=\"800\" src=\"https:\/\/moulindechatressac.com\/wp-content\/uploads\/2025\/12\/Moulin-vue-piscine.jpg\" alt=\"\" class=\"wp-image-140\" style=\"border-radius:4px;box-shadow:var(--wp--preset--shadow--n-smooth-shadow);aspect-ratio:4\/3;object-fit:cover\" srcset=\"https:\/\/moulindechatressac.com\/wp-content\/uploads\/2025\/12\/Moulin-vue-piscine.jpg 1200w, https:\/\/moulindechatressac.com\/wp-content\/uploads\/2025\/12\/Moulin-vue-piscine-300x200.jpg 300w, https:\/\/moulindechatressac.com\/wp-content\/uploads\/2025\/12\/Moulin-vue-piscine-1024x683.jpg 1024w, https:\/\/moulindechatressac.com\/wp-content\/uploads\/2025\/12\/Moulin-vue-piscine-768x512.jpg 768w\" sizes=\"auto, (max-width: 1200px) 100vw, 1200px\" \/><\/figure>\n<\/div>\n\n\n\n<div class=\"wp-block-column is-vertically-aligned-center is-layout-flow wp-container-core-column-is-layout-053e94e8 wp-block-column-is-layout-flow\" style=\"padding-right:0;padding-left:0;flex-basis:50%\">\n<h3 class=\"wp-block-heading has-n-brown-color has-text-color has-link-color has-n-benne-font-family has-large-font-size wp-elements-88e05071e136a5baf3d797d2ba19b046\">Loisirs &#038; D\u00e9tente<\/h3>\n\n\n\n<p class=\"n-max-text has-n-brown-color has-text-color has-link-color has-n-outfit-font-family wp-elements-01ca44c9cfb454c973d8f360ef206019\" style=\"font-size:14px\">Envie de bouger ou de vous d\u00e9tendre ? Le Moulin de Chatressac et ses alentours offrent de nombreuses activit\u00e9s pour tous les go\u00fbts.<\/p>\n\n\n\n<div class=\"wp-block-buttons is-content-justification-left is-nowrap is-layout-flex wp-container-core-buttons-is-layout-fbe9fc48 wp-block-buttons-is-layout-flex\" style=\"margin-top:var(--wp--preset--spacing--50);margin-bottom:0px;padding-top:0px;padding-right:0px;padding-bottom:0px;padding-left:0px\">\n<div class=\"wp-block-button is-style-outline is-style-outline--3\"><a class=\"wp-block-button__link has-n-brown-color has-text-color has-link-color has-border-color has-n-outfit-font-family has-small-font-size has-text-align-center has-custom-font-size wp-element-button\" href=\"https:\/\/moulindechatressac.com\/services\/loisirs-detente\/\" style=\"border-color:#3B2F21;border-width:1px;border-radius:4px;font-style:normal;font-weight:400;letter-spacing:1px;text-transform:uppercase\">D\u00e9couvrir les activit\u00e9s autour du Moulin<\/a><\/div>\n<\/div>\n<\/div>\n<\/div>\n\n\n\n<div class=\"wp-block-columns are-vertically-aligned-center n-column-reverse is-layout-flex wp-container-core-columns-is-layout-47c06fe3 wp-block-columns-is-layout-flex\">\n<div class=\"wp-block-column is-vertically-aligned-center is-layout-flow wp-container-core-column-is-layout-053e94e8 wp-block-column-is-layout-flow\" style=\"padding-right:0;padding-left:0;flex-basis:50%\">\n<h3 class=\"wp-block-heading has-n-brown-color has-text-color has-link-color has-n-benne-font-family has-large-font-size wp-elements-ec639e2002b9b8c1d6768428dc4349c6\">Un cadre pr\u00e9serv\u00e9<\/h3>\n\n\n\n<p class=\"n-max-text has-n-brown-color has-text-color has-link-color has-n-outfit-font-family wp-elements-03dce036bf9d045c1baf11ff71d71939\" style=\"font-size:14px\">Situ\u00e9 en zone Natura 2000, le Moulin de Chatressac est un havre de paix pour les amoureux de la nature. Profitez d\u2019un environnement authentique et sauvage, o\u00f9 la tranquillit\u00e9 et la beaut\u00e9 des paysages sont au rendez-vous.<\/p>\n\n\n\n<div class=\"wp-block-buttons is-content-justification-left is-nowrap is-layout-flex wp-container-core-buttons-is-layout-fbe9fc48 wp-block-buttons-is-layout-flex\" style=\"margin-top:var(--wp--preset--spacing--50);margin-bottom:0px;padding-top:0px;padding-right:0px;padding-bottom:0px;padding-left:0px\">\n<div class=\"wp-block-button is-style-outline is-style-outline--4\"><a class=\"wp-block-button__link has-n-brown-color has-text-color has-link-color has-border-color has-n-outfit-font-family has-small-font-size has-text-align-center has-custom-font-size wp-element-button\" href=\"https:\/\/moulindechatressac.com\/services\/un-cadre-preserve\/\" style=\"border-color:#3B2F21;border-width:1px;border-radius:4px;font-style:normal;font-weight:400;letter-spacing:1px;text-transform:uppercase\">D\u00e9couvrir la r\u00e9gion<\/a><\/div>\n<\/div>\n<\/div>\n\n\n\n<div class=\"wp-block-column is-vertically-aligned-center is-layout-flow wp-block-column-is-layout-flow\" style=\"padding-right:0;padding-left:0;flex-basis:50%\">\n<figure class=\"wp-block-image size-full has-custom-border\"><img loading=\"lazy\" decoding=\"async\" width=\"1176\" height=\"882\" src=\"https:\/\/moulindechatressac.com\/wp-content\/uploads\/2025\/12\/marais-moulin-de-chatressac.webp\" alt=\"\" class=\"wp-image-360\" style=\"border-radius:4px;box-shadow:var(--wp--preset--shadow--n-smooth-shadow);aspect-ratio:4\/3;object-fit:cover\" srcset=\"https:\/\/moulindechatressac.com\/wp-content\/uploads\/2025\/12\/marais-moulin-de-chatressac.webp 1176w, https:\/\/moulindechatressac.com\/wp-content\/uploads\/2025\/12\/marais-moulin-de-chatressac-300x225.webp 300w, https:\/\/moulindechatressac.com\/wp-content\/uploads\/2025\/12\/marais-moulin-de-chatressac-1024x768.webp 1024w, https:\/\/moulindechatressac.com\/wp-content\/uploads\/2025\/12\/marais-moulin-de-chatressac-768x576.webp 768w\" sizes=\"auto, (max-width: 1176px) 100vw, 1176px\" \/><\/figure>\n<\/div>\n<\/div>\n<\/div>\n","protected":false},"excerpt":{"rendered":"<p>Nos services Des vacances sans souci Au Moulin de Chatressac, nous mettons tout en \u0153uvre pour que votre s\u00e9jour soit synonyme de d\u00e9tente, confort et simplicit\u00e9. Entre la piscine, les espaces ext\u00e9rieurs, et les \u00e9quipements pens\u00e9s pour votre bien-\u00eatre, vous n\u2019aurez qu\u2019une chose \u00e0 faire : profiter pleinement de votre s\u00e9jour. La Piscine &#038; Espaces [&hellip;]<\/p>\n","protected":false},"author":1,"featured_media":0,"parent":0,"menu_order":0,"comment_status":"closed","ping_status":"closed","template":"","meta":{"footnotes":""},"class_list":["post-53","page","type-page","status-publish","hentry"],"yoast_head":"<!-- This site is optimized with the Yoast SEO plugin v27.4 - https:\/\/yoast.com\/product\/yoast-seo-wordpress\/ -->\n<title>Services<\/title>\n<meta name=\"robots\" content=\"index, follow, max-snippet:-1, max-image-preview:large, max-video-preview:-1\" \/>\n<link rel=\"canonical\" href=\"https:\/\/moulindechatressac.com\/de\/services\/\" \/>\n<meta property=\"og:locale\" content=\"de_DE\" \/>\n<meta property=\"og:locale:alternate\" content=\"en_UK\" \/>\n<meta property=\"og:locale:alternate\" content=\"fr_FR\" \/>\n<meta property=\"og:locale:alternate\" content=\"es_ES\" \/>\n<meta property=\"og:type\" content=\"article\" \/>\n<meta property=\"og:title\" content=\"Services\" \/>\n<meta property=\"og:description\" content=\"Nos services Des vacances sans souci Au Moulin de Chatressac, nous mettons tout en \u0153uvre pour que votre s\u00e9jour soit synonyme de d\u00e9tente, confort et simplicit\u00e9. Entre la piscine, les espaces ext\u00e9rieurs, et les \u00e9quipements pens\u00e9s pour votre bien-\u00eatre, vous n\u2019aurez qu\u2019une chose \u00e0 faire : profiter pleinement de votre s\u00e9jour. La Piscine &amp; Espaces [&hellip;]\" \/>\n<meta property=\"og:url\" content=\"https:\/\/moulindechatressac.com\/de\/services\/\" \/>\n<meta property=\"og:site_name\" content=\"Le Moulin de Chatressac\" \/>\n<meta property=\"article:modified_time\" content=\"2026-03-09T15:40:55+00:00\" \/>\n<meta property=\"og:image\" content=\"https:\/\/moulindechatressac.com\/wp-content\/uploads\/2025\/12\/WhatsApp-Image-2025-12-11-at-11.33.56-1.jpeg\" \/>\n\t<meta property=\"og:image:width\" content=\"1600\" \/>\n\t<meta property=\"og:image:height\" content=\"1066\" \/>\n\t<meta property=\"og:image:type\" content=\"image\/jpeg\" \/>\n<meta name=\"twitter:card\" content=\"summary_large_image\" \/>\n<meta name=\"twitter:label1\" content=\"Gesch\u00e4tzte Lesezeit\" \/>\n\t<meta name=\"twitter:data1\" content=\"3\u00a0Minuten\" \/>\n<script type=\"application\/ld+json\" class=\"yoast-schema-graph\">{\"@context\":\"https:\\\/\\\/schema.org\",\"@graph\":[{\"@type\":\"WebPage\",\"@id\":\"https:\\\/\\\/moulindechatressac.com\\\/services\\\/\",\"url\":\"https:\\\/\\\/moulindechatressac.com\\\/services\\\/\",\"name\":\"Services\",\"isPartOf\":{\"@id\":\"https:\\\/\\\/moulindechatressac.com\\\/#website\"},\"primaryImageOfPage\":{\"@id\":\"https:\\\/\\\/moulindechatressac.com\\\/services\\\/#primaryimage\"},\"image\":{\"@id\":\"https:\\\/\\\/moulindechatressac.com\\\/services\\\/#primaryimage\"},\"thumbnailUrl\":\"https:\\\/\\\/moulindechatressac.com\\\/wp-content\\\/uploads\\\/2025\\\/12\\\/WhatsApp-Image-2025-12-11-at-11.33.56-1.jpeg\",\"datePublished\":\"2025-10-30T11:28:30+00:00\",\"dateModified\":\"2026-03-09T15:40:55+00:00\",\"breadcrumb\":{\"@id\":\"https:\\\/\\\/moulindechatressac.com\\\/services\\\/#breadcrumb\"},\"inLanguage\":\"de-DE\",\"potentialAction\":[{\"@type\":\"ReadAction\",\"target\":[\"https:\\\/\\\/moulindechatressac.com\\\/services\\\/\"]}]},{\"@type\":\"ImageObject\",\"inLanguage\":\"de-DE\",\"@id\":\"https:\\\/\\\/moulindechatressac.com\\\/services\\\/#primaryimage\",\"url\":\"https:\\\/\\\/moulindechatressac.com\\\/wp-content\\\/uploads\\\/2025\\\/12\\\/WhatsApp-Image-2025-12-11-at-11.33.56-1.jpeg\",\"contentUrl\":\"https:\\\/\\\/moulindechatressac.com\\\/wp-content\\\/uploads\\\/2025\\\/12\\\/WhatsApp-Image-2025-12-11-at-11.33.56-1.jpeg\"},{\"@type\":\"BreadcrumbList\",\"@id\":\"https:\\\/\\\/moulindechatressac.com\\\/services\\\/#breadcrumb\",\"itemListElement\":[{\"@type\":\"ListItem\",\"position\":1,\"name\":\"Accueil\",\"item\":\"https:\\\/\\\/moulindechatressac.com\\\/\"},{\"@type\":\"ListItem\",\"position\":2,\"name\":\"Services\"}]},{\"@type\":\"WebSite\",\"@id\":\"https:\\\/\\\/moulindechatressac.com\\\/#website\",\"url\":\"https:\\\/\\\/moulindechatressac.com\\\/\",\"name\":\"Le Moulin de Chatressac\",\"description\":\"Charmante Ferienh\u00e4user in einer historischen M\u00fchle in der Charente-Maritime\",\"publisher\":{\"@id\":\"https:\\\/\\\/moulindechatressac.com\\\/#organization\"},\"potentialAction\":[{\"@type\":\"SearchAction\",\"target\":{\"@type\":\"EntryPoint\",\"urlTemplate\":\"https:\\\/\\\/moulindechatressac.com\\\/?s={search_term_string}\"},\"query-input\":{\"@type\":\"PropertyValueSpecification\",\"valueRequired\":true,\"valueName\":\"search_term_string\"}}],\"inLanguage\":\"de-DE\"},{\"@type\":\"Organization\",\"@id\":\"https:\\\/\\\/moulindechatressac.com\\\/#organization\",\"name\":\"Le Moulin de Chatressac\",\"url\":\"https:\\\/\\\/moulindechatressac.com\\\/\",\"logo\":{\"@type\":\"ImageObject\",\"inLanguage\":\"de-DE\",\"@id\":\"https:\\\/\\\/moulindechatressac.com\\\/#\\\/schema\\\/logo\\\/image\\\/\",\"url\":\"https:\\\/\\\/moulindechatressac.com\\\/wp-content\\\/uploads\\\/2026\\\/02\\\/logo-moulin-chatressac.png\",\"contentUrl\":\"https:\\\/\\\/moulindechatressac.com\\\/wp-content\\\/uploads\\\/2026\\\/02\\\/logo-moulin-chatressac.png\",\"width\":546,\"height\":125,\"caption\":\"Le Moulin de Chatressac\"},\"image\":{\"@id\":\"https:\\\/\\\/moulindechatressac.com\\\/#\\\/schema\\\/logo\\\/image\\\/\"}}]}<\/script>\n<!-- \/ Yoast SEO plugin. -->","yoast_head_json":{"title":"Services","robots":{"index":"index","follow":"follow","max-snippet":"max-snippet:-1","max-image-preview":"max-image-preview:large","max-video-preview":"max-video-preview:-1"},"canonical":"https:\/\/moulindechatressac.com\/de\/services\/","og_locale":"de_DE","og_type":"article","og_title":"[:en]Services[:fr]Services[:es]Servicios[:] - Le Moulin de Chatressac","og_description":"Nos services Des vacances sans souci Au Moulin de Chatressac, nous mettons tout en \u0153uvre pour que votre s\u00e9jour soit synonyme de d\u00e9tente, confort et simplicit\u00e9. Entre la piscine, les espaces ext\u00e9rieurs, et les \u00e9quipements pens\u00e9s pour votre bien-\u00eatre, vous n\u2019aurez qu\u2019une chose \u00e0 faire : profiter pleinement de votre s\u00e9jour. La Piscine &#038; Espaces [&hellip;]","og_url":"https:\/\/moulindechatressac.com\/de\/services\/","og_site_name":"Le Moulin de Chatressac","article_modified_time":"2026-03-09T15:40:55+00:00","og_image":[{"width":1600,"height":1066,"url":"https:\/\/moulindechatressac.com\/wp-content\/uploads\/2025\/12\/WhatsApp-Image-2025-12-11-at-11.33.56-1.jpeg","type":"image\/jpeg"}],"twitter_card":"summary_large_image","twitter_misc":{"Gesch\u00e4tzte Lesezeit":"3\u00a0Minuten"},"schema":{"@context":"https:\/\/schema.org","@graph":[{"@type":"WebPage","@id":"https:\/\/moulindechatressac.com\/services\/","url":"https:\/\/moulindechatressac.com\/services\/","name":"Services","isPartOf":{"@id":"https:\/\/moulindechatressac.com\/#website"},"primaryImageOfPage":{"@id":"https:\/\/moulindechatressac.com\/services\/#primaryimage"},"image":{"@id":"https:\/\/moulindechatressac.com\/services\/#primaryimage"},"thumbnailUrl":"https:\/\/moulindechatressac.com\/wp-content\/uploads\/2025\/12\/WhatsApp-Image-2025-12-11-at-11.33.56-1.jpeg","datePublished":"2025-10-30T11:28:30+00:00","dateModified":"2026-03-09T15:40:55+00:00","breadcrumb":{"@id":"https:\/\/moulindechatressac.com\/services\/#breadcrumb"},"inLanguage":"de-DE","potentialAction":[{"@type":"ReadAction","target":["https:\/\/moulindechatressac.com\/services\/"]}]},{"@type":"ImageObject","inLanguage":"de-DE","@id":"https:\/\/moulindechatressac.com\/services\/#primaryimage","url":"https:\/\/moulindechatressac.com\/wp-content\/uploads\/2025\/12\/WhatsApp-Image-2025-12-11-at-11.33.56-1.jpeg","contentUrl":"https:\/\/moulindechatressac.com\/wp-content\/uploads\/2025\/12\/WhatsApp-Image-2025-12-11-at-11.33.56-1.jpeg"},{"@type":"BreadcrumbList","@id":"https:\/\/moulindechatressac.com\/services\/#breadcrumb","itemListElement":[{"@type":"ListItem","position":1,"name":"Accueil","item":"https:\/\/moulindechatressac.com\/"},{"@type":"ListItem","position":2,"name":"Services"}]},{"@type":"WebSite","@id":"https:\/\/moulindechatressac.com\/#website","url":"https:\/\/moulindechatressac.com\/","name":"Le Moulin de Chatressac","description":"Charmante Ferienh\u00e4user in einer historischen M\u00fchle in der Charente-Maritime","publisher":{"@id":"https:\/\/moulindechatressac.com\/#organization"},"potentialAction":[{"@type":"SearchAction","target":{"@type":"EntryPoint","urlTemplate":"https:\/\/moulindechatressac.com\/?s={search_term_string}"},"query-input":{"@type":"PropertyValueSpecification","valueRequired":true,"valueName":"search_term_string"}}],"inLanguage":"de-DE"},{"@type":"Organization","@id":"https:\/\/moulindechatressac.com\/#organization","name":"Le Moulin de Chatressac","url":"https:\/\/moulindechatressac.com\/","logo":{"@type":"ImageObject","inLanguage":"de-DE","@id":"https:\/\/moulindechatressac.com\/#\/schema\/logo\/image\/","url":"https:\/\/moulindechatressac.com\/wp-content\/uploads\/2026\/02\/logo-moulin-chatressac.png","contentUrl":"https:\/\/moulindechatressac.com\/wp-content\/uploads\/2026\/02\/logo-moulin-chatressac.png","width":546,"height":125,"caption":"Le Moulin de Chatressac"},"image":{"@id":"https:\/\/moulindechatressac.com\/#\/schema\/logo\/image\/"}}]}},"_links":{"self":[{"href":"https:\/\/moulindechatressac.com\/de\/wp-json\/wp\/v2\/pages\/53","targetHints":{"allow":["GET"]}}],"collection":[{"href":"https:\/\/moulindechatressac.com\/de\/wp-json\/wp\/v2\/pages"}],"about":[{"href":"https:\/\/moulindechatressac.com\/de\/wp-json\/wp\/v2\/types\/page"}],"author":[{"embeddable":true,"href":"https:\/\/moulindechatressac.com\/de\/wp-json\/wp\/v2\/users\/1"}],"replies":[{"embeddable":true,"href":"https:\/\/moulindechatressac.com\/de\/wp-json\/wp\/v2\/comments?post=53"}],"version-history":[{"count":20,"href":"https:\/\/moulindechatressac.com\/de\/wp-json\/wp\/v2\/pages\/53\/revisions"}],"predecessor-version":[{"id":816,"href":"https:\/\/moulindechatressac.com\/de\/wp-json\/wp\/v2\/pages\/53\/revisions\/816"}],"wp:attachment":[{"href":"https:\/\/moulindechatressac.com\/de\/wp-json\/wp\/v2\/media?parent=53"}],"curies":[{"name":"wp","href":"https:\/\/api.w.org\/{rel}","templated":true}]}}