{"id":20,"date":"2025-10-30T12:12:13","date_gmt":"2025-10-30T11:12:13","guid":{"rendered":"http:\/\/85.215.153.166\/vezere\/?page_id=20"},"modified":"2026-03-16T14:43:09","modified_gmt":"2026-03-16T13:43:09","slug":"contact","status":"publish","type":"page","link":"https:\/\/moulindechatressac.com\/en\/contact\/","title":{"rendered":"Contact"},"content":{"rendered":"\n<div class=\"wp-block-group has-n-lightest-brown-background-color has-background is-layout-constrained wp-container-core-group-is-layout-d85630c1 wp-block-group-is-layout-constrained\" style=\"border-radius:4px;margin-top:0;margin-bottom:0;padding-top:var(--wp--preset--spacing--80);padding-right:var(--wp--preset--spacing--60);padding-bottom:var(--wp--preset--spacing--80);padding-left:var(--wp--preset--spacing--60)\">\n<h1 class=\"wp-block-heading has-text-align-center has-n-brown-color has-text-color has-link-color has-n-benne-font-family has-x-large-font-size wp-elements-bbb00bc41b12e8f363787a5f0c74f423\"><strong>Got a question?<\/strong><\/h1>\n\n\n\n<p class=\"has-text-align-center n-max-text has-n-brown-color has-text-color has-link-color has-n-outfit-font-family wp-elements-c40e97b95284963af10d0ab9cd05fdb6\">We\u2019re here to help! Check out our FAQ for quick answers, or contact us directly by phone, email, or through our contact form.<\/p>\n\n\n\n<div class=\"wp-block-group is-vertical is-content-justification-stretch is-layout-flex wp-container-core-group-is-layout-ae148e6d wp-block-group-is-layout-flex\" style=\"margin-top:var(--wp--preset--spacing--70)\">\n<details class=\"wp-block-details has-n-brown-color has-text-color has-link-color has-n-outfit-font-family has-medium-font-size wp-elements-7df1b533d6bac8e45768e2563e5e5dc7 is-layout-flow wp-container-core-details-is-layout-d3fb2301 wp-block-details-is-layout-flow\" style=\"border-top-color:var(--wp--preset--color--n-lightest-brown);border-top-width:1px;padding-top:var(--wp--preset--spacing--40);padding-bottom:var(--wp--preset--spacing--40);font-style:normal;font-weight:300\"><summary>What are the opening dates of Moulin de Chatressac?<\/summary>\n<p class=\"has-n-outfit-font-family has-default-font-size\" style=\"font-style:normal;font-weight:400\">Our accommodations are open year-round, welcoming you to Charente-Maritime in a preserved setting where nature meets history.<\/p>\n<\/details>\n\n\n\n<details class=\"wp-block-details has-n-brown-color has-text-color has-link-color has-n-outfit-font-family has-medium-font-size wp-elements-d89a8ad218a5f8576b5ed6d195e2446a is-layout-flow wp-container-core-details-is-layout-d3fb2301 wp-block-details-is-layout-flow\" style=\"border-top-color:var(--wp--preset--color--n-lightest-brown);border-top-width:1px;padding-top:var(--wp--preset--spacing--40);padding-bottom:var(--wp--preset--spacing--40);font-style:normal;font-weight:300\"><summary>When can I check in and check out?<\/summary>\n<p class=\"has-n-outfit-font-family has-default-font-size\" style=\"font-style:normal;font-weight:400\"><strong>Check-in:<\/strong> From 4:00 PM<\/p>\n\n\n\n<p class=\"has-n-outfit-font-family has-default-font-size\" style=\"font-style:normal;font-weight:400\"><strong>Check-out:<\/strong> Before 11:00 AM &#8211; Arrivals and departures are flexible\u2014no specific days required.<\/p>\n<\/details>\n\n\n\n<details class=\"wp-block-details has-n-brown-color has-text-color has-link-color has-n-outfit-font-family has-medium-font-size wp-elements-6961ae998acd8aa105c8e10b9e7696f9 is-layout-flow wp-container-core-details-is-layout-d3fb2301 wp-block-details-is-layout-flow\" style=\"border-top-color:var(--wp--preset--color--n-lightest-brown);border-top-width:1px;padding-top:var(--wp--preset--spacing--40);padding-bottom:var(--wp--preset--spacing--40);font-style:normal;font-weight:300\"><summary>Are the accommodations suitable for guests with reduced mobility?<\/summary>\n<p class=\"has-n-outfit-font-family has-default-font-size\" style=\"font-style:normal;font-weight:400\">Our cottages are located in a historic mill with stairs (especially for the upper floors). If you are traveling with guests with reduced mobility, young children, or seniors, please contact us before booking. We will work together to find solutions to make your stay easier.<\/p>\n<\/details>\n\n\n\n<details class=\"wp-block-details has-n-brown-color has-text-color has-link-color has-n-outfit-font-family has-medium-font-size wp-elements-40b18a3431163d42d38af64c53af72cf is-layout-flow wp-container-core-details-is-layout-d3fb2301 wp-block-details-is-layout-flow\" style=\"border-top-color:var(--wp--preset--color--n-lightest-brown);border-top-width:1px;padding-top:var(--wp--preset--spacing--40);padding-bottom:var(--wp--preset--spacing--40);font-style:normal;font-weight:300\"><summary>Can I modify or cancel my booking?<strong><br><\/strong><\/summary>\n<p class=\"has-n-outfit-font-family has-default-font-size\" style=\"font-style:normal;font-weight:400\"><strong>Modifications:<\/strong> Possible by contacting us directly.<\/p>\n\n\n\n<p class=\"has-n-outfit-font-family has-default-font-size\" style=\"font-style:normal;font-weight:400\"><strong>Cancellations:<\/strong> Conditions depend on your reservation. Please check your confirmation email or contact us for details.<br>\ud83d\udca1 <strong>Tip:<\/strong> We recommend taking out travel insurance for peace of mind.<\/p>\n<\/details>\n\n\n\n<div class=\"wp-block-buttons is-content-justification-center is-layout-flex wp-container-core-buttons-is-layout-d234f690 wp-block-buttons-is-layout-flex\" style=\"margin-top:var(--wp--preset--spacing--50);margin-bottom:var(--wp--preset--spacing--50)\">\n<div class=\"wp-block-button is-style-outline is-style-outline--1\"><a class=\"wp-block-button__link has-n-brown-color has-text-color has-link-color has-border-color has-n-brown-border-color has-n-outfit-font-family has-text-align-center has-custom-font-size wp-element-button\" href=\"https:\/\/moulindechatressac.com\/faq\/\" style=\"border-width:1px;border-radius:4px;font-size:14px\">Browse the full FAQ<\/a><\/div>\n<\/div>\n<\/div>\n<\/div>\n\n\n\n<div class=\"wp-block-group n-mobile-full-bleed is-layout-constrained wp-block-group-is-layout-constrained\" style=\"border-radius:0px\">\n<div class=\"wp-block-columns are-vertically-aligned-top is-layout-flex wp-container-core-columns-is-layout-28f84493 wp-block-columns-is-layout-flex\">\n<div class=\"wp-block-column is-vertically-aligned-top is-layout-flow wp-block-column-is-layout-flow\" style=\"padding-right:var(--wp--preset--spacing--40);padding-left:var(--wp--preset--spacing--40);flex-basis:50%\">\n<div class=\"wp-block-group is-vertical is-layout-flex wp-container-core-group-is-layout-355c4241 wp-block-group-is-layout-flex\">\n<h2 class=\"wp-block-heading has-n-brown-color has-text-color has-link-color has-n-benne-font-family has-large-font-size wp-elements-5fab194233d806a1d6314880ecf9a244\" style=\"line-height:1\"><strong>Still have a question?<\/strong><\/h2>\n\n\n\n<p class=\"n-max-title has-n-brown-color has-text-color has-link-color has-n-outfit-font-family wp-elements-bc56a4cc2b1c74bc20ffce5c86961710\">If you haven\u2019t found the answer you\u2019re looking for, don\u2019t hesitate to contact us via the form or by email.<br><br>emails : moulindechatressac@gmail.com &#8211; info@moulindechatressac.com<\/p>\n<\/div>\n\n\n\n<div class=\"wp-block-gmap-gmap-block gmap-block-2vtrq6ow\"><iframe src=\"https:\/\/maps.google.com\/maps?q=Moulin+de+Chatressac&#038;z=15&#038;t=roadmap&#038;output=embed\" class=\"embd-map\" title=\"Moulin de Chatressac\"><\/iframe><\/div>\n<\/div>\n\n\n\n<div class=\"wp-block-column is-vertically-aligned-top is-layout-flow wp-block-column-is-layout-flow\" style=\"padding-right:var(--wp--preset--spacing--60);padding-left:var(--wp--preset--spacing--50);flex-basis:50%\">\n<div class=\"wpcf7 no-js\" id=\"wpcf7-f99-o1\" lang=\"fr-FR\" dir=\"ltr\" data-wpcf7-id=\"99\">\n<div class=\"screen-reader-response\"><p role=\"status\" aria-live=\"polite\" aria-atomic=\"true\"><\/p> <ul><\/ul><\/div>\n<form action=\"\/en\/wp-json\/wp\/v2\/pages\/20#wpcf7-f99-o1\" method=\"post\" class=\"wpcf7-form init\" aria-label=\"Formulaire de contact\" novalidate=\"novalidate\" data-status=\"init\">\n<fieldset class=\"hidden-fields-container\"><input type=\"hidden\" name=\"_wpcf7\" value=\"99\" \/><input type=\"hidden\" name=\"_wpcf7_version\" value=\"6.1.5\" \/><input type=\"hidden\" name=\"_wpcf7_locale\" value=\"fr_FR\" \/><input type=\"hidden\" name=\"_wpcf7_unit_tag\" value=\"wpcf7-f99-o1\" \/><input type=\"hidden\" name=\"_wpcf7_container_post\" value=\"0\" \/><input type=\"hidden\" name=\"_wpcf7_posted_data_hash\" value=\"\" \/><input type=\"hidden\" name=\"lang\" value=\"en\" \/>\n<\/fieldset>\n<p><label> Votre nom *<br \/>\n<span class=\"wpcf7-form-control-wrap\" data-name=\"your-name\"><input size=\"40\" maxlength=\"400\" class=\"wpcf7-form-control wpcf7-text wpcf7-validates-as-required\" autocomplete=\"name\" aria-required=\"true\" aria-invalid=\"false\" placeholder=\"John Doe\" value=\"\" type=\"text\" name=\"your-name\" \/><\/span><br \/>\n<\/label>\n<\/p>\n<p><label> Votre e-mail *<br \/>\n<span class=\"wpcf7-form-control-wrap\" data-name=\"your-email\"><input size=\"40\" maxlength=\"400\" class=\"wpcf7-form-control wpcf7-email wpcf7-validates-as-required wpcf7-text wpcf7-validates-as-email\" autocomplete=\"email\" aria-required=\"true\" aria-invalid=\"false\" placeholder=\"exemple@email.com\" value=\"\" type=\"email\" name=\"your-email\" \/><\/span> <\/label>\n<\/p>\n<p><label> Votre num\u00e9ro de t\u00e9l\u00e9phone<br \/>\n<span class=\"wpcf7-form-control-wrap\" data-name=\"tel\"><input size=\"40\" maxlength=\"400\" class=\"wpcf7-form-control wpcf7-tel wpcf7-text wpcf7-validates-as-tel\" aria-invalid=\"false\" placeholder=\"+33 12 34 56 78\" value=\"\" type=\"tel\" name=\"tel\" \/><\/span> <\/label>\n<\/p>\n<p><label> A quel propos nous contactez-vous ? *<br \/>\n<span class=\"wpcf7-form-control-wrap\" data-name=\"your-subject\"><select class=\"wpcf7-form-control wpcf7-select wpcf7-validates-as-required\" aria-required=\"true\" aria-invalid=\"false\" name=\"your-subject\"><option value=\"Renseignements\">Renseignements<\/option><option value=\"Ma r\u00e9servation\">Ma r\u00e9servation<\/option><option value=\"Autre\">Autre<\/option><\/select><\/span> <\/label>\n<\/p>\n<p><label> Votre message *<br \/>\n<span class=\"wpcf7-form-control-wrap\" data-name=\"your-message\"><textarea cols=\"40\" rows=\"10\" maxlength=\"2000\" class=\"wpcf7-form-control wpcf7-textarea wpcf7-validates-as-required\" aria-required=\"true\" aria-invalid=\"false\" name=\"your-message\"><\/textarea><\/span> <\/label>\n<\/p>\n<p><input class=\"wpcf7-form-control wpcf7-submit has-spinner\" type=\"submit\" value=\"Envoyer\" \/>\n<\/p><div class=\"wpcf7-response-output\" aria-hidden=\"true\"><\/div>\n<\/form>\n<\/div>\n\n<\/div>\n<\/div>\n<\/div>\n","protected":false},"excerpt":{"rendered":"<p>Got a question? We\u2019re here to help! Check out our FAQ for quick answers, or contact us directly by phone, email, or through our contact form. Still have a question? If you haven\u2019t found the answer you\u2019re looking for, don\u2019t hesitate to contact us via the form or by email. emails : moulindechatressac@gmail.com &#8211; info@moulindechatressac.com<\/p>\n","protected":false},"author":1,"featured_media":0,"parent":0,"menu_order":0,"comment_status":"closed","ping_status":"closed","template":"","meta":{"footnotes":""},"class_list":["post-20","page","type-page","status-publish","hentry"],"yoast_head":"<!-- This site is optimized with the Yoast SEO plugin v27.4 - https:\/\/yoast.com\/product\/yoast-seo-wordpress\/ -->\n<title>Contact<\/title>\n<meta name=\"robots\" content=\"index, follow, max-snippet:-1, max-image-preview:large, max-video-preview:-1\" \/>\n<link rel=\"canonical\" href=\"https:\/\/moulindechatressac.com\/en\/contact\/\" \/>\n<meta property=\"og:locale\" content=\"en_GB\" \/>\n<meta property=\"og:locale:alternate\" content=\"fr_FR\" \/>\n<meta property=\"og:locale:alternate\" content=\"de_DE\" \/>\n<meta property=\"og:locale:alternate\" content=\"es_ES\" \/>\n<meta property=\"og:type\" content=\"article\" \/>\n<meta property=\"og:title\" content=\"Contact\" \/>\n<meta property=\"og:description\" content=\"Got a question? We\u2019re here to help! Check out our FAQ for quick answers, or contact us directly by phone, email, or through our contact form. Still have a question? If you haven\u2019t found the answer you\u2019re looking for, don\u2019t hesitate to contact us via the form or by email. emails : moulindechatressac@gmail.com &#8211; info@moulindechatressac.com\" \/>\n<meta property=\"og:url\" content=\"https:\/\/moulindechatressac.com\/en\/contact\/\" \/>\n<meta property=\"og:site_name\" content=\"Le Moulin de Chatressac\" \/>\n<meta property=\"article:modified_time\" content=\"2026-03-16T13:43:09+00:00\" \/>\n<meta name=\"twitter:card\" content=\"summary_large_image\" \/>\n<meta name=\"twitter:label1\" content=\"Estimated reading time\" \/>\n\t<meta name=\"twitter:data1\" content=\"2 minutes\" \/>\n<script type=\"application\/ld+json\" class=\"yoast-schema-graph\">{\"@context\":\"https:\\\/\\\/schema.org\",\"@graph\":[{\"@type\":\"WebPage\",\"@id\":\"https:\\\/\\\/moulindechatressac.com\\\/contact\\\/\",\"url\":\"https:\\\/\\\/moulindechatressac.com\\\/contact\\\/\",\"name\":\"Contact\",\"isPartOf\":{\"@id\":\"https:\\\/\\\/moulindechatressac.com\\\/#website\"},\"datePublished\":\"2025-10-30T11:12:13+00:00\",\"dateModified\":\"2026-03-16T13:43:09+00:00\",\"breadcrumb\":{\"@id\":\"https:\\\/\\\/moulindechatressac.com\\\/contact\\\/#breadcrumb\"},\"inLanguage\":\"en-GB\",\"potentialAction\":[{\"@type\":\"ReadAction\",\"target\":[\"https:\\\/\\\/moulindechatressac.com\\\/contact\\\/\"]}]},{\"@type\":\"BreadcrumbList\",\"@id\":\"https:\\\/\\\/moulindechatressac.com\\\/contact\\\/#breadcrumb\",\"itemListElement\":[{\"@type\":\"ListItem\",\"position\":1,\"name\":\"Accueil\",\"item\":\"https:\\\/\\\/moulindechatressac.com\\\/\"},{\"@type\":\"ListItem\",\"position\":2,\"name\":\"Contact\"}]},{\"@type\":\"WebSite\",\"@id\":\"https:\\\/\\\/moulindechatressac.com\\\/#website\",\"url\":\"https:\\\/\\\/moulindechatressac.com\\\/\",\"name\":\"Le Moulin de Chatressac\",\"description\":\"Charming riverside holiday cottages in a historic mill in Charente-Maritime\",\"publisher\":{\"@id\":\"https:\\\/\\\/moulindechatressac.com\\\/#organization\"},\"potentialAction\":[{\"@type\":\"SearchAction\",\"target\":{\"@type\":\"EntryPoint\",\"urlTemplate\":\"https:\\\/\\\/moulindechatressac.com\\\/?s={search_term_string}\"},\"query-input\":{\"@type\":\"PropertyValueSpecification\",\"valueRequired\":true,\"valueName\":\"search_term_string\"}}],\"inLanguage\":\"en-GB\"},{\"@type\":\"Organization\",\"@id\":\"https:\\\/\\\/moulindechatressac.com\\\/#organization\",\"name\":\"Le Moulin de Chatressac\",\"url\":\"https:\\\/\\\/moulindechatressac.com\\\/\",\"logo\":{\"@type\":\"ImageObject\",\"inLanguage\":\"en-GB\",\"@id\":\"https:\\\/\\\/moulindechatressac.com\\\/#\\\/schema\\\/logo\\\/image\\\/\",\"url\":\"https:\\\/\\\/moulindechatressac.com\\\/wp-content\\\/uploads\\\/2026\\\/02\\\/logo-moulin-chatressac.png\",\"contentUrl\":\"https:\\\/\\\/moulindechatressac.com\\\/wp-content\\\/uploads\\\/2026\\\/02\\\/logo-moulin-chatressac.png\",\"width\":546,\"height\":125,\"caption\":\"Le Moulin  de Chatressac\"},\"image\":{\"@id\":\"https:\\\/\\\/moulindechatressac.com\\\/#\\\/schema\\\/logo\\\/image\\\/\"}}]}<\/script>\n<!-- \/ Yoast SEO plugin. -->","yoast_head_json":{"title":"Contact","robots":{"index":"index","follow":"follow","max-snippet":"max-snippet:-1","max-image-preview":"max-image-preview:large","max-video-preview":"max-video-preview:-1"},"canonical":"https:\/\/moulindechatressac.com\/en\/contact\/","og_locale":"en_GB","og_type":"article","og_title":"[:en]Contact[:fr]Contact[:] - Le Moulin de Chatressac","og_description":"Got a question? We\u2019re here to help! Check out our FAQ for quick answers, or contact us directly by phone, email, or through our contact form. Still have a question? If you haven\u2019t found the answer you\u2019re looking for, don\u2019t hesitate to contact us via the form or by email. emails : moulindechatressac@gmail.com &#8211; info@moulindechatressac.com","og_url":"https:\/\/moulindechatressac.com\/en\/contact\/","og_site_name":"Le Moulin de Chatressac","article_modified_time":"2026-03-16T13:43:09+00:00","twitter_card":"summary_large_image","twitter_misc":{"Estimated reading time":"2 minutes"},"schema":{"@context":"https:\/\/schema.org","@graph":[{"@type":"WebPage","@id":"https:\/\/moulindechatressac.com\/contact\/","url":"https:\/\/moulindechatressac.com\/contact\/","name":"Contact","isPartOf":{"@id":"https:\/\/moulindechatressac.com\/#website"},"datePublished":"2025-10-30T11:12:13+00:00","dateModified":"2026-03-16T13:43:09+00:00","breadcrumb":{"@id":"https:\/\/moulindechatressac.com\/contact\/#breadcrumb"},"inLanguage":"en-GB","potentialAction":[{"@type":"ReadAction","target":["https:\/\/moulindechatressac.com\/contact\/"]}]},{"@type":"BreadcrumbList","@id":"https:\/\/moulindechatressac.com\/contact\/#breadcrumb","itemListElement":[{"@type":"ListItem","position":1,"name":"Accueil","item":"https:\/\/moulindechatressac.com\/"},{"@type":"ListItem","position":2,"name":"Contact"}]},{"@type":"WebSite","@id":"https:\/\/moulindechatressac.com\/#website","url":"https:\/\/moulindechatressac.com\/","name":"Le Moulin de Chatressac","description":"Charming riverside holiday cottages in a historic mill in Charente-Maritime","publisher":{"@id":"https:\/\/moulindechatressac.com\/#organization"},"potentialAction":[{"@type":"SearchAction","target":{"@type":"EntryPoint","urlTemplate":"https:\/\/moulindechatressac.com\/?s={search_term_string}"},"query-input":{"@type":"PropertyValueSpecification","valueRequired":true,"valueName":"search_term_string"}}],"inLanguage":"en-GB"},{"@type":"Organization","@id":"https:\/\/moulindechatressac.com\/#organization","name":"Le Moulin de Chatressac","url":"https:\/\/moulindechatressac.com\/","logo":{"@type":"ImageObject","inLanguage":"en-GB","@id":"https:\/\/moulindechatressac.com\/#\/schema\/logo\/image\/","url":"https:\/\/moulindechatressac.com\/wp-content\/uploads\/2026\/02\/logo-moulin-chatressac.png","contentUrl":"https:\/\/moulindechatressac.com\/wp-content\/uploads\/2026\/02\/logo-moulin-chatressac.png","width":546,"height":125,"caption":"Le Moulin  de Chatressac"},"image":{"@id":"https:\/\/moulindechatressac.com\/#\/schema\/logo\/image\/"}}]}},"_links":{"self":[{"href":"https:\/\/moulindechatressac.com\/en\/wp-json\/wp\/v2\/pages\/20","targetHints":{"allow":["GET"]}}],"collection":[{"href":"https:\/\/moulindechatressac.com\/en\/wp-json\/wp\/v2\/pages"}],"about":[{"href":"https:\/\/moulindechatressac.com\/en\/wp-json\/wp\/v2\/types\/page"}],"author":[{"embeddable":true,"href":"https:\/\/moulindechatressac.com\/en\/wp-json\/wp\/v2\/users\/1"}],"replies":[{"embeddable":true,"href":"https:\/\/moulindechatressac.com\/en\/wp-json\/wp\/v2\/comments?post=20"}],"version-history":[{"count":30,"href":"https:\/\/moulindechatressac.com\/en\/wp-json\/wp\/v2\/pages\/20\/revisions"}],"predecessor-version":[{"id":874,"href":"https:\/\/moulindechatressac.com\/en\/wp-json\/wp\/v2\/pages\/20\/revisions\/874"}],"wp:attachment":[{"href":"https:\/\/moulindechatressac.com\/en\/wp-json\/wp\/v2\/media?parent=20"}],"curies":[{"name":"wp","href":"https:\/\/api.w.org\/{rel}","templated":true}]}}