{"id":301,"date":"2025-12-29T13:15:02","date_gmt":"2025-12-29T12:15:02","guid":{"rendered":"https:\/\/moulindechatressac.com\/?page_id=301"},"modified":"2026-03-09T15:40:46","modified_gmt":"2026-03-09T14:40:46","slug":"hebergements","status":"publish","type":"page","link":"https:\/\/moulindechatressac.com\/en\/hebergements\/","title":{"rendered":"Accommodations"},"content":{"rendered":"\n<div class=\"wp-block-group n-mobile-full-bleed has-n-lightest-brown-background-color has-background is-layout-constrained wp-container-core-group-is-layout-19ac9bc1 wp-block-group-is-layout-constrained\" style=\"border-radius:4px;margin-top:0;margin-bottom:0;padding-top:var(--wp--preset--spacing--60);padding-right:var(--wp--preset--spacing--60);padding-bottom:var(--wp--preset--spacing--60);padding-left:var(--wp--preset--spacing--60)\">\n<div class=\"wp-block-columns are-vertically-aligned-center n-column-reverse is-layout-flex wp-container-core-columns-is-layout-28f84493 wp-block-columns-is-layout-flex\">\n<div class=\"wp-block-column is-vertically-aligned-center is-layout-flow wp-block-column-is-layout-flow\" style=\"padding-right:var(--wp--preset--spacing--40);padding-left:var(--wp--preset--spacing--40);flex-basis:33.33%\">\n<div class=\"wp-block-group is-vertical is-layout-flex wp-container-core-group-is-layout-355c4241 wp-block-group-is-layout-flex\">\n<h1 class=\"wp-block-heading has-n-light-brown-color has-text-color has-link-color has-n-outfit-font-family has-small-font-size wp-elements-cc016e4ffcc8b66abbe90fc9cc52cacd\" style=\"font-style:normal;font-weight:300;letter-spacing:1.5px;text-transform:uppercase\">Our accommodations<\/h1>\n\n\n\n<h2 class=\"wp-block-heading has-n-brown-color has-text-color has-link-color has-n-benne-font-family has-gigantic-font-size wp-elements-90716f0375e61c2ccdbb9f6e7365ee5e\" style=\"line-height:1\"><strong>Cottages in the Heart of Nature<\/strong><\/h2>\n\n\n\n<p class=\"has-n-brown-color has-text-color has-link-color has-n-outfit-font-family wp-elements-5c9cc16b326c3610f1d9c79b9efd69c1\" style=\"font-size:14px\">Discover our four charming cottages, thoughtfully designed to offer comfort, privacy, and stunning views of the marshes and the port of Chatressac. Each accommodation is tailored to meet your needs, whether you\u2019re traveling with family, as a couple, or with friends.<\/p>\n\n\n\n<div class=\"wp-block-buttons is-layout-flex wp-block-buttons-is-layout-flex\" style=\"margin-top:var(--wp--preset--spacing--50)\">\n<div class=\"wp-block-button is-style-fill\"><a class=\"wp-block-button__link has-n-outfit-font-family has-small-font-size has-custom-font-size wp-element-button\" href=\"https:\/\/reservation.secureholiday.net\/en\/2606\/\" style=\"border-radius:4px;text-transform:uppercase\">Book your holidays<\/a><\/div>\n<\/div>\n<\/div>\n<\/div>\n\n\n\n<div class=\"wp-block-column is-vertically-aligned-center is-layout-flow wp-block-column-is-layout-flow\" style=\"flex-basis:66.66%\">\n<figure class=\"wp-block-image size-full has-custom-border\"><img loading=\"lazy\" decoding=\"async\" width=\"1176\" height=\"800\" src=\"https:\/\/moulindechatressac.com\/wp-content\/uploads\/2025\/12\/vue-moulin-de-chatressac.webp\" alt=\"\" class=\"wp-image-292\" style=\"border-radius:4px;aspect-ratio:4\/3;object-fit:cover\" srcset=\"https:\/\/moulindechatressac.com\/wp-content\/uploads\/2025\/12\/vue-moulin-de-chatressac.webp 1176w, https:\/\/moulindechatressac.com\/wp-content\/uploads\/2025\/12\/vue-moulin-de-chatressac-300x204.webp 300w, https:\/\/moulindechatressac.com\/wp-content\/uploads\/2025\/12\/vue-moulin-de-chatressac-1024x697.webp 1024w, https:\/\/moulindechatressac.com\/wp-content\/uploads\/2025\/12\/vue-moulin-de-chatressac-768x522.webp 768w\" sizes=\"auto, (max-width: 1176px) 100vw, 1176px\" \/><\/figure>\n<\/div>\n<\/div>\n<\/div>\n\n\n\n<div class=\"wp-block-columns is-layout-flex wp-container-core-columns-is-layout-28f84493 wp-block-columns-is-layout-flex\">\n<div class=\"wp-block-column is-layout-flow wp-block-column-is-layout-flow\" style=\"flex-basis:50%\">\n<div class=\"wp-block-group wp-container-content-69bc4bdf is-vertical is-content-justification-stretch is-layout-flex wp-container-core-group-is-layout-d275371d wp-block-group-is-layout-flex\">\n<figure class=\"wp-block-image size-full has-custom-border\"><img loading=\"lazy\" decoding=\"async\" width=\"1176\" height=\"882\" src=\"https:\/\/moulindechatressac.com\/wp-content\/uploads\/2025\/12\/gite-oleron-salon.webp\" alt=\"\" class=\"wp-image-289\" style=\"border-radius:4px;aspect-ratio:16\/9;object-fit:cover\" srcset=\"https:\/\/moulindechatressac.com\/wp-content\/uploads\/2025\/12\/gite-oleron-salon.webp 1176w, https:\/\/moulindechatressac.com\/wp-content\/uploads\/2025\/12\/gite-oleron-salon-300x225.webp 300w, https:\/\/moulindechatressac.com\/wp-content\/uploads\/2025\/12\/gite-oleron-salon-1024x768.webp 1024w, https:\/\/moulindechatressac.com\/wp-content\/uploads\/2025\/12\/gite-oleron-salon-768x576.webp 768w\" sizes=\"auto, (max-width: 1176px) 100vw, 1176px\" \/><\/figure>\n\n\n\n<div class=\"wp-block-group is-content-justification-space-between is-nowrap is-layout-flex wp-container-core-group-is-layout-bd323b9f wp-block-group-is-layout-flex\" style=\"padding-top:var(--wp--preset--spacing--20)\">\n<h3 class=\"wp-block-heading has-n-benne-font-family has-medium-font-size\" style=\"line-height:1\">G\u00eete Ol\u00e9ron<\/h3>\n\n\n\n<p class=\"has-text-align-right has-small-font-size\"><strong>up to 4 guests<\/strong><\/p>\n<\/div>\n\n\n\n<p style=\"font-size:14px\">An 81 sqm cottage set on the first floor of the mill\u2019s west wing, with its own private entrance and stunning views over the port and surrounding marshlands.<\/p>\n\n\n\n<p class=\"has-text-align-left has-n-button-color has-text-color has-link-color has-small-font-size wp-elements-608522b752fb4b942b2ddff7f39104da\"><a href=\"https:\/\/moulindechatressac.com\/hebergements\/gite-oleron\/\" data-type=\"page\" data-id=\"30\">Discover more<\/a><\/p>\n<\/div>\n<\/div>\n\n\n\n<div class=\"wp-block-column is-layout-flow wp-block-column-is-layout-flow\" style=\"flex-basis:50%\">\n<div class=\"wp-block-group wp-container-content-69bc4bdf is-vertical is-content-justification-stretch is-layout-flex wp-container-core-group-is-layout-d275371d wp-block-group-is-layout-flex\">\n<figure class=\"wp-block-image size-full has-custom-border\"><img loading=\"lazy\" decoding=\"async\" width=\"1176\" height=\"882\" src=\"https:\/\/moulindechatressac.com\/wp-content\/uploads\/2025\/12\/piece-de-vie-gite-aix.webp\" alt=\"\" class=\"wp-image-318\" style=\"border-radius:4px;aspect-ratio:16\/9;object-fit:cover\" srcset=\"https:\/\/moulindechatressac.com\/wp-content\/uploads\/2025\/12\/piece-de-vie-gite-aix.webp 1176w, https:\/\/moulindechatressac.com\/wp-content\/uploads\/2025\/12\/piece-de-vie-gite-aix-300x225.webp 300w, https:\/\/moulindechatressac.com\/wp-content\/uploads\/2025\/12\/piece-de-vie-gite-aix-1024x768.webp 1024w, https:\/\/moulindechatressac.com\/wp-content\/uploads\/2025\/12\/piece-de-vie-gite-aix-768x576.webp 768w\" sizes=\"auto, (max-width: 1176px) 100vw, 1176px\" \/><\/figure>\n\n\n\n<div class=\"wp-block-group is-content-justification-space-between is-nowrap is-layout-flex wp-container-core-group-is-layout-bd323b9f wp-block-group-is-layout-flex\" style=\"padding-top:var(--wp--preset--spacing--20)\">\n<h3 class=\"wp-block-heading has-n-benne-font-family has-medium-font-size\" style=\"line-height:1\">G\u00eete Aix<\/h3>\n\n\n\n<p class=\"has-text-align-right has-small-font-size\"><strong>up to 4 guests<\/strong><\/p>\n<\/div>\n\n\n\n<p style=\"font-size:14px\">A 100 sqm cottage set on the first floor at the heart of the mill, boasting a generous 200 sqm terrace and sweeping panoramic views over the marshlands.<\/p>\n\n\n\n<p class=\"has-text-align-left has-n-button-color has-text-color has-link-color has-small-font-size wp-elements-2968347407e6353b1dde5859bd2fd5ae\"><a href=\"https:\/\/moulindechatressac.com\/hebergements\/gite-aix\/\" data-type=\"page\" data-id=\"309\">Discover more<\/a><\/p>\n<\/div>\n<\/div>\n<\/div>\n\n\n\n<div class=\"wp-block-columns is-layout-flex wp-container-core-columns-is-layout-28f84493 wp-block-columns-is-layout-flex\">\n<div class=\"wp-block-column is-layout-flow wp-block-column-is-layout-flow\" style=\"flex-basis:50%\">\n<div class=\"wp-block-group wp-container-content-69bc4bdf is-vertical is-content-justification-stretch is-layout-flex wp-container-core-group-is-layout-d275371d wp-block-group-is-layout-flex\">\n<figure class=\"wp-block-image size-full has-custom-border\"><img loading=\"lazy\" decoding=\"async\" width=\"1176\" height=\"882\" src=\"https:\/\/moulindechatressac.com\/wp-content\/uploads\/2025\/12\/grande-chambre-gite-ile-de-re.webp\" alt=\"\" class=\"wp-image-342\" style=\"border-radius:4px;aspect-ratio:16\/9;object-fit:cover\" srcset=\"https:\/\/moulindechatressac.com\/wp-content\/uploads\/2025\/12\/grande-chambre-gite-ile-de-re.webp 1176w, https:\/\/moulindechatressac.com\/wp-content\/uploads\/2025\/12\/grande-chambre-gite-ile-de-re-300x225.webp 300w, https:\/\/moulindechatressac.com\/wp-content\/uploads\/2025\/12\/grande-chambre-gite-ile-de-re-1024x768.webp 1024w, https:\/\/moulindechatressac.com\/wp-content\/uploads\/2025\/12\/grande-chambre-gite-ile-de-re-768x576.webp 768w\" sizes=\"auto, (max-width: 1176px) 100vw, 1176px\" \/><\/figure>\n\n\n\n<div class=\"wp-block-group is-content-justification-space-between is-nowrap is-layout-flex wp-container-core-group-is-layout-bd323b9f wp-block-group-is-layout-flex\" style=\"padding-top:var(--wp--preset--spacing--20)\">\n<h3 class=\"wp-block-heading has-n-benne-font-family has-medium-font-size\" style=\"line-height:1\">G\u00eete \u00cele de R\u00e9<\/h3>\n\n\n\n<p class=\"has-text-align-right has-small-font-size\"><strong>2-4 guests<\/strong><\/p>\n<\/div>\n\n\n\n<p style=\"font-size:14px\">A 105 sqm cottage situated on the second floor (no elevator), perfect for two couples, offering stunning views over the port and surrounding marshlands.<\/p>\n\n\n\n<p class=\"has-text-align-left has-n-button-color has-text-color has-link-color has-small-font-size wp-elements-ca1bc9a20f2160ab3e081216753d67c7\"><a href=\"https:\/\/moulindechatressac.com\/hebergements\/gite-ile-de-re\/\" data-type=\"page\" data-id=\"333\">Discover more<\/a><\/p>\n<\/div>\n<\/div>\n\n\n\n<div class=\"wp-block-column is-layout-flow wp-block-column-is-layout-flow\" style=\"flex-basis:50%\">\n<div class=\"wp-block-group wp-container-content-69bc4bdf is-vertical is-content-justification-stretch is-layout-flex wp-container-core-group-is-layout-d275371d wp-block-group-is-layout-flex\">\n<figure class=\"wp-block-image size-full has-custom-border\"><img loading=\"lazy\" decoding=\"async\" width=\"1176\" height=\"882\" src=\"https:\/\/moulindechatressac.com\/wp-content\/uploads\/2025\/12\/chambre-gite-cordouan.webp\" alt=\"\" class=\"wp-image-356\" style=\"border-radius:4px;aspect-ratio:16\/9;object-fit:cover\" srcset=\"https:\/\/moulindechatressac.com\/wp-content\/uploads\/2025\/12\/chambre-gite-cordouan.webp 1176w, https:\/\/moulindechatressac.com\/wp-content\/uploads\/2025\/12\/chambre-gite-cordouan-300x225.webp 300w, https:\/\/moulindechatressac.com\/wp-content\/uploads\/2025\/12\/chambre-gite-cordouan-1024x768.webp 1024w, https:\/\/moulindechatressac.com\/wp-content\/uploads\/2025\/12\/chambre-gite-cordouan-768x576.webp 768w\" sizes=\"auto, (max-width: 1176px) 100vw, 1176px\" \/><\/figure>\n\n\n\n<div class=\"wp-block-group is-content-justification-space-between is-nowrap is-layout-flex wp-container-core-group-is-layout-bd323b9f wp-block-group-is-layout-flex\" style=\"padding-top:var(--wp--preset--spacing--20)\">\n<h3 class=\"wp-block-heading has-n-benne-font-family has-medium-font-size\" style=\"line-height:1\">G\u00eete Cordouan<\/h3>\n\n\n\n<p class=\"has-text-align-right has-small-font-size\"><strong>2-3 guests<\/strong><\/p>\n<\/div>\n\n\n\n<p style=\"font-size:14px\">A 47 sqm cottage located on the second floor (no elevator), offering lovely views over the marshes and the village of Chatressac.<\/p>\n\n\n\n<p class=\"has-text-align-left has-n-button-color has-text-color has-link-color has-small-font-size wp-elements-8c325eba3b7a7f8e16901b841d468c0c\"><a href=\"https:\/\/moulindechatressac.com\/en\/hebergements\/gite-cordouan\/\" data-type=\"page\" data-id=\"30\">Discover more<\/a><\/p>\n<\/div>\n<\/div>\n<\/div>\n","protected":false},"excerpt":{"rendered":"<p>Our accommodations Cottages in the Heart of Nature Discover our four charming cottages, thoughtfully designed to offer comfort, privacy, and stunning views of the marshes and the port of Chatressac. Each accommodation is tailored to meet your needs, whether you\u2019re traveling with family, as a couple, or with friends. G\u00eete Ol\u00e9ron up to 4 guests [&hellip;]<\/p>\n","protected":false},"author":1,"featured_media":0,"parent":0,"menu_order":0,"comment_status":"closed","ping_status":"closed","template":"","meta":{"footnotes":""},"class_list":["post-301","page","type-page","status-publish","hentry"],"yoast_head":"<!-- This site is optimized with the Yoast SEO plugin v27.4 - https:\/\/yoast.com\/product\/yoast-seo-wordpress\/ -->\n<title>Accommodations<\/title>\n<meta name=\"robots\" content=\"index, follow, max-snippet:-1, max-image-preview:large, max-video-preview:-1\" \/>\n<link rel=\"canonical\" href=\"https:\/\/moulindechatressac.com\/en\/hebergements\/\" \/>\n<meta property=\"og:locale\" content=\"en_GB\" \/>\n<meta property=\"og:locale:alternate\" content=\"fr_FR\" \/>\n<meta property=\"og:locale:alternate\" content=\"de_DE\" \/>\n<meta property=\"og:locale:alternate\" content=\"es_ES\" \/>\n<meta property=\"og:type\" content=\"article\" \/>\n<meta property=\"og:title\" content=\"Accommodations\" \/>\n<meta property=\"og:description\" content=\"Our accommodations Cottages in the Heart of Nature Discover our four charming cottages, thoughtfully designed to offer comfort, privacy, and stunning views of the marshes and the port of Chatressac. Each accommodation is tailored to meet your needs, whether you\u2019re traveling with family, as a couple, or with friends. G\u00eete Ol\u00e9ron up to 4 guests [&hellip;]\" \/>\n<meta property=\"og:url\" content=\"https:\/\/moulindechatressac.com\/en\/hebergements\/\" \/>\n<meta property=\"og:site_name\" content=\"Le Moulin de Chatressac\" \/>\n<meta property=\"article:modified_time\" content=\"2026-03-09T14:40:46+00:00\" \/>\n<meta property=\"og:image\" content=\"https:\/\/moulindechatressac.com\/wp-content\/uploads\/2025\/12\/vue-moulin-de-chatressac.webp\" \/>\n\t<meta property=\"og:image:width\" content=\"1176\" \/>\n\t<meta property=\"og:image:height\" content=\"800\" \/>\n\t<meta property=\"og:image:type\" content=\"image\/webp\" \/>\n<meta name=\"twitter:card\" content=\"summary_large_image\" \/>\n<meta name=\"twitter:label1\" content=\"Estimated reading time\" \/>\n\t<meta name=\"twitter:data1\" content=\"3 minutes\" \/>\n<script type=\"application\/ld+json\" class=\"yoast-schema-graph\">{\"@context\":\"https:\\\/\\\/schema.org\",\"@graph\":[{\"@type\":\"WebPage\",\"@id\":\"https:\\\/\\\/moulindechatressac.com\\\/hebergements\\\/\",\"url\":\"https:\\\/\\\/moulindechatressac.com\\\/hebergements\\\/\",\"name\":\"Accommodations\",\"isPartOf\":{\"@id\":\"https:\\\/\\\/moulindechatressac.com\\\/#website\"},\"primaryImageOfPage\":{\"@id\":\"https:\\\/\\\/moulindechatressac.com\\\/hebergements\\\/#primaryimage\"},\"image\":{\"@id\":\"https:\\\/\\\/moulindechatressac.com\\\/hebergements\\\/#primaryimage\"},\"thumbnailUrl\":\"https:\\\/\\\/moulindechatressac.com\\\/wp-content\\\/uploads\\\/2025\\\/12\\\/vue-moulin-de-chatressac.webp\",\"datePublished\":\"2025-12-29T12:15:02+00:00\",\"dateModified\":\"2026-03-09T14:40:46+00:00\",\"breadcrumb\":{\"@id\":\"https:\\\/\\\/moulindechatressac.com\\\/hebergements\\\/#breadcrumb\"},\"inLanguage\":\"en-GB\",\"potentialAction\":[{\"@type\":\"ReadAction\",\"target\":[\"https:\\\/\\\/moulindechatressac.com\\\/hebergements\\\/\"]}]},{\"@type\":\"ImageObject\",\"inLanguage\":\"en-GB\",\"@id\":\"https:\\\/\\\/moulindechatressac.com\\\/hebergements\\\/#primaryimage\",\"url\":\"https:\\\/\\\/moulindechatressac.com\\\/wp-content\\\/uploads\\\/2025\\\/12\\\/vue-moulin-de-chatressac.webp\",\"contentUrl\":\"https:\\\/\\\/moulindechatressac.com\\\/wp-content\\\/uploads\\\/2025\\\/12\\\/vue-moulin-de-chatressac.webp\"},{\"@type\":\"BreadcrumbList\",\"@id\":\"https:\\\/\\\/moulindechatressac.com\\\/hebergements\\\/#breadcrumb\",\"itemListElement\":[{\"@type\":\"ListItem\",\"position\":1,\"name\":\"Accueil\",\"item\":\"https:\\\/\\\/moulindechatressac.com\\\/\"},{\"@type\":\"ListItem\",\"position\":2,\"name\":\"H\u00e9bergements\"}]},{\"@type\":\"WebSite\",\"@id\":\"https:\\\/\\\/moulindechatressac.com\\\/#website\",\"url\":\"https:\\\/\\\/moulindechatressac.com\\\/\",\"name\":\"Le Moulin de Chatressac\",\"description\":\"Charming riverside holiday cottages in a historic mill in Charente-Maritime\",\"publisher\":{\"@id\":\"https:\\\/\\\/moulindechatressac.com\\\/#organization\"},\"potentialAction\":[{\"@type\":\"SearchAction\",\"target\":{\"@type\":\"EntryPoint\",\"urlTemplate\":\"https:\\\/\\\/moulindechatressac.com\\\/?s={search_term_string}\"},\"query-input\":{\"@type\":\"PropertyValueSpecification\",\"valueRequired\":true,\"valueName\":\"search_term_string\"}}],\"inLanguage\":\"en-GB\"},{\"@type\":\"Organization\",\"@id\":\"https:\\\/\\\/moulindechatressac.com\\\/#organization\",\"name\":\"Le Moulin de Chatressac\",\"url\":\"https:\\\/\\\/moulindechatressac.com\\\/\",\"logo\":{\"@type\":\"ImageObject\",\"inLanguage\":\"en-GB\",\"@id\":\"https:\\\/\\\/moulindechatressac.com\\\/#\\\/schema\\\/logo\\\/image\\\/\",\"url\":\"https:\\\/\\\/moulindechatressac.com\\\/wp-content\\\/uploads\\\/2026\\\/02\\\/logo-moulin-chatressac.png\",\"contentUrl\":\"https:\\\/\\\/moulindechatressac.com\\\/wp-content\\\/uploads\\\/2026\\\/02\\\/logo-moulin-chatressac.png\",\"width\":546,\"height\":125,\"caption\":\"Le Moulin  de Chatressac\"},\"image\":{\"@id\":\"https:\\\/\\\/moulindechatressac.com\\\/#\\\/schema\\\/logo\\\/image\\\/\"}}]}<\/script>\n<!-- \/ Yoast SEO plugin. -->","yoast_head_json":{"title":"Accommodations","robots":{"index":"index","follow":"follow","max-snippet":"max-snippet:-1","max-image-preview":"max-image-preview:large","max-video-preview":"max-video-preview:-1"},"canonical":"https:\/\/moulindechatressac.com\/en\/hebergements\/","og_locale":"en_GB","og_type":"article","og_title":"[:en]Accommodations[:fr]H\u00e9bergements[:es]Nuestros alojamientos[:] - Le Moulin de Chatressac","og_description":"Our accommodations Cottages in the Heart of Nature Discover our four charming cottages, thoughtfully designed to offer comfort, privacy, and stunning views of the marshes and the port of Chatressac. Each accommodation is tailored to meet your needs, whether you\u2019re traveling with family, as a couple, or with friends. G\u00eete Ol\u00e9ron up to 4 guests [&hellip;]","og_url":"https:\/\/moulindechatressac.com\/en\/hebergements\/","og_site_name":"Le Moulin de Chatressac","article_modified_time":"2026-03-09T14:40:46+00:00","og_image":[{"width":1176,"height":800,"url":"https:\/\/moulindechatressac.com\/wp-content\/uploads\/2025\/12\/vue-moulin-de-chatressac.webp","type":"image\/webp"}],"twitter_card":"summary_large_image","twitter_misc":{"Estimated reading time":"3 minutes"},"schema":{"@context":"https:\/\/schema.org","@graph":[{"@type":"WebPage","@id":"https:\/\/moulindechatressac.com\/hebergements\/","url":"https:\/\/moulindechatressac.com\/hebergements\/","name":"Accommodations","isPartOf":{"@id":"https:\/\/moulindechatressac.com\/#website"},"primaryImageOfPage":{"@id":"https:\/\/moulindechatressac.com\/hebergements\/#primaryimage"},"image":{"@id":"https:\/\/moulindechatressac.com\/hebergements\/#primaryimage"},"thumbnailUrl":"https:\/\/moulindechatressac.com\/wp-content\/uploads\/2025\/12\/vue-moulin-de-chatressac.webp","datePublished":"2025-12-29T12:15:02+00:00","dateModified":"2026-03-09T14:40:46+00:00","breadcrumb":{"@id":"https:\/\/moulindechatressac.com\/hebergements\/#breadcrumb"},"inLanguage":"en-GB","potentialAction":[{"@type":"ReadAction","target":["https:\/\/moulindechatressac.com\/hebergements\/"]}]},{"@type":"ImageObject","inLanguage":"en-GB","@id":"https:\/\/moulindechatressac.com\/hebergements\/#primaryimage","url":"https:\/\/moulindechatressac.com\/wp-content\/uploads\/2025\/12\/vue-moulin-de-chatressac.webp","contentUrl":"https:\/\/moulindechatressac.com\/wp-content\/uploads\/2025\/12\/vue-moulin-de-chatressac.webp"},{"@type":"BreadcrumbList","@id":"https:\/\/moulindechatressac.com\/hebergements\/#breadcrumb","itemListElement":[{"@type":"ListItem","position":1,"name":"Accueil","item":"https:\/\/moulindechatressac.com\/"},{"@type":"ListItem","position":2,"name":"H\u00e9bergements"}]},{"@type":"WebSite","@id":"https:\/\/moulindechatressac.com\/#website","url":"https:\/\/moulindechatressac.com\/","name":"Le Moulin de Chatressac","description":"Charming riverside holiday cottages in a historic mill in Charente-Maritime","publisher":{"@id":"https:\/\/moulindechatressac.com\/#organization"},"potentialAction":[{"@type":"SearchAction","target":{"@type":"EntryPoint","urlTemplate":"https:\/\/moulindechatressac.com\/?s={search_term_string}"},"query-input":{"@type":"PropertyValueSpecification","valueRequired":true,"valueName":"search_term_string"}}],"inLanguage":"en-GB"},{"@type":"Organization","@id":"https:\/\/moulindechatressac.com\/#organization","name":"Le Moulin de Chatressac","url":"https:\/\/moulindechatressac.com\/","logo":{"@type":"ImageObject","inLanguage":"en-GB","@id":"https:\/\/moulindechatressac.com\/#\/schema\/logo\/image\/","url":"https:\/\/moulindechatressac.com\/wp-content\/uploads\/2026\/02\/logo-moulin-chatressac.png","contentUrl":"https:\/\/moulindechatressac.com\/wp-content\/uploads\/2026\/02\/logo-moulin-chatressac.png","width":546,"height":125,"caption":"Le Moulin  de Chatressac"},"image":{"@id":"https:\/\/moulindechatressac.com\/#\/schema\/logo\/image\/"}}]}},"_links":{"self":[{"href":"https:\/\/moulindechatressac.com\/en\/wp-json\/wp\/v2\/pages\/301","targetHints":{"allow":["GET"]}}],"collection":[{"href":"https:\/\/moulindechatressac.com\/en\/wp-json\/wp\/v2\/pages"}],"about":[{"href":"https:\/\/moulindechatressac.com\/en\/wp-json\/wp\/v2\/types\/page"}],"author":[{"embeddable":true,"href":"https:\/\/moulindechatressac.com\/en\/wp-json\/wp\/v2\/users\/1"}],"replies":[{"embeddable":true,"href":"https:\/\/moulindechatressac.com\/en\/wp-json\/wp\/v2\/comments?post=301"}],"version-history":[{"count":19,"href":"https:\/\/moulindechatressac.com\/en\/wp-json\/wp\/v2\/pages\/301\/revisions"}],"predecessor-version":[{"id":793,"href":"https:\/\/moulindechatressac.com\/en\/wp-json\/wp\/v2\/pages\/301\/revisions\/793"}],"wp:attachment":[{"href":"https:\/\/moulindechatressac.com\/en\/wp-json\/wp\/v2\/media?parent=301"}],"curies":[{"name":"wp","href":"https:\/\/api.w.org\/{rel}","templated":true}]}}