{"id":119,"date":"2025-11-04T15:19:04","date_gmt":"2025-11-04T14:19:04","guid":{"rendered":"http:\/\/85.215.153.166\/vezere\/?page_id=119"},"modified":"2026-04-16T14:06:56","modified_gmt":"2026-04-16T12:06:56","slug":"politique-des-cookies","status":"publish","type":"page","link":"https:\/\/moulindechatressac.com\/es\/politique-des-cookies\/","title":{"rendered":"Politique des Cookies"},"content":{"rendered":"\n<div class=\"wp-block-group is-layout-constrained wp-container-core-group-is-layout-54dd22d8 wp-block-group-is-layout-constrained\" style=\"margin-top:var(--wp--preset--spacing--50);margin-bottom:var(--wp--preset--spacing--50)\">\n<h1 class=\"wp-block-heading\">Politique des Cookies<\/h1>\n\n\n\n<p>Nous utilisons des cookies pour am\u00e9liorer votre exp\u00e9rience sur notre site, analyser le trafic et personnaliser certains contenus. <br>En poursuivant votre navigation, vous acceptez leur utilisation. Vous pouvez g\u00e9rer vos pr\u00e9f\u00e9rences ou refuser les cookies via les param\u00e8tres de votre navigateur.<\/p>\n<\/div>\n","protected":false},"excerpt":{"rendered":"<p>Politique des Cookies Nous utilisons des cookies pour am\u00e9liorer votre exp\u00e9rience sur notre site, analyser le trafic et personnaliser certains contenus. En poursuivant votre navigation, vous acceptez leur utilisation. Vous pouvez g\u00e9rer vos pr\u00e9f\u00e9rences ou refuser les cookies via les param\u00e8tres de votre navigateur.<\/p>\n","protected":false},"author":1,"featured_media":0,"parent":0,"menu_order":0,"comment_status":"closed","ping_status":"closed","template":"","meta":{"footnotes":""},"class_list":["post-119","page","type-page","status-publish","hentry"],"yoast_head":"<!-- This site is optimized with the Yoast SEO plugin v27.4 - https:\/\/yoast.com\/product\/yoast-seo-wordpress\/ -->\n<title>Politique des Cookies<\/title>\n<meta name=\"robots\" content=\"index, follow, max-snippet:-1, max-image-preview:large, max-video-preview:-1\" \/>\n<link rel=\"canonical\" href=\"https:\/\/moulindechatressac.com\/es\/politique-des-cookies\/\" \/>\n<meta property=\"og:locale\" content=\"es_ES\" \/>\n<meta property=\"og:locale:alternate\" content=\"en_UK\" \/>\n<meta property=\"og:locale:alternate\" content=\"fr_FR\" \/>\n<meta property=\"og:locale:alternate\" content=\"de_DE\" \/>\n<meta property=\"og:type\" content=\"article\" \/>\n<meta property=\"og:title\" content=\"Politique des Cookies\" \/>\n<meta property=\"og:description\" content=\"Politique des Cookies Nous utilisons des cookies pour am\u00e9liorer votre exp\u00e9rience sur notre site, analyser le trafic et personnaliser certains contenus. En poursuivant votre navigation, vous acceptez leur utilisation. Vous pouvez g\u00e9rer vos pr\u00e9f\u00e9rences ou refuser les cookies via les param\u00e8tres de votre navigateur.\" \/>\n<meta property=\"og:url\" content=\"https:\/\/moulindechatressac.com\/es\/politique-des-cookies\/\" \/>\n<meta property=\"og:site_name\" content=\"Le Moulin de Chatressac\" \/>\n<meta property=\"article:modified_time\" content=\"2026-04-16T12:06:56+00:00\" \/>\n<meta name=\"twitter:card\" content=\"summary_large_image\" \/>\n<meta name=\"twitter:label1\" content=\"Tiempo de lectura\" \/>\n\t<meta name=\"twitter:data1\" content=\"1 minuto\" \/>\n<script type=\"application\/ld+json\" class=\"yoast-schema-graph\">{\"@context\":\"https:\\\/\\\/schema.org\",\"@graph\":[{\"@type\":\"WebPage\",\"@id\":\"https:\\\/\\\/moulindechatressac.com\\\/politique-des-cookies\\\/\",\"url\":\"https:\\\/\\\/moulindechatressac.com\\\/politique-des-cookies\\\/\",\"name\":\"Politique des Cookies\",\"isPartOf\":{\"@id\":\"https:\\\/\\\/moulindechatressac.com\\\/#website\"},\"datePublished\":\"2025-11-04T14:19:04+00:00\",\"dateModified\":\"2026-04-16T12:06:56+00:00\",\"breadcrumb\":{\"@id\":\"https:\\\/\\\/moulindechatressac.com\\\/politique-des-cookies\\\/#breadcrumb\"},\"inLanguage\":\"es-ES\",\"potentialAction\":[{\"@type\":\"ReadAction\",\"target\":[\"https:\\\/\\\/moulindechatressac.com\\\/politique-des-cookies\\\/\"]}]},{\"@type\":\"BreadcrumbList\",\"@id\":\"https:\\\/\\\/moulindechatressac.com\\\/politique-des-cookies\\\/#breadcrumb\",\"itemListElement\":[{\"@type\":\"ListItem\",\"position\":1,\"name\":\"Accueil\",\"item\":\"https:\\\/\\\/moulindechatressac.com\\\/\"},{\"@type\":\"ListItem\",\"position\":2,\"name\":\"Politique des Cookies\"}]},{\"@type\":\"WebSite\",\"@id\":\"https:\\\/\\\/moulindechatressac.com\\\/#website\",\"url\":\"https:\\\/\\\/moulindechatressac.com\\\/\",\"name\":\"Le Moulin de Chatressac\",\"description\":\"Alojamientos con encanto en un antiguo molino en Charente-Maritime\",\"publisher\":{\"@id\":\"https:\\\/\\\/moulindechatressac.com\\\/#organization\"},\"potentialAction\":[{\"@type\":\"SearchAction\",\"target\":{\"@type\":\"EntryPoint\",\"urlTemplate\":\"https:\\\/\\\/moulindechatressac.com\\\/?s={search_term_string}\"},\"query-input\":{\"@type\":\"PropertyValueSpecification\",\"valueRequired\":true,\"valueName\":\"search_term_string\"}}],\"inLanguage\":\"es-ES\"},{\"@type\":\"Organization\",\"@id\":\"https:\\\/\\\/moulindechatressac.com\\\/#organization\",\"name\":\"Le Moulin de Chatressac\",\"url\":\"https:\\\/\\\/moulindechatressac.com\\\/\",\"logo\":{\"@type\":\"ImageObject\",\"inLanguage\":\"es-ES\",\"@id\":\"https:\\\/\\\/moulindechatressac.com\\\/#\\\/schema\\\/logo\\\/image\\\/\",\"url\":\"https:\\\/\\\/moulindechatressac.com\\\/wp-content\\\/uploads\\\/2026\\\/02\\\/logo-moulin-chatressac.png\",\"contentUrl\":\"https:\\\/\\\/moulindechatressac.com\\\/wp-content\\\/uploads\\\/2026\\\/02\\\/logo-moulin-chatressac.png\",\"width\":546,\"height\":125,\"caption\":\"Le Moulin de Chatressac\"},\"image\":{\"@id\":\"https:\\\/\\\/moulindechatressac.com\\\/#\\\/schema\\\/logo\\\/image\\\/\"}}]}<\/script>\n<!-- \/ Yoast SEO plugin. -->","yoast_head_json":{"title":"Politique des Cookies","robots":{"index":"index","follow":"follow","max-snippet":"max-snippet:-1","max-image-preview":"max-image-preview:large","max-video-preview":"max-video-preview:-1"},"canonical":"https:\/\/moulindechatressac.com\/es\/politique-des-cookies\/","og_locale":"es_ES","og_type":"article","og_title":"[:en]Cookie Policy[:fr]Politique des Cookies[:] - Le Moulin de Chatressac","og_description":"Politique des Cookies Nous utilisons des cookies pour am\u00e9liorer votre exp\u00e9rience sur notre site, analyser le trafic et personnaliser certains contenus. En poursuivant votre navigation, vous acceptez leur utilisation. Vous pouvez g\u00e9rer vos pr\u00e9f\u00e9rences ou refuser les cookies via les param\u00e8tres de votre navigateur.","og_url":"https:\/\/moulindechatressac.com\/es\/politique-des-cookies\/","og_site_name":"Le Moulin de Chatressac","article_modified_time":"2026-04-16T12:06:56+00:00","twitter_card":"summary_large_image","twitter_misc":{"Tiempo de lectura":"1 minuto"},"schema":{"@context":"https:\/\/schema.org","@graph":[{"@type":"WebPage","@id":"https:\/\/moulindechatressac.com\/politique-des-cookies\/","url":"https:\/\/moulindechatressac.com\/politique-des-cookies\/","name":"Politique des Cookies","isPartOf":{"@id":"https:\/\/moulindechatressac.com\/#website"},"datePublished":"2025-11-04T14:19:04+00:00","dateModified":"2026-04-16T12:06:56+00:00","breadcrumb":{"@id":"https:\/\/moulindechatressac.com\/politique-des-cookies\/#breadcrumb"},"inLanguage":"es-ES","potentialAction":[{"@type":"ReadAction","target":["https:\/\/moulindechatressac.com\/politique-des-cookies\/"]}]},{"@type":"BreadcrumbList","@id":"https:\/\/moulindechatressac.com\/politique-des-cookies\/#breadcrumb","itemListElement":[{"@type":"ListItem","position":1,"name":"Accueil","item":"https:\/\/moulindechatressac.com\/"},{"@type":"ListItem","position":2,"name":"Politique des Cookies"}]},{"@type":"WebSite","@id":"https:\/\/moulindechatressac.com\/#website","url":"https:\/\/moulindechatressac.com\/","name":"Le Moulin de Chatressac","description":"Alojamientos con encanto en un antiguo molino en Charente-Maritime","publisher":{"@id":"https:\/\/moulindechatressac.com\/#organization"},"potentialAction":[{"@type":"SearchAction","target":{"@type":"EntryPoint","urlTemplate":"https:\/\/moulindechatressac.com\/?s={search_term_string}"},"query-input":{"@type":"PropertyValueSpecification","valueRequired":true,"valueName":"search_term_string"}}],"inLanguage":"es-ES"},{"@type":"Organization","@id":"https:\/\/moulindechatressac.com\/#organization","name":"Le Moulin de Chatressac","url":"https:\/\/moulindechatressac.com\/","logo":{"@type":"ImageObject","inLanguage":"es-ES","@id":"https:\/\/moulindechatressac.com\/#\/schema\/logo\/image\/","url":"https:\/\/moulindechatressac.com\/wp-content\/uploads\/2026\/02\/logo-moulin-chatressac.png","contentUrl":"https:\/\/moulindechatressac.com\/wp-content\/uploads\/2026\/02\/logo-moulin-chatressac.png","width":546,"height":125,"caption":"Le Moulin de Chatressac"},"image":{"@id":"https:\/\/moulindechatressac.com\/#\/schema\/logo\/image\/"}}]}},"_links":{"self":[{"href":"https:\/\/moulindechatressac.com\/es\/wp-json\/wp\/v2\/pages\/119","targetHints":{"allow":["GET"]}}],"collection":[{"href":"https:\/\/moulindechatressac.com\/es\/wp-json\/wp\/v2\/pages"}],"about":[{"href":"https:\/\/moulindechatressac.com\/es\/wp-json\/wp\/v2\/types\/page"}],"author":[{"embeddable":true,"href":"https:\/\/moulindechatressac.com\/es\/wp-json\/wp\/v2\/users\/1"}],"replies":[{"embeddable":true,"href":"https:\/\/moulindechatressac.com\/es\/wp-json\/wp\/v2\/comments?post=119"}],"version-history":[{"count":7,"href":"https:\/\/moulindechatressac.com\/es\/wp-json\/wp\/v2\/pages\/119\/revisions"}],"predecessor-version":[{"id":916,"href":"https:\/\/moulindechatressac.com\/es\/wp-json\/wp\/v2\/pages\/119\/revisions\/916"}],"wp:attachment":[{"href":"https:\/\/moulindechatressac.com\/es\/wp-json\/wp\/v2\/media?parent=119"}],"curies":[{"name":"wp","href":"https:\/\/api.w.org\/{rel}","templated":true}]}}