{"id":53,"date":"2025-10-30T12:28:30","date_gmt":"2025-10-30T11:28:30","guid":{"rendered":"http:\/\/85.215.153.166\/vezere\/?page_id=53"},"modified":"2026-03-09T16:40:55","modified_gmt":"2026-03-09T15:40:55","slug":"services","status":"publish","type":"page","link":"https:\/\/moulindechatressac.com\/es\/services\/","title":{"rendered":"Servicios"},"content":{"rendered":"\n<div class=\"wp-block-group n-mobile-full-bleed has-n-lightest-brown-background-color has-background is-layout-constrained wp-container-core-group-is-layout-19ac9bc1 wp-block-group-is-layout-constrained\" style=\"border-radius:4px;margin-top:0;margin-bottom:0;padding-top:var(--wp--preset--spacing--60);padding-right:var(--wp--preset--spacing--60);padding-bottom:var(--wp--preset--spacing--60);padding-left:var(--wp--preset--spacing--60)\">\n<div class=\"wp-block-columns are-vertically-aligned-center n-column-reverse is-layout-flex wp-container-core-columns-is-layout-6ef9061c wp-block-columns-is-layout-flex\">\n<div class=\"wp-block-column is-vertically-aligned-center is-layout-flow wp-block-column-is-layout-flow\" style=\"padding-right:0;padding-left:0;flex-basis:33.33%\">\n<div class=\"wp-block-group is-vertical is-layout-flex wp-container-core-group-is-layout-355c4241 wp-block-group-is-layout-flex\">\n<h1 class=\"wp-block-heading has-n-light-brown-color has-text-color has-link-color has-n-outfit-font-family has-small-font-size wp-elements-28ecec067d0fe5ca398eebce945878e5\" style=\"font-style:normal;font-weight:300;letter-spacing:1.5px;text-transform:uppercase\">Nuestros servicios<\/h1>\n\n\n\n<h2 class=\"wp-block-heading has-n-brown-color has-text-color has-link-color has-n-benne-font-family has-gigantic-font-size wp-elements-ec47e803b574f9967d0022b6ddf14de4\" style=\"line-height:1\">Vacaciones sin preocupaciones<\/h2>\n\n\n\n<p class=\"has-n-brown-color has-text-color has-link-color has-n-outfit-font-family wp-elements-cf4630e2b156459df8b72819f7f59751\" style=\"font-size:14px\">En el Molino de Chatressac, hacemos todo lo posible para que su estancia sea sin\u00f3nimo de relajaci\u00f3n, confort y sencillez. Entre la piscina, los espacios exteriores y las instalaciones dise\u00f1adas para su bienestar, solo tendr\u00e1 una cosa que hacer: disfrutar al m\u00e1ximo de su estancia.<\/p>\n\n\n\n<div class=\"wp-block-buttons is-layout-flex wp-block-buttons-is-layout-flex\" style=\"margin-top:var(--wp--preset--spacing--50)\">\n<div class=\"wp-block-button is-style-fill\"><a class=\"wp-block-button__link has-n-outfit-font-family has-small-font-size has-custom-font-size wp-element-button\" href=\"https:\/\/reservation.secureholiday.net\/es\/2606\/\" style=\"border-radius:4px;text-transform:uppercase\">Reservar mis vacaciones<\/a><\/div>\n<\/div>\n<\/div>\n<\/div>\n\n\n\n<div class=\"wp-block-column is-vertically-aligned-center is-layout-flow wp-block-column-is-layout-flow\" style=\"flex-basis:66.66%\">\n<figure class=\"wp-block-image size-full has-custom-border\"><img loading=\"lazy\" decoding=\"async\" width=\"1600\" height=\"1066\" src=\"https:\/\/moulindechatressac.com\/wp-content\/uploads\/2025\/12\/WhatsApp-Image-2025-12-11-at-11.33.56-1.jpeg\" alt=\"\" class=\"wp-image-146\" style=\"border-radius:4px;aspect-ratio:4\/3;object-fit:cover\" srcset=\"https:\/\/moulindechatressac.com\/wp-content\/uploads\/2025\/12\/WhatsApp-Image-2025-12-11-at-11.33.56-1.jpeg 1600w, https:\/\/moulindechatressac.com\/wp-content\/uploads\/2025\/12\/WhatsApp-Image-2025-12-11-at-11.33.56-1-300x200.jpeg 300w, https:\/\/moulindechatressac.com\/wp-content\/uploads\/2025\/12\/WhatsApp-Image-2025-12-11-at-11.33.56-1-1024x682.jpeg 1024w, https:\/\/moulindechatressac.com\/wp-content\/uploads\/2025\/12\/WhatsApp-Image-2025-12-11-at-11.33.56-1-768x512.jpeg 768w, https:\/\/moulindechatressac.com\/wp-content\/uploads\/2025\/12\/WhatsApp-Image-2025-12-11-at-11.33.56-1-1536x1023.jpeg 1536w\" sizes=\"auto, (max-width: 1600px) 100vw, 1600px\" \/><\/figure>\n<\/div>\n<\/div>\n<\/div>\n\n\n\n<div class=\"wp-block-group is-layout-constrained wp-container-core-group-is-layout-4383d167 wp-block-group-is-layout-constrained\">\n<div class=\"wp-block-columns are-vertically-aligned-center is-layout-flex wp-container-core-columns-is-layout-47c06fe3 wp-block-columns-is-layout-flex\">\n<div class=\"wp-block-column is-vertically-aligned-center is-layout-flow wp-block-column-is-layout-flow\" style=\"padding-right:0;padding-left:0;flex-basis:50%\">\n<figure class=\"wp-block-image size-full has-custom-border\"><img loading=\"lazy\" decoding=\"async\" width=\"2560\" height=\"1445\" src=\"https:\/\/moulindechatressac.com\/wp-content\/uploads\/2025\/12\/CIMG0283-scaled.jpg\" alt=\"\" class=\"wp-image-143\" style=\"border-radius:4px;box-shadow:var(--wp--preset--shadow--n-smooth-shadow);aspect-ratio:4\/3;object-fit:cover\" srcset=\"https:\/\/moulindechatressac.com\/wp-content\/uploads\/2025\/12\/CIMG0283-scaled.jpg 2560w, https:\/\/moulindechatressac.com\/wp-content\/uploads\/2025\/12\/CIMG0283-300x169.jpg 300w, https:\/\/moulindechatressac.com\/wp-content\/uploads\/2025\/12\/CIMG0283-1024x578.jpg 1024w, https:\/\/moulindechatressac.com\/wp-content\/uploads\/2025\/12\/CIMG0283-768x433.jpg 768w, https:\/\/moulindechatressac.com\/wp-content\/uploads\/2025\/12\/CIMG0283-1536x867.jpg 1536w, https:\/\/moulindechatressac.com\/wp-content\/uploads\/2025\/12\/CIMG0283-2048x1156.jpg 2048w\" sizes=\"auto, (max-width: 2560px) 100vw, 2560px\" \/><\/figure>\n<\/div>\n\n\n\n<div class=\"wp-block-column is-vertically-aligned-center is-layout-flow wp-container-core-column-is-layout-053e94e8 wp-block-column-is-layout-flow\" style=\"padding-right:0;padding-left:0;flex-basis:50%\">\n<h3 class=\"wp-block-heading has-n-brown-color has-text-color has-link-color has-n-benne-font-family has-large-font-size wp-elements-7aef0d492dcb0f59905e1bae927dbd12\">La Piscina &#038; los Espacios Exteriores<\/h3>\n\n\n\n<p class=\"n-max-text has-n-brown-color has-text-color has-link-color has-n-outfit-font-family wp-elements-07cbd26f913b28c9f2dc58d3ed805524\" style=\"font-size:14px\">Sum\u00e9rjase en nuestra piscina de 13&#215;6 metros, abierta durante la temporada de verano, y disfrute de un entorno id\u00edlico para relajarse al aire libre. Ya sea que quiera nadar, tomar el sol o recargar energ\u00edas, nuestros espacios exteriores est\u00e1n dise\u00f1ados para el bienestar de toda la familia.<\/p>\n\n\n\n<div class=\"wp-block-buttons is-content-justification-left is-nowrap is-layout-flex wp-container-core-buttons-is-layout-fbe9fc48 wp-block-buttons-is-layout-flex\" style=\"margin-top:var(--wp--preset--spacing--50);margin-bottom:0px;padding-top:0px;padding-right:0px;padding-bottom:0px;padding-left:0px\">\n<div class=\"wp-block-button is-style-outline is-style-outline--1\"><a class=\"wp-block-button__link has-n-outfit-font-family has-small-font-size has-text-align-center has-custom-font-size wp-element-button\" href=\"https:\/\/moulindechatressac.com\/es\/services\/piscine\/\" style=\"border-radius:4px;font-style:normal;font-weight:400;letter-spacing:1px;text-transform:uppercase\">Descubrir los espacios exteriores<\/a><\/div>\n<\/div>\n<\/div>\n<\/div>\n\n\n\n<div class=\"wp-block-columns are-vertically-aligned-center n-column-reverse is-layout-flex wp-container-core-columns-is-layout-47c06fe3 wp-block-columns-is-layout-flex\">\n<div class=\"wp-block-column is-vertically-aligned-center is-layout-flow wp-container-core-column-is-layout-053e94e8 wp-block-column-is-layout-flow\" style=\"padding-right:0;padding-left:0;flex-basis:50%\">\n<h3 class=\"wp-block-heading has-n-brown-color has-text-color has-link-color has-n-benne-font-family has-large-font-size wp-elements-2b372661c9ed58c9afd248ef30f77b78\">Confort &#038; Equipamiento<\/h3>\n\n\n\n<p class=\"n-max-text has-n-brown-color has-text-color has-link-color has-n-outfit-font-family wp-elements-3a181712bb7dac92f7bfa42072a064af\" style=\"font-size:14px\">Sus vacaciones deben ser libres de estr\u00e9s. Por eso ponemos a su disposici\u00f3n todo lo necesario para una estancia agradable y pr\u00e1ctica.<\/p>\n\n\n\n<div class=\"wp-block-buttons is-content-justification-left is-nowrap is-layout-flex wp-container-core-buttons-is-layout-fbe9fc48 wp-block-buttons-is-layout-flex\" style=\"margin-top:var(--wp--preset--spacing--50);margin-bottom:0px;padding-top:0px;padding-right:0px;padding-bottom:0px;padding-left:0px\">\n<div class=\"wp-block-button is-style-outline is-style-outline--2\"><a class=\"wp-block-button__link has-n-outfit-font-family has-small-font-size has-text-align-center has-custom-font-size wp-element-button\" href=\"https:\/\/moulindechatressac.com\/es\/services\/confort-equipements\/\" style=\"border-radius:4px;font-style:normal;font-weight:400;letter-spacing:1px;text-transform:uppercase\">Descubrir nuestro equipamiento<\/a><\/div>\n<\/div>\n<\/div>\n\n\n\n<div class=\"wp-block-column is-vertically-aligned-center is-layout-flow wp-block-column-is-layout-flow\" style=\"padding-right:0;padding-left:0;flex-basis:50%\">\n<figure class=\"wp-block-image size-large has-custom-border\" style=\"margin-top:0;margin-right:0;margin-bottom:0;margin-left:0\"><img loading=\"lazy\" decoding=\"async\" width=\"1024\" height=\"1024\" src=\"https:\/\/moulindechatressac.com\/wp-content\/uploads\/2025\/12\/vue-chambre-moulin-de-chatressac-1024x1024.jpg\" alt=\"\" class=\"wp-image-236\" style=\"border-radius:4px;box-shadow:var(--wp--preset--shadow--n-smooth-shadow);aspect-ratio:4\/3;object-fit:cover\" srcset=\"https:\/\/moulindechatressac.com\/wp-content\/uploads\/2025\/12\/vue-chambre-moulin-de-chatressac-1024x1024.jpg 1024w, https:\/\/moulindechatressac.com\/wp-content\/uploads\/2025\/12\/vue-chambre-moulin-de-chatressac-300x300.jpg 300w, https:\/\/moulindechatressac.com\/wp-content\/uploads\/2025\/12\/vue-chambre-moulin-de-chatressac-150x150.jpg 150w, https:\/\/moulindechatressac.com\/wp-content\/uploads\/2025\/12\/vue-chambre-moulin-de-chatressac-768x768.jpg 768w, https:\/\/moulindechatressac.com\/wp-content\/uploads\/2025\/12\/vue-chambre-moulin-de-chatressac.jpg 1036w\" sizes=\"auto, (max-width: 1024px) 100vw, 1024px\" \/><\/figure>\n<\/div>\n<\/div>\n\n\n\n<div class=\"wp-block-columns are-vertically-aligned-center is-layout-flex wp-container-core-columns-is-layout-47c06fe3 wp-block-columns-is-layout-flex\">\n<div class=\"wp-block-column is-vertically-aligned-center is-layout-flow wp-block-column-is-layout-flow\" style=\"padding-right:0;padding-left:0;flex-basis:50%\">\n<figure class=\"wp-block-image size-full has-custom-border\"><img loading=\"lazy\" decoding=\"async\" width=\"1200\" height=\"800\" src=\"https:\/\/moulindechatressac.com\/wp-content\/uploads\/2025\/12\/Moulin-vue-piscine.jpg\" alt=\"\" class=\"wp-image-140\" style=\"border-radius:4px;box-shadow:var(--wp--preset--shadow--n-smooth-shadow);aspect-ratio:4\/3;object-fit:cover\" srcset=\"https:\/\/moulindechatressac.com\/wp-content\/uploads\/2025\/12\/Moulin-vue-piscine.jpg 1200w, https:\/\/moulindechatressac.com\/wp-content\/uploads\/2025\/12\/Moulin-vue-piscine-300x200.jpg 300w, https:\/\/moulindechatressac.com\/wp-content\/uploads\/2025\/12\/Moulin-vue-piscine-1024x683.jpg 1024w, https:\/\/moulindechatressac.com\/wp-content\/uploads\/2025\/12\/Moulin-vue-piscine-768x512.jpg 768w\" sizes=\"auto, (max-width: 1200px) 100vw, 1200px\" \/><\/figure>\n<\/div>\n\n\n\n<div class=\"wp-block-column is-vertically-aligned-center is-layout-flow wp-container-core-column-is-layout-053e94e8 wp-block-column-is-layout-flow\" style=\"padding-right:0;padding-left:0;flex-basis:50%\">\n<h3 class=\"wp-block-heading has-n-brown-color has-text-color has-link-color has-n-benne-font-family has-large-font-size wp-elements-692ef8d180c640787f69255a0f86a0cc\">Ocio &#038; Relax<\/h3>\n\n\n\n<p class=\"n-max-text has-n-brown-color has-text-color has-link-color has-n-outfit-font-family wp-elements-e880c3ba4cb3ddac53d9259c6ddb7fc1\" style=\"font-size:14px\">\u00bfDesea moverse o relajarse? El Molino de Chatressac y sus alrededores ofrecen numerosas actividades para todos los gustos.<\/p>\n\n\n\n<div class=\"wp-block-buttons is-content-justification-left is-nowrap is-layout-flex wp-container-core-buttons-is-layout-fbe9fc48 wp-block-buttons-is-layout-flex\" style=\"margin-top:var(--wp--preset--spacing--50);margin-bottom:0px;padding-top:0px;padding-right:0px;padding-bottom:0px;padding-left:0px\">\n<div class=\"wp-block-button is-style-outline is-style-outline--3\"><a class=\"wp-block-button__link has-n-brown-color has-text-color has-link-color has-border-color has-n-outfit-font-family has-small-font-size has-text-align-center has-custom-font-size wp-element-button\" href=\"https:\/\/moulindechatressac.com\/es\/services\/loisirs-detente\/\" style=\"border-color:#3B2F21;border-width:1px;border-radius:4px;font-style:normal;font-weight:400;letter-spacing:1px;text-transform:uppercase\">Descubrir las actividades alrededor del Molino<\/a><\/div>\n<\/div>\n<\/div>\n<\/div>\n\n\n\n<div class=\"wp-block-columns are-vertically-aligned-center n-column-reverse is-layout-flex wp-container-core-columns-is-layout-47c06fe3 wp-block-columns-is-layout-flex\">\n<div class=\"wp-block-column is-vertically-aligned-center is-layout-flow wp-container-core-column-is-layout-053e94e8 wp-block-column-is-layout-flow\" style=\"padding-right:0;padding-left:0;flex-basis:50%\">\n<h3 class=\"wp-block-heading has-n-brown-color has-text-color has-link-color has-n-benne-font-family has-large-font-size wp-elements-bd663c4fcacf5488e3f3049eadf6e7f0\">Un Entorno Preservado<br><\/h3>\n\n\n\n<p class=\"n-max-text has-n-brown-color has-text-color has-link-color has-n-outfit-font-family wp-elements-2822116f12fedd9e289068ca9b71acb7\" style=\"font-size:14px\">Situado en una zona Natura 2000, el Molino de Chatressac es un refugio de paz para los amantes de la naturaleza. Disfrute de un entorno aut\u00e9ntico y salvaje, donde la tranquilidad y la belleza del paisaje est\u00e1n garantizadas.<\/p>\n\n\n\n<div class=\"wp-block-buttons is-content-justification-left is-nowrap is-layout-flex wp-container-core-buttons-is-layout-fbe9fc48 wp-block-buttons-is-layout-flex\" style=\"margin-top:var(--wp--preset--spacing--50);margin-bottom:0px;padding-top:0px;padding-right:0px;padding-bottom:0px;padding-left:0px\">\n<div class=\"wp-block-button is-style-outline is-style-outline--4\"><a class=\"wp-block-button__link has-n-brown-color has-text-color has-link-color has-border-color has-n-outfit-font-family has-small-font-size has-text-align-center has-custom-font-size wp-element-button\" href=\"https:\/\/moulindechatressac.com\/es\/services\/un-cadre-preserve\/\" style=\"border-color:#3B2F21;border-width:1px;border-radius:4px;font-style:normal;font-weight:400;letter-spacing:1px;text-transform:uppercase\">Descubrir la regi\u00f3n<\/a><\/div>\n<\/div>\n<\/div>\n\n\n\n<div class=\"wp-block-column is-vertically-aligned-center is-layout-flow wp-block-column-is-layout-flow\" style=\"padding-right:0;padding-left:0;flex-basis:50%\">\n<figure class=\"wp-block-image size-full has-custom-border\"><img loading=\"lazy\" decoding=\"async\" width=\"1176\" height=\"882\" src=\"https:\/\/moulindechatressac.com\/wp-content\/uploads\/2025\/12\/marais-moulin-de-chatressac.webp\" alt=\"\" class=\"wp-image-360\" style=\"border-radius:4px;box-shadow:var(--wp--preset--shadow--n-smooth-shadow);aspect-ratio:4\/3;object-fit:cover\" srcset=\"https:\/\/moulindechatressac.com\/wp-content\/uploads\/2025\/12\/marais-moulin-de-chatressac.webp 1176w, https:\/\/moulindechatressac.com\/wp-content\/uploads\/2025\/12\/marais-moulin-de-chatressac-300x225.webp 300w, https:\/\/moulindechatressac.com\/wp-content\/uploads\/2025\/12\/marais-moulin-de-chatressac-1024x768.webp 1024w, https:\/\/moulindechatressac.com\/wp-content\/uploads\/2025\/12\/marais-moulin-de-chatressac-768x576.webp 768w\" sizes=\"auto, (max-width: 1176px) 100vw, 1176px\" \/><\/figure>\n<\/div>\n<\/div>\n<\/div>\n","protected":false},"excerpt":{"rendered":"<p>Nuestros servicios Vacaciones sin preocupaciones En el Molino de Chatressac, hacemos todo lo posible para que su estancia sea sin\u00f3nimo de relajaci\u00f3n, confort y sencillez. Entre la piscina, los espacios exteriores y las instalaciones dise\u00f1adas para su bienestar, solo tendr\u00e1 una cosa que hacer: disfrutar al m\u00e1ximo de su estancia. La Piscina &#038; los Espacios [&hellip;]<\/p>\n","protected":false},"author":1,"featured_media":0,"parent":0,"menu_order":0,"comment_status":"closed","ping_status":"closed","template":"","meta":{"footnotes":""},"class_list":["post-53","page","type-page","status-publish","hentry"],"yoast_head":"<!-- This site is optimized with the Yoast SEO plugin v27.4 - https:\/\/yoast.com\/product\/yoast-seo-wordpress\/ -->\n<title>Servicios<\/title>\n<meta name=\"robots\" content=\"index, follow, max-snippet:-1, max-image-preview:large, max-video-preview:-1\" \/>\n<link rel=\"canonical\" href=\"https:\/\/moulindechatressac.com\/es\/services\/\" \/>\n<meta property=\"og:locale\" content=\"es_ES\" \/>\n<meta property=\"og:locale:alternate\" content=\"en_UK\" \/>\n<meta property=\"og:locale:alternate\" content=\"fr_FR\" \/>\n<meta property=\"og:locale:alternate\" content=\"de_DE\" \/>\n<meta property=\"og:type\" content=\"article\" \/>\n<meta property=\"og:title\" content=\"Servicios\" \/>\n<meta property=\"og:description\" content=\"Nuestros servicios Vacaciones sin preocupaciones En el Molino de Chatressac, hacemos todo lo posible para que su estancia sea sin\u00f3nimo de relajaci\u00f3n, confort y sencillez. Entre la piscina, los espacios exteriores y las instalaciones dise\u00f1adas para su bienestar, solo tendr\u00e1 una cosa que hacer: disfrutar al m\u00e1ximo de su estancia. La Piscina &amp; los Espacios [&hellip;]\" \/>\n<meta property=\"og:url\" content=\"https:\/\/moulindechatressac.com\/es\/services\/\" \/>\n<meta property=\"og:site_name\" content=\"Le Moulin de Chatressac\" \/>\n<meta property=\"article:modified_time\" content=\"2026-03-09T15:40:55+00:00\" \/>\n<meta property=\"og:image\" content=\"https:\/\/moulindechatressac.com\/wp-content\/uploads\/2025\/12\/WhatsApp-Image-2025-12-11-at-11.33.56-1.jpeg\" \/>\n\t<meta property=\"og:image:width\" content=\"1600\" \/>\n\t<meta property=\"og:image:height\" content=\"1066\" \/>\n\t<meta property=\"og:image:type\" content=\"image\/jpeg\" \/>\n<meta name=\"twitter:card\" content=\"summary_large_image\" \/>\n<meta name=\"twitter:label1\" content=\"Tiempo de lectura\" \/>\n\t<meta name=\"twitter:data1\" content=\"3 minutos\" \/>\n<script type=\"application\/ld+json\" class=\"yoast-schema-graph\">{\"@context\":\"https:\\\/\\\/schema.org\",\"@graph\":[{\"@type\":\"WebPage\",\"@id\":\"https:\\\/\\\/moulindechatressac.com\\\/services\\\/\",\"url\":\"https:\\\/\\\/moulindechatressac.com\\\/services\\\/\",\"name\":\"Servicios\",\"isPartOf\":{\"@id\":\"https:\\\/\\\/moulindechatressac.com\\\/#website\"},\"primaryImageOfPage\":{\"@id\":\"https:\\\/\\\/moulindechatressac.com\\\/services\\\/#primaryimage\"},\"image\":{\"@id\":\"https:\\\/\\\/moulindechatressac.com\\\/services\\\/#primaryimage\"},\"thumbnailUrl\":\"https:\\\/\\\/moulindechatressac.com\\\/wp-content\\\/uploads\\\/2025\\\/12\\\/WhatsApp-Image-2025-12-11-at-11.33.56-1.jpeg\",\"datePublished\":\"2025-10-30T11:28:30+00:00\",\"dateModified\":\"2026-03-09T15:40:55+00:00\",\"breadcrumb\":{\"@id\":\"https:\\\/\\\/moulindechatressac.com\\\/services\\\/#breadcrumb\"},\"inLanguage\":\"es-ES\",\"potentialAction\":[{\"@type\":\"ReadAction\",\"target\":[\"https:\\\/\\\/moulindechatressac.com\\\/services\\\/\"]}]},{\"@type\":\"ImageObject\",\"inLanguage\":\"es-ES\",\"@id\":\"https:\\\/\\\/moulindechatressac.com\\\/services\\\/#primaryimage\",\"url\":\"https:\\\/\\\/moulindechatressac.com\\\/wp-content\\\/uploads\\\/2025\\\/12\\\/WhatsApp-Image-2025-12-11-at-11.33.56-1.jpeg\",\"contentUrl\":\"https:\\\/\\\/moulindechatressac.com\\\/wp-content\\\/uploads\\\/2025\\\/12\\\/WhatsApp-Image-2025-12-11-at-11.33.56-1.jpeg\"},{\"@type\":\"BreadcrumbList\",\"@id\":\"https:\\\/\\\/moulindechatressac.com\\\/services\\\/#breadcrumb\",\"itemListElement\":[{\"@type\":\"ListItem\",\"position\":1,\"name\":\"Accueil\",\"item\":\"https:\\\/\\\/moulindechatressac.com\\\/\"},{\"@type\":\"ListItem\",\"position\":2,\"name\":\"Services\"}]},{\"@type\":\"WebSite\",\"@id\":\"https:\\\/\\\/moulindechatressac.com\\\/#website\",\"url\":\"https:\\\/\\\/moulindechatressac.com\\\/\",\"name\":\"Le Moulin de Chatressac\",\"description\":\"Alojamientos con encanto en un antiguo molino en Charente-Maritime\",\"publisher\":{\"@id\":\"https:\\\/\\\/moulindechatressac.com\\\/#organization\"},\"potentialAction\":[{\"@type\":\"SearchAction\",\"target\":{\"@type\":\"EntryPoint\",\"urlTemplate\":\"https:\\\/\\\/moulindechatressac.com\\\/?s={search_term_string}\"},\"query-input\":{\"@type\":\"PropertyValueSpecification\",\"valueRequired\":true,\"valueName\":\"search_term_string\"}}],\"inLanguage\":\"es-ES\"},{\"@type\":\"Organization\",\"@id\":\"https:\\\/\\\/moulindechatressac.com\\\/#organization\",\"name\":\"Le Moulin de Chatressac\",\"url\":\"https:\\\/\\\/moulindechatressac.com\\\/\",\"logo\":{\"@type\":\"ImageObject\",\"inLanguage\":\"es-ES\",\"@id\":\"https:\\\/\\\/moulindechatressac.com\\\/#\\\/schema\\\/logo\\\/image\\\/\",\"url\":\"https:\\\/\\\/moulindechatressac.com\\\/wp-content\\\/uploads\\\/2026\\\/02\\\/logo-moulin-chatressac.png\",\"contentUrl\":\"https:\\\/\\\/moulindechatressac.com\\\/wp-content\\\/uploads\\\/2026\\\/02\\\/logo-moulin-chatressac.png\",\"width\":546,\"height\":125,\"caption\":\"Le Moulin de Chatressac\"},\"image\":{\"@id\":\"https:\\\/\\\/moulindechatressac.com\\\/#\\\/schema\\\/logo\\\/image\\\/\"}}]}<\/script>\n<!-- \/ Yoast SEO plugin. -->","yoast_head_json":{"title":"Servicios","robots":{"index":"index","follow":"follow","max-snippet":"max-snippet:-1","max-image-preview":"max-image-preview:large","max-video-preview":"max-video-preview:-1"},"canonical":"https:\/\/moulindechatressac.com\/es\/services\/","og_locale":"es_ES","og_type":"article","og_title":"[:en]Services[:fr]Services[:es]Servicios[:] - Le Moulin de Chatressac","og_description":"Nuestros servicios Vacaciones sin preocupaciones En el Molino de Chatressac, hacemos todo lo posible para que su estancia sea sin\u00f3nimo de relajaci\u00f3n, confort y sencillez. Entre la piscina, los espacios exteriores y las instalaciones dise\u00f1adas para su bienestar, solo tendr\u00e1 una cosa que hacer: disfrutar al m\u00e1ximo de su estancia. La Piscina &#038; los Espacios [&hellip;]","og_url":"https:\/\/moulindechatressac.com\/es\/services\/","og_site_name":"Le Moulin de Chatressac","article_modified_time":"2026-03-09T15:40:55+00:00","og_image":[{"width":1600,"height":1066,"url":"https:\/\/moulindechatressac.com\/wp-content\/uploads\/2025\/12\/WhatsApp-Image-2025-12-11-at-11.33.56-1.jpeg","type":"image\/jpeg"}],"twitter_card":"summary_large_image","twitter_misc":{"Tiempo de lectura":"3 minutos"},"schema":{"@context":"https:\/\/schema.org","@graph":[{"@type":"WebPage","@id":"https:\/\/moulindechatressac.com\/services\/","url":"https:\/\/moulindechatressac.com\/services\/","name":"Servicios","isPartOf":{"@id":"https:\/\/moulindechatressac.com\/#website"},"primaryImageOfPage":{"@id":"https:\/\/moulindechatressac.com\/services\/#primaryimage"},"image":{"@id":"https:\/\/moulindechatressac.com\/services\/#primaryimage"},"thumbnailUrl":"https:\/\/moulindechatressac.com\/wp-content\/uploads\/2025\/12\/WhatsApp-Image-2025-12-11-at-11.33.56-1.jpeg","datePublished":"2025-10-30T11:28:30+00:00","dateModified":"2026-03-09T15:40:55+00:00","breadcrumb":{"@id":"https:\/\/moulindechatressac.com\/services\/#breadcrumb"},"inLanguage":"es-ES","potentialAction":[{"@type":"ReadAction","target":["https:\/\/moulindechatressac.com\/services\/"]}]},{"@type":"ImageObject","inLanguage":"es-ES","@id":"https:\/\/moulindechatressac.com\/services\/#primaryimage","url":"https:\/\/moulindechatressac.com\/wp-content\/uploads\/2025\/12\/WhatsApp-Image-2025-12-11-at-11.33.56-1.jpeg","contentUrl":"https:\/\/moulindechatressac.com\/wp-content\/uploads\/2025\/12\/WhatsApp-Image-2025-12-11-at-11.33.56-1.jpeg"},{"@type":"BreadcrumbList","@id":"https:\/\/moulindechatressac.com\/services\/#breadcrumb","itemListElement":[{"@type":"ListItem","position":1,"name":"Accueil","item":"https:\/\/moulindechatressac.com\/"},{"@type":"ListItem","position":2,"name":"Services"}]},{"@type":"WebSite","@id":"https:\/\/moulindechatressac.com\/#website","url":"https:\/\/moulindechatressac.com\/","name":"Le Moulin de Chatressac","description":"Alojamientos con encanto en un antiguo molino en Charente-Maritime","publisher":{"@id":"https:\/\/moulindechatressac.com\/#organization"},"potentialAction":[{"@type":"SearchAction","target":{"@type":"EntryPoint","urlTemplate":"https:\/\/moulindechatressac.com\/?s={search_term_string}"},"query-input":{"@type":"PropertyValueSpecification","valueRequired":true,"valueName":"search_term_string"}}],"inLanguage":"es-ES"},{"@type":"Organization","@id":"https:\/\/moulindechatressac.com\/#organization","name":"Le Moulin de Chatressac","url":"https:\/\/moulindechatressac.com\/","logo":{"@type":"ImageObject","inLanguage":"es-ES","@id":"https:\/\/moulindechatressac.com\/#\/schema\/logo\/image\/","url":"https:\/\/moulindechatressac.com\/wp-content\/uploads\/2026\/02\/logo-moulin-chatressac.png","contentUrl":"https:\/\/moulindechatressac.com\/wp-content\/uploads\/2026\/02\/logo-moulin-chatressac.png","width":546,"height":125,"caption":"Le Moulin de Chatressac"},"image":{"@id":"https:\/\/moulindechatressac.com\/#\/schema\/logo\/image\/"}}]}},"_links":{"self":[{"href":"https:\/\/moulindechatressac.com\/es\/wp-json\/wp\/v2\/pages\/53","targetHints":{"allow":["GET"]}}],"collection":[{"href":"https:\/\/moulindechatressac.com\/es\/wp-json\/wp\/v2\/pages"}],"about":[{"href":"https:\/\/moulindechatressac.com\/es\/wp-json\/wp\/v2\/types\/page"}],"author":[{"embeddable":true,"href":"https:\/\/moulindechatressac.com\/es\/wp-json\/wp\/v2\/users\/1"}],"replies":[{"embeddable":true,"href":"https:\/\/moulindechatressac.com\/es\/wp-json\/wp\/v2\/comments?post=53"}],"version-history":[{"count":20,"href":"https:\/\/moulindechatressac.com\/es\/wp-json\/wp\/v2\/pages\/53\/revisions"}],"predecessor-version":[{"id":816,"href":"https:\/\/moulindechatressac.com\/es\/wp-json\/wp\/v2\/pages\/53\/revisions\/816"}],"wp:attachment":[{"href":"https:\/\/moulindechatressac.com\/es\/wp-json\/wp\/v2\/media?parent=53"}],"curies":[{"name":"wp","href":"https:\/\/api.w.org\/{rel}","templated":true}]}}